{"id":1179,"date":"2012-01-17T09:13:47","date_gmt":"2012-01-17T09:13:47","guid":{"rendered":"http:\/\/www.pracamedycyna.pl\/?page_id=1179"},"modified":"2012-05-14T16:55:27","modified_gmt":"2012-05-14T16:55:27","slug":"lekarze-wynagrodzenia-zarobki","status":"publish","type":"page","link":"http:\/\/praca-medycyna.pl\/?page_id=1179","title":{"rendered":"Wynagrodzenia"},"content":{"rendered":"<div>\n<p><strong>WYNAGRODZENIA\u00a0LEKARZY W POLSCE<\/strong><\/p>\n<p>\u00a0\u00a0\u00a0\u00a0\u00a0\u00a0\u00a0\u00a0 Czy lekarze s\u0105 wysoko wynagradzani? M\u00f3wi si\u0119, \u017ce w ostatnich latach pensje tej grupy zawodowej znacz\u0105co wzros\u0142y. Czy wsz\u0119dzie za praswoj\u0105 prace lekarz otrzyma bardzo dobre wynagrodzenie. Jak jest naprawd\u0119. Co si\u0119 bardziej op\u0142\u0105ca praca na etacie na kontrakt a mo\u017ce jeszcze inny spos\u00f3b zatrudnienia. Czytaj ca\u0142y artyku\u0142 i sprawd\u017c ile zarabiaj\u0105 lekarze pracyj\u0105cy w Polsce &#8211; <a title=\"Praca i zarobki lekarzy w Polsce\" href=\"http:\/\/www.regiopraca.pl\/portal\/rynek-pracy\/zarobki-w-regionach\/lekarze-zarabiaja-kokosy-sprawdz-ile-dokladnie\" target=\"_blank\">Artyku\u0142<\/a><\/p>\n<p>\u00a0\u00a0\u00a0\u00a0\u00a0\u00a0\u00a0 Praca lekarzy w Polsce nie wi\u0105\u017ce si\u0119 zazwyczaj z zagro\u017ceniem \u017cycia dla lekarzy, ale jak sprawa wygl\u0105da z prac\u0105 lekarza na polsich misjach wojskowych. Czy lekarze s\u0105 odpowiednio wynagradzania za prac\u0119 w trudnych i niebezpiecznych warunkach. -&gt; <a title=\"Praca lekarza na wojskowych misjach zagranicznych\" href=\"http:\/\/praca.wp.pl\/title,Gdzie-lekarz-zarobi-ponad-20-tys-zl,wid,11924539,wiadomosc-kariera-zarobki.html?ticaid=1e680&amp;_ticrsn=3\" target=\"_blank\">artyku\u0142<\/a><\/p>\n<p>\u00a0\u00a0\u00a0\u00a0\u00a0\u00a0\u00a0\u00a0 Cho\u0107 niekt\u00f3rym (nie)trudno w to uwierzy\u0107, lekarze s\u0105 obecnie najlepiej zarabiaj\u0105c\u0105 grup\u0105 zawodow\u0105 w Polsce. \u015awiadczy o tym przygotowana przez Puls Medycyny Lista P\u0142ac 2009 w ochronie zdrowia. Tak\u017ce coroczny raport przygotowywany przez resort zdrowia potwierdza t\u0119 tez\u0119. <a title=\"Zarobki lekarzy w Polsce\" href=\"http:\/\/www.pulsmedycyny.com.pl\/index\/archiwum\/11743\/1.html\" target=\"_blank\">Wi\u0119cej&#8230;.<br \/>\n<\/a><\/p>\n<p>\u00a0\u00a0\u00a0\u00a0\u00a0\u00a0\u00a0\u00a0\u00a0 Z raportu Ministerstwa Zdrowia z\u00a02009 r. wynika, \u017ce lekarz na etacie bez specjalizacji zarabia 2,9 tys. z\u0142 brutto, z\u00a0dy\u017curami mo\u017ce zarobi\u0107 nawet 5,6 tys. z\u0142, a\u00a0b\u0119d\u0105c pracownikiem kontraktowym &#8211; 7,4 tys. z\u0142. Specjalista I\u00a0stopnia nie mo\u017ce liczy\u0107 na wielkie podwy\u017cki ze wzgl\u0119du na uzyskany tytu\u0142 &#8211; jego wynagrodzenie wynosi na etacie 3,4 tys. z\u0142, z\u00a0dy\u017curami 7,1 tys. z\u0142 \u00a0<a title=\"Wynagrodzenie lekarzy w karaju\" href=\"http:\/\/biznes.interia.pl\/praca\/news\/lekarze-wola-pracowac-w-kraju-tutaj-zarabiaja-dosyc,1762799,4204\" target=\"_blank\">Wi\u0119cej&#8230;..<\/a><\/p>\n<p><strong><\/strong>\u00a0<\/p>\n<p><strong>WYNAGRODZENIA LEKARZY ZA GRANIC\u0104\u00a0<\/strong><\/p>\n<\/div>\n<p><strong>Niemiecki zwi\u0105zek zawodowy lekarzy<\/strong> &#8211; oko\u0142o 100 tys cz\u0142onk\u00f3w <a href=\"http:\/\/www.marburger-bund.de\/\">http:\/\/www.marburger-bund.de<\/a>. Na zstronach zwi\u0105zku znajduj\u0105 informaje o taryfikatorze\u00a0wynagrodze\u0144 lekarzy w Niemczech ustalanych w zale\u017cno\u015bci od do\u015bwiadczenia i stopnia specjalizacji lekarza oraz aktualno\u015bci z rynku pracy lekarzy w Niemczech.<\/p>\n<p>Praca lekarzy w Niemczech &#8211; <strong>tabela wynagrodze\u0144\u00a0w 2012 roku.<\/strong> W por\u00f3wnaniu z 2010 wynagrodzneia wzros\u0142y \u015brednio o oko\u0142o 200 Eur.<\/p>\n<p>Link do tabeli z wynagrodzeniami lekarzy w Niemczech ustalonymi na <a title=\"Wynagrodzenia lekarzy w Niemczech 2012\" href=\"http:\/\/www.marburger-bund.de\/tarifpolitik\/vka\/Tarifrunde_2011\/Entgelttabelle-VKA-ab-1--Januar-2012.pdf\" target=\"_blank\">2012 r<\/a><\/p>\n<div id=\"Sekcja2\" style=\"background: #e6e6ff;\" dir=\"ltr\">\n<table width=\"598\" border=\"1\" frame=\"below\" rules=\"groups\" cellspacing=\"0\" cellpadding=\"2\">\n<colgroup>\n<col width=\"155\" \/>\n<col width=\"76\" \/>\n<col width=\"74\" \/>\n<col width=\"79\" \/>\n<col width=\"79\" \/>\n<col width=\"111\" \/><\/colgroup>\n<tbody>\n<tr>\n<td colspan=\"4\" width=\"396\" height=\"16\"><strong>Wynagrodzenie lekarzy w Niemczech w roku 2009 <\/strong><\/td>\n<td width=\"79\">\u00a0<\/td>\n<td width=\"111\">\u00a0<\/td>\n<\/tr>\n<tr>\n<td width=\"155\" height=\"13\">\u00a0<\/td>\n<td width=\"76\">\u00a0<\/td>\n<td width=\"74\">\u00a0<\/td>\n<td width=\"79\">\u00a0<\/td>\n<td width=\"79\">\u00a0<\/td>\n<td width=\"111\">\u00a0<\/td>\n<\/tr>\n<\/tbody>\n<tbody>\n<tr>\n<td bgcolor=\"#cccccc\" width=\"155\" height=\"13\">\n<p style=\"font-weight: normal;\">ab dem\u00a0<\/p>\n<\/td>\n<td bgcolor=\"#cccccc\" width=\"76\">\n<p style=\"border: none; padding: 0cm;\"><strong>1. Jahr\u00a0<\/strong><\/p>\n<\/td>\n<td bgcolor=\"#cccccc\" width=\"74\">\n<p style=\"border: none; padding: 0cm;\"><strong>2. Jahr\u00a0<\/strong><\/p>\n<\/td>\n<td bgcolor=\"#cccccc\" width=\"79\">\n<p style=\"border: none; padding: 0cm;\"><strong>3. Jahr\u00a0<\/strong><\/p>\n<\/td>\n<td bgcolor=\"#cccccc\" width=\"79\">\n<p style=\"border: none; padding: 0cm;\"><strong>4 1\/2. Jahr<\/strong><\/p>\n<\/td>\n<td bgcolor=\"#cccccc\" width=\"111\">\n<p style=\"border: none; padding: 0cm;\"><strong>6. Jahr<\/strong><\/p>\n<\/td>\n<\/tr>\n<\/tbody>\n<tbody>\n<tr>\n<td width=\"155\" height=\"13\">\n<p style=\"border: none; padding: 0cm;\"><strong>Arzt\u00a0<\/strong><\/p>\n<\/td>\n<td width=\"76\">\n<p style=\"border: none; padding: 0cm;\">3.662,66 \u20ac\u00a0<\/p>\n<\/td>\n<td width=\"74\">\n<p style=\"border: none; padding: 0cm;\">3.870,26 \u20ac\u00a0<\/p>\n<\/td>\n<td width=\"79\">\n<p style=\"border: none; padding: 0cm;\">4.018,54 \u20ac\u00a0<\/p>\n<\/td>\n<td width=\"79\">\n<p style=\"border: none; padding: 0cm;\">4.275,57 \u20ac\u00a0<\/p>\n<\/td>\n<td width=\"111\">\n<p style=\"border: none; padding: 0cm;\">4.582,03 \u20ac<\/p>\n<\/td>\n<\/tr>\n<\/tbody>\n<tbody>\n<tr>\n<td bgcolor=\"#cccccc\" width=\"155\" height=\"13\">\n<p style=\"border: none; padding: 0cm; font-weight: normal;\">ab dem\u00a0<\/p>\n<\/td>\n<td bgcolor=\"#cccccc\" width=\"76\">\n<p style=\"border: none; padding: 0cm;\"><strong>\u00a01. Jahr\u00a0<\/strong><\/p>\n<\/td>\n<td bgcolor=\"#cccccc\" width=\"74\">\n<p style=\"border: none; padding: 0cm;\"><strong>4. Jahr\u00a0<\/strong><\/p>\n<\/td>\n<td bgcolor=\"#cccccc\" width=\"79\">\n<p style=\"border: none; padding: 0cm;\"><strong>7. Jahr\u00a0<\/strong><\/p>\n<\/td>\n<td bgcolor=\"#cccccc\" width=\"79\">\n<p style=\"border: none; padding: 0cm;\"><strong>11. Jahr<\/strong><\/p>\n<\/td>\n<td bgcolor=\"#cccccc\" width=\"111\">\n<p style=\"border: none; padding: 0cm;\"><strong>16. Jahr<\/strong><\/p>\n<\/td>\n<\/tr>\n<\/tbody>\n<tbody>\n<tr>\n<td width=\"155\" height=\"13\">\n<p style=\"border: none; padding: 0cm;\"><strong>Facharzt<\/strong><\/p>\n<\/td>\n<td width=\"76\">\n<p style=\"border: none; padding: 0cm;\">\u00a04.834,11\u20ac\u00a0<\/p>\n<\/td>\n<td width=\"74\">\n<p style=\"border: none; padding: 0cm;\">5.239,43\u20ac\u00a0<\/p>\n<\/td>\n<td width=\"79\">\n<p style=\"border: none; padding: 0cm;\">5.595,32\u20ac\u00a0<\/p>\n<\/td>\n<td width=\"79\">\n<p style=\"border: none; padding: 0cm;\">5.802,92\u20ac\u00a0<\/p>\n<\/td>\n<td width=\"111\">\n<p style=\"border: none; padding: 0cm;\">6.005,57\u20ac<\/p>\n<\/td>\n<\/tr>\n<\/tbody>\n<tbody>\n<tr>\n<td width=\"155\" height=\"13\">\n<p style=\"border: none; padding: 0cm;\"><strong>Oberarzt<\/strong><\/p>\n<\/td>\n<td width=\"76\">\n<p style=\"border: none; padding: 0cm;\">\u00a06.055,00\u20ac\u00a0<\/p>\n<\/td>\n<td width=\"74\">\n<p style=\"border: none; padding: 0cm;\">6.410,89\u20ac<\/p>\n<\/td>\n<td width=\"79\">\n<p style=\"border: none; padding: 0cm;\">\u00a0<\/p>\n<\/td>\n<td width=\"79\">\n<p style=\"border: none; padding: 0cm;\">\u00a0<\/p>\n<\/td>\n<td width=\"111\">\n<p style=\"border: none; padding: 0cm;\">\u00a0<\/p>\n<\/td>\n<\/tr>\n<\/tbody>\n<tbody>\n<tr>\n<td width=\"155\" height=\"12\">\n<p style=\"border: none; padding: 0cm;\"><strong>CA-Vertreter\u00a0<\/strong><\/p>\n<\/td>\n<td width=\"76\">\n<p style=\"border: none; padding: 0cm;\">\u00a0\u00a07.122,65\u20ac<\/p>\n<\/td>\n<td width=\"74\">\n<p style=\"border: none; padding: 0cm;\">\u00a0<\/p>\n<\/td>\n<td width=\"79\">\n<p style=\"border: none; padding: 0cm;\">\u00a0<\/p>\n<\/td>\n<td width=\"79\">\n<p style=\"border: none; padding: 0cm;\">\u00a0<\/p>\n<\/td>\n<td width=\"111\">\n<p style=\"border: none; padding: 0cm;\">\u00a0<\/p>\n<\/td>\n<\/tr>\n<\/tbody>\n<\/table>\n<p style=\"margin-bottom: 0.2cm;\" align=\"left\"><span style=\"color: #000000;\"><span style=\"font-family: Arial, sans-serif;\"><span style=\"font-size: xx-small;\"><em>\u017br\u00f3d\u0142o:VKA\u00a0<\/em><\/span><\/span><\/span><\/p>\n<p style=\"margin-bottom: 0.2cm;\" align=\"left\"><span style=\"color: #000000;\"><span style=\"font-family: Arial, sans-serif;\"><span style=\"font-size: xx-small;\"><em>\u00a0<a title=\"Wynagrodzenia lekarzy w Niemczech\" href=\"http:\/\/www.vka.de\/media\/exe\/18\/97cf44ead097ebe5f2290f5427c80668\/tv-rzte_vka_if_tv-2.pdf\" target=\"_blank\">link do danych z VKA z 2010 <\/a><\/em><\/span><\/span><\/span><\/p>\n<p style=\"margin-bottom: 0.1cm;\" align=\"left\">\u00a0<\/p>\n<p style=\"margin-bottom: 0.2cm; font-style: normal;\" align=\"left\"><span style=\"color: #000000;\"><span style=\"font-family: Arial, sans-serif;\"><span style=\"font-size: x-small;\"><strong>Informacje o przyk\u0142adowej wysoko\u015bci rocznego wynagrodzenia dla lekarzy r\u00f3\u017cnych<br \/>\nspecjalno\u015bci w Niemczech<\/strong><\/span><\/span><\/span><\/p>\n<p style=\"margin-top: 0.1cm; margin-bottom: 0.1cm;\"><span style=\"font-family: Times New Roman, serif;\"><span style=\"font-size: x-small;\">Chirurg: od 65.000 \u20ac<\/span><\/span><\/p>\n<p style=\"margin-top: 0.1cm; margin-bottom: 0.1cm;\"><span style=\"font-family: Times New Roman, serif;\"><span style=\"font-size: x-small;\">Dermatolog: od 65.000 \u20ac<\/span><\/span><\/p>\n<p style=\"margin-top: 0.1cm; margin-bottom: 0.1cm;\"><span style=\"font-family: Times New Roman, serif;\"><span style=\"font-size: x-small;\">Anestezjolog: od 54.000 \u20ac do 67.200 \u20ac<\/span><\/span><\/p>\n<p style=\"margin-top: 0.1cm; margin-bottom: 0.1cm;\"><span style=\"font-family: Times New Roman, serif;\"><span style=\"font-size: x-small;\">Ginekolog: od 65.000 \u20ac<\/span><\/span><\/p>\n<p style=\"margin-top: 0.1cm; margin-bottom: 0.1cm;\"><span style=\"font-family: Times New Roman, serif;\"><span style=\"font-size: x-small;\">Urolog: od 65.000 \u20ac<\/span><\/span><\/p>\n<p style=\"margin-top: 0.1cm; margin-bottom: 0.1cm;\"><span style=\"font-family: Times New Roman, serif;\"><span style=\"font-size: x-small;\">Ortopeda: od 65.000 \u20ac<\/span><\/span><\/p>\n<p style=\"margin-top: 0.1cm; margin-bottom: 0.1cm;\"><span style=\"font-family: Times New Roman, serif;\"><span style=\"font-size: x-small;\">Asystent: od 54.000 \u20ac bis 67.200 \u20ac<\/span><\/span><\/p>\n<p style=\"margin-top: 0.1cm; margin-bottom: 0.1cm;\"><span style=\"font-family: Times New Roman, serif;\"><span style=\"font-size: x-small;\">Internista: od 65.000 \u20ac<\/span><\/span><\/p>\n<p style=\"margin-top: 0.1cm; margin-bottom: 0.1cm;\"><span style=\"font-family: Times New Roman, serif;\"><span style=\"font-size: x-small;\">Okulista: od 65.000 \u20ac<\/span><\/span><\/p>\n<p style=\"margin-top: 0.1cm; margin-bottom: 0.1cm;\"><span style=\"font-family: Times New Roman, serif;\"><span style=\"font-size: x-small;\">Psychiatra: od 65.000 \u20ac<\/span><\/span><\/p>\n<p style=\"margin-bottom: 0.2cm;\" align=\"left\"><span style=\"color: #000000;\"><span style=\"font-family: Arial, sans-serif;\"><span style=\"font-size: xx-small;\"><em>\u017br\u00f3d\u0142o:\u00a0 dane\u00a0od Niemieckich agencji pracy specjalizuj\u0105cych si\u0119 w rekrutacji leakrzy<\/em><\/span><\/span><\/span>\u00a0<\/p>\n<p style=\"margin-bottom: 0.2cm;\" align=\"left\">\u00a0<\/p>\n<\/div>\n","protected":false},"excerpt":{"rendered":"<p>WYNAGRODZENIA\u00a0LEKARZY W POLSCE \u00a0\u00a0\u00a0\u00a0\u00a0\u00a0\u00a0\u00a0 Czy lekarze s\u0105 wysoko wynagradzani? M\u00f3wi si\u0119, \u017ce w ostatnich latach pensje tej grupy zawodowej znacz\u0105co wzros\u0142y. Czy wsz\u0119dzie za praswoj\u0105 prace lekarz otrzyma bardzo dobre wynagrodzenie. Jak jest naprawd\u0119. Co si\u0119 bardziej op\u0142\u0105ca praca na etacie na kontrakt a mo\u017ce jeszcze inny spos\u00f3b zatrudnienia. Czytaj ca\u0142y artyku\u0142 i sprawd\u017c ile&hellip; <br \/> <a class=\"read-more\" href=\"http:\/\/praca-medycyna.pl\/?page_id=1179\">Read more<\/a><\/p>\n","protected":false},"author":2,"featured_media":0,"parent":0,"menu_order":0,"comment_status":"closed","ping_status":"closed","template":"","meta":{"footnotes":""},"class_list":["post-1179","page","type-page","status-publish","hentry"],"_links":{"self":[{"href":"http:\/\/praca-medycyna.pl\/index.php?rest_route=\/wp\/v2\/pages\/1179","targetHints":{"allow":["GET"]}}],"collection":[{"href":"http:\/\/praca-medycyna.pl\/index.php?rest_route=\/wp\/v2\/pages"}],"about":[{"href":"http:\/\/praca-medycyna.pl\/index.php?rest_route=\/wp\/v2\/types\/page"}],"author":[{"embeddable":true,"href":"http:\/\/praca-medycyna.pl\/index.php?rest_route=\/wp\/v2\/users\/2"}],"replies":[{"embeddable":true,"href":"http:\/\/praca-medycyna.pl\/index.php?rest_route=%2Fwp%2Fv2%2Fcomments&post=1179"}],"version-history":[{"count":16,"href":"http:\/\/praca-medycyna.pl\/index.php?rest_route=\/wp\/v2\/pages\/1179\/revisions"}],"predecessor-version":[{"id":1182,"href":"http:\/\/praca-medycyna.pl\/index.php?rest_route=\/wp\/v2\/pages\/1179\/revisions\/1182"}],"wp:attachment":[{"href":"http:\/\/praca-medycyna.pl\/index.php?rest_route=%2Fwp%2Fv2%2Fmedia&parent=1179"}],"curies":[{"name":"wp","href":"https:\/\/api.w.org\/{rel}","templated":true}]}}