{"id":1291,"date":"2012-01-20T12:31:48","date_gmt":"2012-01-20T12:31:48","guid":{"rendered":"http:\/\/www.pracamedycyna.pl\/?page_id=1291"},"modified":"2012-06-25T11:46:48","modified_gmt":"2012-06-25T11:46:48","slug":"fora-z-ofertami-pracy-dla-lekarzy","status":"publish","type":"page","link":"http:\/\/praca-medycyna.pl\/?page_id=1291","title":{"rendered":"Fora z ofertami pracy dla lekarzy"},"content":{"rendered":"<p>Poni\u017cej znajd\u0105 Pa\u0144stwo linki do ofert pracy dla lekarzy oraz innych pracownik\u00f3w w bran\u017cy medycznej i s\u0142u\u017cbiy zdrowia, kt\u00f3re znajduj\u0105 si\u0119 na poni\u017cszych\u00a0forach<\/p>\n<p><strong>&#8211; fora dla lekarzy &#8211; oferty pracy:<\/strong><\/p>\n<p><a title=\"Praca lekarz\" href=\"http:\/\/medykforum.pl\/praca-dla-lekarzy\/\" target=\"_blank\">http:\/\/medykforum.pl\/praca-dla-lekarzy\/<\/a><\/p>\n<p><a title=\"Praca lekarz, oferty pracy\" href=\"http:\/\/www.mp.pl\/praca\/index.php\" target=\"_blank\">http:\/\/www.mp.pl\/praca\/index.php<\/a><\/p>\n<p><a title=\"Praca lekarz, oferty\" href=\"http:\/\/medfor.me\/index.php?\/forum\/120-praca\/\" target=\"_blank\">http:\/\/medfor.me\/index.php?\/forum\/120-praca\/<\/a><\/p>\n<p><a title=\"Praca lekarz, oferty\" href=\"http:\/\/www.mlodylekarz.pl\/forums\/ogoszenia.html\" target=\"_blank\">http:\/\/www.mlodylekarz.pl\/forums\/ogoszenia.html<\/a><\/p>\n<p><a title=\"Praca lekarz, oferty\" href=\"http:\/\/www.nil.org.pl\/praca\/oferty-dla-lekarzy\" target=\"_blank\">http:\/\/www.nil.org.pl\/praca\/oferty-dla-lekarzy<\/a><\/p>\n<p><strong><\/strong>\u00a0<\/p>\n<p><strong>&#8211; fora piel\u0119gniarskie &#8211; oferty pracy<\/strong><\/p>\n<p><a title=\"Praca piel\u0119gniarka, oferty\" href=\"http:\/\/www.forum-pielegniarek.pl\/viewforum.php?f=26\" target=\"_blank\">http:\/\/www.forum-pielegniarek.pl\/viewforum.php?f=26<\/a><\/p>\n<p><a title=\"Praca piel\u0119gniarka oferty\" href=\"http:\/\/free4web.pl\/3\/0,120810,default.html\" target=\"_blank\">http:\/\/free4web.pl\/3\/0,120810,default.html<\/a><\/p>\n<p><strong><\/strong>\u00a0<\/p>\n<p><strong>&#8211; fora farmaceuci &#8211; oferty pracy:<\/strong><\/p>\n<p><a title=\"Praca farmaceuta\" href=\"http:\/\/forum-farmaceutyczne.org\/forum\/104-praca\/\" target=\"_blank\">http:\/\/forum-farmaceutyczne.org\/forum\/104-praca\/<\/a><\/p>\n<p><strong>\u00a0<\/strong><\/p>\n<p><strong>&#8211; fora ratownictwo medyczne &#8211; oferty pracy:<\/strong><\/p>\n<p><a title=\"Praca lekarz, ratownik medyczny, oferty\" href=\"http:\/\/ratownik-med.pl\/index.php\/forum\/7-rynek-pracy.html\" target=\"_blank\">http:\/\/ratownik-med.pl\/index.php\/forum\/7-rynek-pracy.html<\/a><\/p>\n<p>&nbsp;<\/p>\n","protected":false},"excerpt":{"rendered":"<p>Poni\u017cej znajd\u0105 Pa\u0144stwo linki do ofert pracy dla lekarzy oraz innych pracownik\u00f3w w bran\u017cy medycznej i s\u0142u\u017cbiy zdrowia, kt\u00f3re znajduj\u0105 si\u0119 na poni\u017cszych\u00a0forach &#8211; fora dla lekarzy &#8211; oferty pracy: http:\/\/medykforum.pl\/praca-dla-lekarzy\/ http:\/\/www.mp.pl\/praca\/index.php http:\/\/medfor.me\/index.php?\/forum\/120-praca\/ http:\/\/www.mlodylekarz.pl\/forums\/ogoszenia.html http:\/\/www.nil.org.pl\/praca\/oferty-dla-lekarzy \u00a0 &#8211; fora piel\u0119gniarskie &#8211; oferty pracy http:\/\/www.forum-pielegniarek.pl\/viewforum.php?f=26 http:\/\/free4web.pl\/3\/0,120810,default.html \u00a0 &#8211; fora farmaceuci &#8211; oferty pracy: http:\/\/forum-farmaceutyczne.org\/forum\/104-praca\/ \u00a0 &#8211; fora&hellip; <br \/> <a class=\"read-more\" href=\"http:\/\/praca-medycyna.pl\/?page_id=1291\">Read more<\/a><\/p>\n","protected":false},"author":2,"featured_media":0,"parent":0,"menu_order":0,"comment_status":"closed","ping_status":"closed","template":"","meta":{"footnotes":""},"class_list":["post-1291","page","type-page","status-publish","hentry"],"_links":{"self":[{"href":"http:\/\/praca-medycyna.pl\/index.php?rest_route=\/wp\/v2\/pages\/1291","targetHints":{"allow":["GET"]}}],"collection":[{"href":"http:\/\/praca-medycyna.pl\/index.php?rest_route=\/wp\/v2\/pages"}],"about":[{"href":"http:\/\/praca-medycyna.pl\/index.php?rest_route=\/wp\/v2\/types\/page"}],"author":[{"embeddable":true,"href":"http:\/\/praca-medycyna.pl\/index.php?rest_route=\/wp\/v2\/users\/2"}],"replies":[{"embeddable":true,"href":"http:\/\/praca-medycyna.pl\/index.php?rest_route=%2Fwp%2Fv2%2Fcomments&post=1291"}],"version-history":[{"count":12,"href":"http:\/\/praca-medycyna.pl\/index.php?rest_route=\/wp\/v2\/pages\/1291\/revisions"}],"predecessor-version":[{"id":2937,"href":"http:\/\/praca-medycyna.pl\/index.php?rest_route=\/wp\/v2\/pages\/1291\/revisions\/2937"}],"wp:attachment":[{"href":"http:\/\/praca-medycyna.pl\/index.php?rest_route=%2Fwp%2Fv2%2Fmedia&parent=1291"}],"curies":[{"name":"wp","href":"https:\/\/api.w.org\/{rel}","templated":true}]}}