{"id":1408,"date":"2012-01-26T11:00:11","date_gmt":"2012-01-26T11:00:11","guid":{"rendered":"http:\/\/www.pracamedycyna.pl\/?page_id=1408"},"modified":"2012-10-08T13:15:45","modified_gmt":"2012-10-08T13:15:45","slug":"szkolenia-medycyna","status":"publish","type":"page","link":"http:\/\/praca-medycyna.pl\/?page_id=1408","title":{"rendered":"SZKOLENIA \/ KURSY"},"content":{"rendered":"<p class=\"wpcf7-contact-form-not-found\"><strong>Error:<\/strong> Contact form not found.<\/p>\n<p>&nbsp;<\/p>\n<p>&nbsp;<\/p>\n<p>Szkolenia:<\/p>\n<p>1. Kurs anelgezji regionalnej<\/p>\n<p>Szanowni Pa\u0144stwo!<\/p>\n<p>Szko\u0142a Analgezji Regionalnej zaprasza na II specjalistyczny kurs analgezji regionalnej. Zaj\u0119cia praktyczne realizowane b\u0119d\u0105 w szpitalach klinicznych w Poznaniu i Warszawie. Kurs trwa od 9 do 30 czerwca 2012. W programie szkolenia prowadzone s\u0105 zaj\u0119cia teoretyczne i praktyczne obejmuj\u0105ce mi\u0119dzy innymi zagadnienia:<\/p>\n<ul>\n<li>Techniki blokad, w tym blokady uk\u0142adu wsp\u00f3\u0142czulnego;<\/li>\n<li>Termolezja;<\/li>\n<li>Neurostymulacja USG;<\/li>\n<li>Analgezja regionalna:<br \/>\n\u00a0\u00a0\u00a0\u00a0&#8211; w po\u0142o\u017cnictwie i ginekologii,<br \/>\n\u00a0\u00a0\u00a0\u00a0&#8211; w pediatrii,<br \/>\n\u00a0\u00a0\u00a0 &#8211;\u00a0w ortopedii,<br \/>\n\u00a0\u00a0\u00a0\u00a0&#8211; w poradni leczenia b\u00f3lu,<br \/>\n\u00a0\u00a0\u00a0\u00a0&#8211; w chirurgii onkologicznej i chirurgii naczy\u0144.<\/li>\n<\/ul>\n<p>Zaj\u0119cia teoretyczne i praktyczne prowadzone b\u0119d\u0105 przez zesp\u00f3\u0142 ekspercki, w sk\u0142ad kt\u00f3rego wchodz\u0105: Dr n. med. Marcin Rawicz Katedra Anestezjologii i Intensywnej Terapii Dzieci\u0119cej Warszawskiego Uniwersytetu Medycznego; Dr hab. med. Micha\u0142 Gaca, Kierownik Kliniki Anestezjologii w Po\u0142o\u017cnictwie i Ginekologii Katedry Anestezjologii i Intensywnej Terapii Uniwersytetu Medycznego w Poznaniu; Dr n. med. Grzegorz Kowalski Katedra i Klinika Medycyny Paliatywnej Uniwersytetu Medycznego im. K. Marcinkowskiego w Poznaniu; Dr n. med. Tomasz Reysner Oddzia\u0142 Intensywnej Opieki Medycznej i Pooperacyjnej, Ortopedyczno &#8211; rehabilitacyjny Szpital Kliniczny nr 4 Uniwersytetu Medycznego w Poznaniu; Dr n. med. Luay Al-Qadi Kierownik Niepublicznego Zak\u0142adu Opieki Zdrowotnej ETER Centrum Medycyny B\u00f3lu w Opolu.<\/p>\n<p>Szczeg\u00f3\u0142owy program i rejestracja na <a href=\"http:\/\/www.analgezja-regionalna.pl\/\">www.analgezja-regionalna.pl<\/a><\/p>\n<p>Serdecznie Zapraszam<\/p>\n<p>Przewodnicz\u0105cy Komitetu Naukowego<br \/>\nProf. dr hab. n. med. Leon Drobnik<\/p>\n<p>&nbsp;<\/p>\n<p>2. <strong>Informujemy, \u017ce od dnia 15 kwietnia 2012 (niedziela) rozpoczynaj\u0105 si\u0119 zapisy na kurs przygotowuj\u0105cy do Lekarskiego Egzaminu Pa\u0144stwowego \u201eZdaj LEP-iej\u201d. Szczeg\u00f3\u0142owe informacje znajduj\u0105 si\u0119 na stronie\u00a0<a href=\"http:\/\/www.mlodylekarz.pl\/index.php\/edukacja46\/kursy-lep\/kurs-lato-2012\/informacje-o-kursie32\" target=\"_blank\">www.mlodylekarz.pl<\/a><\/strong><\/p>\n<p><strong>\u00a0<\/strong><\/p>\n<p><strong>Kurs Zdaj LEP-iej<\/strong><\/p>\n<ul>\n<li>Do\u015bwiadczenie wyk\u0142adowc\u00f3w<\/li>\n<li>Om\u00f3wienie pyta\u0144 z ostatniej edycji LEP<\/li>\n<li>Zwr\u00f3cenie uwagi na najwa\u017cniejsze zagadnienia poruszane na egzaminie<\/li>\n<li>Bezp\u0142atny dost\u0119p dla uczestnik\u00f3w kursu do nowej bazy 2000 pyta\u0144 testowych u\u0142atwiaj\u0105cych nauk\u0119 do egzaminu i umo\u017cliwiaj\u0105cych sprawdzenie swojej wiedzy<\/li>\n<li>Wyczerpuj\u0105ce materia\u0142y edukacyjne (w ostatniej edycji ponad 1600 slajd\u00f3w)<\/li>\n<\/ul>\n<p><strong>\u00a0<\/strong><strong>Kurs Zdaj LEP-iej to:<\/strong><\/p>\n<ul>\n<li>Blisko 4000 zadowolonych uczestnik\u00f3w<\/li>\n<li>Do\u015bwiadczeni wyk\u0142adowcy<\/li>\n<li>32 godziny wyk\u0142ad\u00f3w<\/li>\n<li>Om\u00f3wienie pyta\u0144 z ostatniej edycji LEP (nie b\u0119dziesz musia\u0142 szuka\u0107 w ksi\u0105\u017ckach dlaczego dana odpowied\u017a jest prawid\u0142owa)<\/li>\n<li>Wyczerpuj\u0105ce materia\u0142y edukacyjne<\/li>\n<li>Ponad 1600 slajd\u00f3w na ostatniej edycji kursu<\/li>\n<li>Tips and trics, czyli wszystko to, czego na slajdach nie ma<\/li>\n<li>Bezp\u0142atny dost\u0119p do specjalnie w tym celu przygotowanej bazy 2000 nowych pyta\u0144 testowych u\u0142atwiaj\u0105cych nauk\u0119 do egzaminu i umo\u017cliwiaj\u0105cych sprawdzenie swojej wiedzy (baza b\u0119dzie dost\u0119pna wy\u0142\u0105cznie dla uczestnik\u00f3w kursu)<\/li>\n<li>Wi\u0119cej punkt\u00f3w na LEPie to wi\u0119ksza szansa na otwarcie specjalizacji i rezydentur\u0119<\/li>\n<\/ul>\n<p>&nbsp;<\/p>\n<p><strong>Termin kursu w poszczeg\u00f3lnych\u00a0<\/strong><strong>miastach<\/strong><br \/>\nWarszawa 16-19 sierpnia 2012 r. (czwartek-niedziela)<br \/>\nGda\u0144sk 16-19 sierpnia 2012 r. (czwartek-niedziela)<\/p>\n<p><strong>Cena obejmuje:<\/strong><\/p>\n<ul>\n<ul>\n<li>udzia\u0142 w 4-dniowym kursie zako\u0144czonym testem,<\/li>\n<li>przerwy kawowe,<\/li>\n<li>wyczerpuj\u0105ce materia\u0142y kursowe,<\/li>\n<li>dost\u0119p do przygotowanej specjalnie w tym celu bazy 2000\u00a0<strong>NOWYCH\u00a0<\/strong>pyta\u0144 testowych (od pierwszego dnia kursu do dnia przeprowadzenia LEP-u); pytania b\u0119d\u0105 dost\u0119pne wy\u0142\u0105cznie dla os\u00f3b uczestnicz\u0105cych w kursie.<\/li>\n<\/ul>\n<\/ul>\n<p>&nbsp;<\/p>\n<p>3. Medyczne szkolenia podyplomowe Pakt<\/p>\n<p>&#8211; <a href=\"http:\/\/www.msp-pakt.med.pl\/\">http:\/\/www.msp-pakt.med.pl\/<\/a><br \/>\n<a title=\"Medyczne Szkolenia Podyplomowe Pakt\" href=\"http:\/\/www.msp-pakt.med.pl\/\" target=\"_blank\"><img loading=\"lazy\" decoding=\"async\" title=\"Konferencje i szkolenia dla lekarzy\" src=\"http:\/\/www.pracamedycyna.pl\/wp-content\/uploads\/2012\/02\/msplogo.png\" alt=\"Konferencje i szkolenia medyczne\" width=\"146\" height=\"131\" \/><\/a><\/p>\n","protected":false},"excerpt":{"rendered":"<p>&nbsp; &nbsp; Szkolenia: 1. Kurs anelgezji regionalnej Szanowni Pa\u0144stwo! Szko\u0142a Analgezji Regionalnej zaprasza na II specjalistyczny kurs analgezji regionalnej. Zaj\u0119cia praktyczne realizowane b\u0119d\u0105 w szpitalach klinicznych w Poznaniu i Warszawie. Kurs trwa od 9 do 30 czerwca 2012. W programie szkolenia prowadzone s\u0105 zaj\u0119cia teoretyczne i praktyczne obejmuj\u0105ce mi\u0119dzy innymi zagadnienia: Techniki blokad, w tym&hellip; <br \/> <a class=\"read-more\" href=\"http:\/\/praca-medycyna.pl\/?page_id=1408\">Read more<\/a><\/p>\n","protected":false},"author":2,"featured_media":0,"parent":458,"menu_order":0,"comment_status":"closed","ping_status":"closed","template":"","meta":{"footnotes":""},"class_list":["post-1408","page","type-page","status-publish","hentry"],"_links":{"self":[{"href":"http:\/\/praca-medycyna.pl\/index.php?rest_route=\/wp\/v2\/pages\/1408","targetHints":{"allow":["GET"]}}],"collection":[{"href":"http:\/\/praca-medycyna.pl\/index.php?rest_route=\/wp\/v2\/pages"}],"about":[{"href":"http:\/\/praca-medycyna.pl\/index.php?rest_route=\/wp\/v2\/types\/page"}],"author":[{"embeddable":true,"href":"http:\/\/praca-medycyna.pl\/index.php?rest_route=\/wp\/v2\/users\/2"}],"replies":[{"embeddable":true,"href":"http:\/\/praca-medycyna.pl\/index.php?rest_route=%2Fwp%2Fv2%2Fcomments&post=1408"}],"version-history":[{"count":13,"href":"http:\/\/praca-medycyna.pl\/index.php?rest_route=\/wp\/v2\/pages\/1408\/revisions"}],"predecessor-version":[{"id":2134,"href":"http:\/\/praca-medycyna.pl\/index.php?rest_route=\/wp\/v2\/pages\/1408\/revisions\/2134"}],"up":[{"embeddable":true,"href":"http:\/\/praca-medycyna.pl\/index.php?rest_route=\/wp\/v2\/pages\/458"}],"wp:attachment":[{"href":"http:\/\/praca-medycyna.pl\/index.php?rest_route=%2Fwp%2Fv2%2Fmedia&parent=1408"}],"curies":[{"name":"wp","href":"https:\/\/api.w.org\/{rel}","templated":true}]}}