{"id":1574,"date":"2012-02-06T22:24:56","date_gmt":"2012-02-06T22:24:56","guid":{"rendered":"http:\/\/www.pracamedycyna.pl\/?page_id=1574"},"modified":"2012-11-08T16:53:09","modified_gmt":"2012-11-08T16:53:09","slug":"konferencje-dla-branzy-medycznej-lekarz-pielegniarka-inne-zawody","status":"publish","type":"page","link":"http:\/\/praca-medycyna.pl\/?page_id=1574","title":{"rendered":"Konferencje"},"content":{"rendered":"<p>Dlaczego warto uczestniczy\u0107 w konferencjach? Konferencje pozwalaja by\u0107 bli\u017cej nowo\u015bci i trend\u00f3w \u015bwiatowych. To okno na\u015bwiat i doskona\u0142a okazja do wymiany wiedzy i rozszerzenia pogl\u0105d\u00f3w i podej\u015bcia do wykonywanej pracy. Poprzez kontakt z innymi lekarzami, cz\u0119sto \u015bwiatowej s\u0142awy mo\u017cemy doskonali\u0107 w\u0142asne umi\u0119j\u0119tno\u015bci.<\/p>\n<p>&nbsp;<\/p>\n<p><strong>\u00a0&gt; 17 listopada 2012<\/strong><\/p>\n<p><strong><a title=\"Kurs staw \u0142okciowy - ortopedia, chirurgia\" href=\"http:\/\/www.stawlokciowy.bnx.pl\/news.php\" target=\"_blank\">Staw \u0141okciowy. Diagnostyka i leczenie operacyjne<\/a><\/strong><\/p>\n<p><strong><\/strong>\u00a0<\/p>\n<p><strong>&gt; 17-18 listopada 2012 <\/strong><\/p>\n<h2><a title=\"Permalink to IV Og\u00f3lnopolska Konferencja Stomatolog\u00f3w Praktyk\u00f3w ,,Poszerzamy Horyzonty\u201d 17-18 listopada 2012\" href=\"http:\/\/www.pracamedycyna.pl\/iv-ogolnopolska-konferencja-stomatologow-praktykow-poszerzamy-horyzonty%e2%80%9d-17-18-listopada-2012\/\" rel=\"bookmark\">IV Og\u00f3lnopolska Konferencja Stomatolog\u00f3w Praktyk\u00f3w ,,Poszerzamy Horyzonty\u201d 17-18 listopada 2012<\/a><\/h2>\n<p>&nbsp;<\/p>\n<p>&gt; <strong>1-2 grudnia 2012<\/strong><\/p>\n<h2><a title=\"Permalink to Konferencja ginekologiczna pod patronatem honorowym Polskiego Towarzystwa Lekarskiego, Prezesa Wielkopolskiej Izby Lekarskiej oraz Rektora Uniwersytetu Medycznego w Poznaniu\" href=\"http:\/\/www.pracamedycyna.pl\/konferencja-ginekologiczna-pod-patronatem-honorowym-polskiego-towarzystwa-lekarskiego-prezesa-wielkopolskiej-izby-lekarskiej-oraz-rektora-uniwersytetu-medycznego-w-poznaniu\/\" rel=\"bookmark\">Konferencja ginekologiczna pod patronatem honorowym Polskiego Towarzystwa Lekarskiego, Prezesa Wielkopolskiej Izby Lekarskiej oraz Rektora Uniwersytetu Medycznego w Poznaniu<\/a><\/h2>\n<p><strong>&gt; 8 grudnia 2012<\/strong><\/p>\n<h2><a title=\"Permalink to Warsztaty ,,Aktualizacja standard\u00f3w leczenia osteoporozy pierwotnej i wt\u00f3rnej\u201d w atrakcyjnej cenie!\" href=\"http:\/\/www.pracamedycyna.pl\/warsztaty-aktualizacja-standardow-leczenia-osteoporozy-pierwotnej-i-wtornej%e2%80%9d-w-atrakcyjnej-cenie\/\" rel=\"bookmark\">Warsztaty ,,Aktualizacja standard\u00f3w leczenia osteoporozy pierwotnej i wt\u00f3rnej\u201d w atrakcyjnej cenie!<\/a><\/h2>\n<p><strong>&gt; 1-3 luty 2013 <\/strong><\/p>\n<p><a title=\"osteosynteza szkolenie\" href=\"http:\/\/www.osteosynteza.bnx.pl\/news.php\" target=\"_blank\">Osteosynteza i rehabilitacja u dzieci i m\u0142odzie\u017cy dorastaj\u0105cej.<\/a><\/p>\n<p>&nbsp;<\/p>\n<p><strong>&gt; 8-9 marca 2013<\/strong><\/p>\n<h2><a title=\"Permalink to Konferencja \u201eKontrowersje w alergologii i pulmonologii\u201d\" href=\"http:\/\/www.pracamedycyna.pl\/praca-lekarz-konferencja-%e2%80%9ekontrowersje-w-alergologii-i-pulmonologii%e2%80%9d\/\" rel=\"bookmark\">Konferencja \u201eKontrowersje w alergologii i pulmonologii\u201d<\/a><\/h2>\n<p>&gt; <strong>15-16 marca 2013<\/strong><\/p>\n<h2><a title=\"Permalink to II Konferencja ,,Problemy laryngologiczne w praktyce lekarskiej\u201d pod patronatem honorowym Prezydenta Miasta Krakowa Jacka Majchrowskiego, Wojewody Ma\u0142opolskiego Jerzego Millera oraz Okr\u0119gowej Izby Lekarskiej w Krakowie\" href=\"http:\/\/www.pracamedycyna.pl\/ii-konferencja-problemy-laryngologiczne-w-praktyce-lekarskiej%e2%80%9d-pod-patronatem-honorowym-prezydenta-miasta-krakowa-jacka-majchrowskiego-wojewody-malopolskiego-jerzego-millera-oraz-okregowej\/\" rel=\"bookmark\">II Konferencja ,,Problemy laryngologiczne w praktyce lekarskiej\u201d\u00a0<\/a><\/h2>\n<p>\u00a0&gt; <strong>15-16 marca 2013<\/strong><\/p>\n<h2><a title=\"Permalink to II Konferencja \u201eKontrowersje w onkologii\u201d, 15-16 marca 2013 r., Warszawa\" href=\"http:\/\/www.pracamedycyna.pl\/ii-konferencja-%e2%80%9ekontrowersje-w-onkologii%e2%80%9d-15-16-marca-2013-r-warszawa\/\" rel=\"bookmark\">II Konferencja \u201eKontrowersje w onkologii\u201d, 15-16 marca 2013 r., Warszawa<\/a><\/h2>\n<p><strong>&gt; 27 &#8211; 28 kwietnia 2013<\/strong><\/p>\n<p><a title=\"ko\u0144czyna g\u00f3rna kursy szkolenia leczenie, diagnostyka i rehabilitacja\" href=\"http:\/\/www.konczynagorna.bnx.pl\/news.php\" target=\"_blank\">Ko\u0144czyna g\u00f3rna leczenie, diagnostyka i rehabilitacja<\/a><\/p>\n<p>&nbsp;<\/p>\n<p>&nbsp;<\/p>\n<p>W celu umieszczenia informacji o konferencjach, spotkaniach, sympozjach\u00a0lub innych wydarzeniach dla lekarzy, piel\u0119gniarek oraz innych zawod\u00f3w z bran\u017cy medycznej, prosimy o przes\u0142anie og\u0142oszenia na adres: <strong>pracamedycyna &lt;at&gt;gmail &lt;.&gt;com.<\/strong><\/p>\n<p><strong>Wsp\u00f3\u0142praca:<\/strong><\/p>\n<p>\u00a0<a title=\"Medyczne Szkolenia Podyplomowe Pakt\" href=\"http:\/\/www.msp-pakt.med.pl\/\" target=\"_blank\"><img loading=\"lazy\" decoding=\"async\" class=\"alignnone size-full wp-image-2125\" title=\"Konferencje i szkolenia dla lekarzy\" src=\"http:\/\/www.pracamedycyna.pl\/wp-content\/uploads\/2012\/02\/msplogo.png\" alt=\"Konferencje i szkolenia medyczne\" width=\"146\" height=\"131\" \/><\/a><\/p>\n<p>&nbsp;<\/p>\n","protected":false},"excerpt":{"rendered":"<p>Dlaczego warto uczestniczy\u0107 w konferencjach? Konferencje pozwalaja by\u0107 bli\u017cej nowo\u015bci i trend\u00f3w \u015bwiatowych. To okno na\u015bwiat i doskona\u0142a okazja do wymiany wiedzy i rozszerzenia pogl\u0105d\u00f3w i podej\u015bcia do wykonywanej pracy. Poprzez kontakt z innymi lekarzami, cz\u0119sto \u015bwiatowej s\u0142awy mo\u017cemy doskonali\u0107 w\u0142asne umi\u0119j\u0119tno\u015bci. &nbsp; \u00a0&gt; 17 listopada 2012 Staw \u0141okciowy. Diagnostyka i leczenie operacyjne \u00a0 &gt;&hellip; <br \/> <a class=\"read-more\" href=\"http:\/\/praca-medycyna.pl\/?page_id=1574\">Read more<\/a><\/p>\n","protected":false},"author":2,"featured_media":0,"parent":0,"menu_order":0,"comment_status":"closed","ping_status":"closed","template":"","meta":{"footnotes":""},"class_list":["post-1574","page","type-page","status-publish","hentry"],"_links":{"self":[{"href":"http:\/\/praca-medycyna.pl\/index.php?rest_route=\/wp\/v2\/pages\/1574","targetHints":{"allow":["GET"]}}],"collection":[{"href":"http:\/\/praca-medycyna.pl\/index.php?rest_route=\/wp\/v2\/pages"}],"about":[{"href":"http:\/\/praca-medycyna.pl\/index.php?rest_route=\/wp\/v2\/types\/page"}],"author":[{"embeddable":true,"href":"http:\/\/praca-medycyna.pl\/index.php?rest_route=\/wp\/v2\/users\/2"}],"replies":[{"embeddable":true,"href":"http:\/\/praca-medycyna.pl\/index.php?rest_route=%2Fwp%2Fv2%2Fcomments&post=1574"}],"version-history":[{"count":36,"href":"http:\/\/praca-medycyna.pl\/index.php?rest_route=\/wp\/v2\/pages\/1574\/revisions"}],"predecessor-version":[{"id":4151,"href":"http:\/\/praca-medycyna.pl\/index.php?rest_route=\/wp\/v2\/pages\/1574\/revisions\/4151"}],"wp:attachment":[{"href":"http:\/\/praca-medycyna.pl\/index.php?rest_route=%2Fwp%2Fv2%2Fmedia&parent=1574"}],"curies":[{"name":"wp","href":"https:\/\/api.w.org\/{rel}","templated":true}]}}