{"id":194,"date":"2011-10-18T12:07:15","date_gmt":"2011-10-18T12:07:15","guid":{"rendered":"http:\/\/www.pracamedycyna.pl\/?page_id=194"},"modified":"2020-09-01T08:52:32","modified_gmt":"2020-09-01T08:52:32","slug":"praca-lekarz-pielegniarka-dodaj-ogloszenie-kandydat","status":"publish","type":"page","link":"http:\/\/praca-medycyna.pl\/?page_id=194","title":{"rendered":"DODAJ BEZP\u0141ATNE OG\u0141OSZENIE"},"content":{"rendered":"<p>Zapraszamy<strong> osoby poszukuj\u0105ce pracy<\/strong> w bran\u017cy medycznej do umieszczenia <span style=\"text-decoration: underline;\">bezp\u0142atnego<\/span> og\u0142oszenia.<\/p>\n<p><strong>Og\u0142oszenie zostanie dodane po akceptacji przez administratora.\u00a0 \u00a0 \u00a0 \u00a0 (og\u0142oszenia pracodawc\u00f3w s\u0105 p\u0142atne &#8211; <a href=\"http:\/\/www.pracamedycyna.pl\/bezplatne-ogloszenie-pracodawcy\/oferta\/\">cennik<\/a>)<\/strong><\/p>\n<p>&nbsp;<\/p>\n\n<div class=\"wpcf7 no-js\" id=\"wpcf7-f10527-o1\" lang=\"\" dir=\"ltr\">\n<div class=\"screen-reader-response\"><p role=\"status\" aria-live=\"polite\" aria-atomic=\"true\"><\/p> <ul><\/ul><\/div>\n<form action=\"\/index.php?rest_route=%2Fwp%2Fv2%2Fpages%2F194#wpcf7-f10527-o1\" method=\"post\" class=\"wpcf7-form init\" aria-label=\"Contact form\" novalidate=\"novalidate\" data-status=\"init\">\n<div style=\"display: none;\">\n<input type=\"hidden\" name=\"_wpcf7\" value=\"10527\" \/>\n<input type=\"hidden\" name=\"_wpcf7_version\" value=\"5.8.3\" \/>\n<input type=\"hidden\" name=\"_wpcf7_locale\" value=\"\" \/>\n<input type=\"hidden\" name=\"_wpcf7_unit_tag\" value=\"wpcf7-f10527-o1\" \/>\n<input type=\"hidden\" name=\"_wpcf7_container_post\" value=\"0\" \/>\n<input type=\"hidden\" name=\"_wpcf7_posted_data_hash\" value=\"\" \/>\n<\/div>\n<div class=\"wpcf7-response-output\" aria-hidden=\"true\"><\/div>\n<\/form>\n<\/div>\n\n<p>&nbsp;<\/p>\n<p>&nbsp;<\/p>\n","protected":false},"excerpt":{"rendered":"<p>Zapraszamy osoby poszukuj\u0105ce pracy w bran\u017cy medycznej do umieszczenia bezp\u0142atnego og\u0142oszenia. Og\u0142oszenie zostanie dodane po akceptacji przez administratora.\u00a0 \u00a0 \u00a0 \u00a0 (og\u0142oszenia pracodawc\u00f3w s\u0105 p\u0142atne &#8211; cennik) &nbsp; &nbsp; &nbsp;<\/p>\n","protected":false},"author":2,"featured_media":0,"parent":0,"menu_order":0,"comment_status":"closed","ping_status":"closed","template":"","meta":{"footnotes":""},"class_list":["post-194","page","type-page","status-publish","hentry"],"_links":{"self":[{"href":"http:\/\/praca-medycyna.pl\/index.php?rest_route=\/wp\/v2\/pages\/194","targetHints":{"allow":["GET"]}}],"collection":[{"href":"http:\/\/praca-medycyna.pl\/index.php?rest_route=\/wp\/v2\/pages"}],"about":[{"href":"http:\/\/praca-medycyna.pl\/index.php?rest_route=\/wp\/v2\/types\/page"}],"author":[{"embeddable":true,"href":"http:\/\/praca-medycyna.pl\/index.php?rest_route=\/wp\/v2\/users\/2"}],"replies":[{"embeddable":true,"href":"http:\/\/praca-medycyna.pl\/index.php?rest_route=%2Fwp%2Fv2%2Fcomments&post=194"}],"version-history":[{"count":26,"href":"http:\/\/praca-medycyna.pl\/index.php?rest_route=\/wp\/v2\/pages\/194\/revisions"}],"predecessor-version":[{"id":10528,"href":"http:\/\/praca-medycyna.pl\/index.php?rest_route=\/wp\/v2\/pages\/194\/revisions\/10528"}],"wp:attachment":[{"href":"http:\/\/praca-medycyna.pl\/index.php?rest_route=%2Fwp%2Fv2%2Fmedia&parent=194"}],"curies":[{"name":"wp","href":"https:\/\/api.w.org\/{rel}","templated":true}]}}