{"id":2020,"date":"2012-03-14T19:38:50","date_gmt":"2012-03-14T19:38:50","guid":{"rendered":"http:\/\/www.pracamedycyna.pl\/?page_id=2020"},"modified":"2012-03-14T19:53:18","modified_gmt":"2012-03-14T19:53:18","slug":"praca-stomatolog-wywiad-lepiej-na-swoim-czy-na-etacie","status":"publish","type":"page","link":"http:\/\/praca-medycyna.pl\/?page_id=2020","title":{"rendered":"Praca stomatologa &#8211; Lepiej na swoim czy na etacie?"},"content":{"rendered":"<p>Wywiad dla Praca Medycyna:<\/p>\n<p>Nasz reporter\u00a0 (RPM) um\u00f3wi\u0142 si\u0119 na rozmow\u0119 z w\u0142a\u015bcicielk\u0105 gabinetu stomatologicznego na rozmowe o pracy lekarza stomatologa.<\/p>\n<p><strong>Lepiej na swoim czy na etacie<\/strong>?<\/p>\n<p>Rozmowa z pani\u0105\u00a0lekarz stomatologii, kt\u00f3ra posiada sw\u00f3j w\u0142asny gabinet pod Krakowem.<\/p>\n<p><strong>RPM: <\/strong>Jak zacz\u0119\u0142a si\u0119 pani przygoda ze stomatologi\u0105?<\/p>\n<p><strong>Stomatolog:\u00a0<\/strong> W\u0142a\u015bciwie zacz\u0119\u0142o si\u0119 od tego, \u017ce przez ca\u0142e liceum marzy\u0142am o dostaniu si\u0119 na Collegium Medicum w Krakowie i zupe\u0142nie nie robi\u0142y na mnie wra\u017cenia rozmowy z r\u00f3\u017cnymi lud\u017ami m\u00f3wi\u0105cymi jak ci\u0119\u017cko jest si\u0119 dosta\u0107 na te studia oraz \u017ce samo sko\u0144czenie tych studi\u00f3w jest wielkim wyzwaniem. Nied\u0142ugo si\u0119 o tym przekona\u0142am, gdy po dobrze zdanej maturze pisa\u0142am egzamin na stomatologi\u0119. I niestety okaza\u0142o si\u0119, \u017ce nie po raz pierwszy, poniewa\u017c zdawa\u0142am go p\u00f3\u017aniej jeszcze dwa razy. Ale w rezultacie moje marzenie si\u0119 spe\u0142ni\u0142o i zosta\u0142am lekarzem stomatologii.<\/p>\n<p><strong>RPM: <\/strong>Gdzie szuka\u0142a pani ofert pracy dla lekarzy?<\/p>\n<p>\u00a0<strong>Stomatolog:\u00a0<\/strong>W tamtym czasie po sko\u0144czeniu studi\u00f3w znalaz\u0142am prac\u0119 w s\u0142u\u017cbie zdrowia poprzez swoj\u0105 kole\u017cank\u0119. Przez rok pracowa\u0142am w Krakowie na etacie, ale codzienne, trudne dojazdy zmusi\u0142y mnie do szukania pracy w innym mie\u015bcie. Wyb\u00f3r pad\u0142 na D\u0105brow\u0119 G\u00f3rnicz\u0105. Zadzwoni\u0142am do pana w D\u0105browie, kt\u00f3ry poda\u0142 mi adresy stomatolog\u00f3w, a ja wys\u0142a\u0142am tam swoje aplikacje. Dosta\u0142am etat i przez kolejne 5 lat pracowa\u0142am w przychodni stomatologicznej.<\/p>\n<p><strong>RPM:<\/strong> Teraz posiada pani sw\u00f3j gabinet, wi\u0119c prosz\u0119 o por\u00f3wnanie pracy na swoim i na etacie.<\/p>\n<p><strong>Stomatolog:\u00a0<\/strong>Je\u015bli chodzi o prac\u0119 na etacie jako lekarz w s\u0142u\u017cbie zdrowia, to pierwsze co mi przychodzi do g\u0142owy to problemy sprz\u0119towe, s\u0142abe o\u015bwietlenie, najta\u0144sze materia\u0142y oraz nie\u015bcis\u0142o\u015bci w umowie ( inne warunki na umowie, inne w rzeczywisto\u015bci ). Z drugiej strony czas pracy bardzo mi odpowiada\u0142, ilo\u015b\u0107 pacjent\u00f3w r\u00f3wnie\u017c oraz mia\u0142am dobrych wsp\u00f3\u0142pracownik\u00f3w. Ale zawsze chcia\u0142am mie\u0107 sw\u00f3j w\u0142asny gabinet. Wi\u0105\u017ce si\u0119 z tym oczywi\u015bcie masa obowi\u0105zk\u00f3w takich jak prowadzenie dokumentacji, pami\u0119tanie o op\u0142atach, kontrolach z sanepidu, dbaniu o posiadanie wszystkich narz\u0119dzi. Praca pod w\u0142asnym nazwiskiem daje du\u017co satysfakcji, ale przynosi te\u017c du\u017co nerw\u00f3w. A je\u015bli chodzi o pacjent\u00f3w to r\u00f3\u017cnie bywa, bo przychodz\u0105 leczy\u0107 si\u0119 prywatnie jak maj\u0105 fundusze i czasem w czasie \u015bwi\u0105t czy na przyk\u0142ad z pocz\u0105tkiem roku jest ich mniej, a wi\u0119c i ja mniej zarabiam.<\/p>\n<p><strong>RPM: <\/strong>To w\u0142a\u015bciwie jak to jest z t\u0105 prac\u0105? Lepiej by\u0107 zatrudnionym u siebie czy u kogo\u015b? Bo tak czuj\u0119, \u017ce wa\u017cy si\u0119 to u pani tak po r\u00f3wno.<\/p>\n<p><strong>Stomatolog:\u00a0<\/strong>Zarobki nie rekompensuj\u0105 na razie mojej ci\u0119\u017ckiej pracy, a problemy zdrowotne pojawiaj\u0105ce si\u0119 u lekarzy stomatolog\u00f3w daj\u0105 o sobie zna\u0107 ( przeci\u0105\u017cenia staw\u00f3w, zwyrodnienia kr\u0119gos\u0142upa), ale lubi\u0119 swoj\u0105 prac\u0119. Wybieram prac\u0119 na swoim, ale ka\u017cdy lekarz tak naprawd\u0119 sam musi oszacowa\u0107 co mu b\u0119dzie bardziej podoba\u0107.<\/p>\n<p>\u00a0Copy right: <a href=\"http:\/\/www.pracamedycyna.pl\/\">www.pracamedycyna.pl<\/a> i RPM<\/p>\n<p>&nbsp;<\/p>\n","protected":false},"excerpt":{"rendered":"<p>Wywiad dla Praca Medycyna: Nasz reporter\u00a0 (RPM) um\u00f3wi\u0142 si\u0119 na rozmow\u0119 z w\u0142a\u015bcicielk\u0105 gabinetu stomatologicznego na rozmowe o pracy lekarza stomatologa. Lepiej na swoim czy na etacie? Rozmowa z pani\u0105\u00a0lekarz stomatologii, kt\u00f3ra posiada sw\u00f3j w\u0142asny gabinet pod Krakowem. RPM: Jak zacz\u0119\u0142a si\u0119 pani przygoda ze stomatologi\u0105? Stomatolog:\u00a0 W\u0142a\u015bciwie zacz\u0119\u0142o si\u0119 od tego, \u017ce przez ca\u0142e&hellip; <br \/> <a class=\"read-more\" href=\"http:\/\/praca-medycyna.pl\/?page_id=2020\">Read more<\/a><\/p>\n","protected":false},"author":2,"featured_media":0,"parent":0,"menu_order":0,"comment_status":"closed","ping_status":"closed","template":"","meta":{"footnotes":""},"class_list":["post-2020","page","type-page","status-publish","hentry"],"_links":{"self":[{"href":"http:\/\/praca-medycyna.pl\/index.php?rest_route=\/wp\/v2\/pages\/2020","targetHints":{"allow":["GET"]}}],"collection":[{"href":"http:\/\/praca-medycyna.pl\/index.php?rest_route=\/wp\/v2\/pages"}],"about":[{"href":"http:\/\/praca-medycyna.pl\/index.php?rest_route=\/wp\/v2\/types\/page"}],"author":[{"embeddable":true,"href":"http:\/\/praca-medycyna.pl\/index.php?rest_route=\/wp\/v2\/users\/2"}],"replies":[{"embeddable":true,"href":"http:\/\/praca-medycyna.pl\/index.php?rest_route=%2Fwp%2Fv2%2Fcomments&post=2020"}],"version-history":[{"count":3,"href":"http:\/\/praca-medycyna.pl\/index.php?rest_route=\/wp\/v2\/pages\/2020\/revisions"}],"predecessor-version":[{"id":2027,"href":"http:\/\/praca-medycyna.pl\/index.php?rest_route=\/wp\/v2\/pages\/2020\/revisions\/2027"}],"wp:attachment":[{"href":"http:\/\/praca-medycyna.pl\/index.php?rest_route=%2Fwp%2Fv2%2Fmedia&parent=2020"}],"curies":[{"name":"wp","href":"https:\/\/api.w.org\/{rel}","templated":true}]}}