{"id":2926,"date":"2012-06-25T11:41:50","date_gmt":"2012-06-25T11:41:50","guid":{"rendered":"http:\/\/www.pracamedycyna.pl\/?page_id=2926"},"modified":"2012-06-25T11:46:29","modified_gmt":"2012-06-25T11:46:29","slug":"jak-wyglada-praca-opiekunki-w-niemczech","status":"publish","type":"page","link":"http:\/\/praca-medycyna.pl\/?page_id=2926","title":{"rendered":"Jak wygl\u0105da praca opiekunki w Niemczech?"},"content":{"rendered":"<p><strong><span style=\"text-decoration: underline;\">Jak wygl\u0105da praca opiekunki w Niemczech?<\/span><\/strong><\/p>\n<p>Wiele kobiet w \u015brednim wieku narzeka na bardzo niskie zarobki w Polsce. Najcz\u0119\u015bciej jednak doceniaj\u0105 to, \u017ce w og\u00f3le maj\u0105 prace. Wiele pa\u0144 bowiem nie mo\u017ce jej znale\u017a\u0107. W obu przypadkach niejedna z nich bierze pod uwag\u0119 to, aby wyjecha\u0107 zagranic\u0119. Kusz\u0105ce wydaj\u0105 si\u0119 oferty w stylu \u201epraca dla opiekunek w Niemczech\u201d, \u201eopiekunki Niemcy\u201d itd. Tak\u017ce piel\u0119gniarki interesuj\u0105 si\u0119 propozycjami ofertowymi typu \u201epraca dla piel\u0119gniarek w Niemczech\u201d czy \u201epraca dla piel\u0119gniarek zagranic\u0105\u201d. Tego rodzaju oferty kusz\u0105. Wydaj\u0105 si\u0119 atrakcyjne nie tylko przez zarobki. Pracodawcy oferuj\u0105 bowiem luksusowe zamieszkanie, wy\u017cywienie i dobry kontakt z rodzin\u0105 u kt\u00f3rej b\u0119dzie si\u0119 pracowa\u0107. Wszystko wydaje si\u0119 by\u0107 bardzo pozytywne. Ale przecie\u017c nie brakuje te\u017c opinii, \u017ce tego rodzaju praca to najwi\u0119ksza m\u0119ka. Wiele kobiet, kt\u00f3re spr\u00f3bowa\u0142o tego rodzaju pracy, powraca do kraju i m\u00f3wi o tym, jak bardzo jest tam \u017ale. \u017be zarobki wcale nie takie wysokie, \u017ce pacjenci nie do zniesienia, \u017ce by\u0142y \u017ale traktowane itd. Kolejne kobiety obawiaj\u0105 si\u0119 wyjazdu, chocia\u017c tak naprawd\u0119 mog\u0142yby wyjecha\u0107, gdy\u017c kwalifikacje pozwalaj\u0105 im na to. No to jak to w ko\u0144cu jest z prac\u0105 opiekunki czy piel\u0119gniarki w Niemczech? Czy sytuacja wygl\u0105da dobrze, a mo\u017ce jednak nie warto bra\u0107 pod uwag\u0119 tego rodzaju wyjazdu?<\/p>\n<p>Zdania s\u0105 podzielone. I tak naprawd\u0119 nie da si\u0119 jednoznacznie okre\u015bli\u0107 czy praca ta si\u0119 op\u0142aci i b\u0119dzie satysfakcjonuj\u0105ca czy nie. Na pewno nie warto ufa\u0107 niesprawdzonym ofertom. Je\u017celi opiekunka czy piel\u0119gniarka bierze pod uwag\u0119 tego rodzaju ofert\u0119, to koniecznie powinna wyje\u017cd\u017ca\u0107 tylko w ramach sprawdzonej i renomowanej firmy. Jak to sprawdzi\u0107? Najlepiej poszuka\u0107 osoby (a ju\u017c najpewniej kilku os\u00f3b), kt\u00f3re wyje\u017cd\u017ca\u0142y w ramach oferty konkretnej firmy. Je\u017celi trudno b\u0119dzie znale\u017a\u0107 tak\u0105 osob\u0119, to warto poczyta\u0107 to, co jest napisane na forach internetowych. Nie nale\u017cy jednak do ko\u0144ca im ufa\u0107 \u2013 wiadomo, \u017ce w dzisiejszych czasach na forach zamieszczane s\u0105 informacje przez pracownik\u00f3w firm. Dlatego nie s\u0105 do ko\u0144ca wiarygodne.<\/p>\n<p>Na czym w og\u00f3le polega praca opiekunki czy opiekuna (bo warto pami\u0119ta\u0107, \u017ce do tego rodzaju pracy wyje\u017cd\u017caj\u0105 nie tylko kobiety)? Przede wszystkim opiera si\u0119 wykonywaniu podstawowych czynno\u015bci higienicznych wok\u00f3\u0142 osoby wymagaj\u0105cej opieki (najcz\u0119\u015bciej jest to starsza, schorowana osoba, kt\u00f3ra nie mo\u017ce samodzielnie o siebie zadba\u0107). Opiekun pomaga wi\u0119c starszej osobie w toalecie porannej i wieczornej. Przygotowuje posi\u0142ki i podaje je pacjentowi. Pilnuje przyjmowania lek\u00f3w, czyta ksi\u0105\u017cki, zapewnia te\u017c inne formy rozrywki (np. spacery, rozmowy). Bardzo cz\u0119sto osoby wymagaj\u0105 wi\u0119kszej opieki ze wzgl\u0119du na to, \u017ce s\u0105 np. przykute do \u0142\u00f3\u017cka. Wtedy zazwyczaj chorym opiekuje si\u0119 wykwalifikowana piel\u0119gniarka.<\/p>\n<p>Praca opiekunki czy piel\u0119gniarki jest zazwyczaj trudna. Bardzo cz\u0119sto jednak atmosfera pracy jest bardzo mi\u0142a. Opiekunki czy piel\u0119gniarki w Niemczech traktowane s\u0105 bardzo dobrze. Dobrze zarabiaj\u0105, mieszkaj\u0105 w luksusowych warunkach, s\u0105 lubiane przez chorego i jego rodzin\u0119. Naturalnie, bardzo cz\u0119sto s\u0105 wyj\u0105tki, dlatego tak wa\u017cne jest to, aby wybiera\u0107 tylko sprawdzone oferty pracy.<\/p>\n<p>&nbsp;<\/p>\n","protected":false},"excerpt":{"rendered":"<p>Jak wygl\u0105da praca opiekunki w Niemczech? Wiele kobiet w \u015brednim wieku narzeka na bardzo niskie zarobki w Polsce. Najcz\u0119\u015bciej jednak doceniaj\u0105 to, \u017ce w og\u00f3le maj\u0105 prace. Wiele pa\u0144 bowiem nie mo\u017ce jej znale\u017a\u0107. W obu przypadkach niejedna z nich bierze pod uwag\u0119 to, aby wyjecha\u0107 zagranic\u0119. Kusz\u0105ce wydaj\u0105 si\u0119 oferty w stylu \u201epraca dla&hellip; <br \/> <a class=\"read-more\" href=\"http:\/\/praca-medycyna.pl\/?page_id=2926\">Read more<\/a><\/p>\n","protected":false},"author":2,"featured_media":0,"parent":57,"menu_order":0,"comment_status":"closed","ping_status":"closed","template":"","meta":{"footnotes":""},"class_list":["post-2926","page","type-page","status-publish","hentry"],"_links":{"self":[{"href":"http:\/\/praca-medycyna.pl\/index.php?rest_route=\/wp\/v2\/pages\/2926","targetHints":{"allow":["GET"]}}],"collection":[{"href":"http:\/\/praca-medycyna.pl\/index.php?rest_route=\/wp\/v2\/pages"}],"about":[{"href":"http:\/\/praca-medycyna.pl\/index.php?rest_route=\/wp\/v2\/types\/page"}],"author":[{"embeddable":true,"href":"http:\/\/praca-medycyna.pl\/index.php?rest_route=\/wp\/v2\/users\/2"}],"replies":[{"embeddable":true,"href":"http:\/\/praca-medycyna.pl\/index.php?rest_route=%2Fwp%2Fv2%2Fcomments&post=2926"}],"version-history":[{"count":2,"href":"http:\/\/praca-medycyna.pl\/index.php?rest_route=\/wp\/v2\/pages\/2926\/revisions"}],"predecessor-version":[{"id":2936,"href":"http:\/\/praca-medycyna.pl\/index.php?rest_route=\/wp\/v2\/pages\/2926\/revisions\/2936"}],"up":[{"embeddable":true,"href":"http:\/\/praca-medycyna.pl\/index.php?rest_route=\/wp\/v2\/pages\/57"}],"wp:attachment":[{"href":"http:\/\/praca-medycyna.pl\/index.php?rest_route=%2Fwp%2Fv2%2Fmedia&parent=2926"}],"curies":[{"name":"wp","href":"https:\/\/api.w.org\/{rel}","templated":true}]}}