{"id":2928,"date":"2012-06-25T11:42:42","date_gmt":"2012-06-25T11:42:42","guid":{"rendered":"http:\/\/www.pracamedycyna.pl\/?page_id=2928"},"modified":"2016-02-13T14:34:57","modified_gmt":"2016-02-13T14:34:57","slug":"ile-zarabiaja-lekarze","status":"publish","type":"page","link":"http:\/\/praca-medycyna.pl\/?page_id=2928","title":{"rendered":"Ile zarabiaj\u0105 lekarze?"},"content":{"rendered":"<p><strong><span style=\"text-decoration: underline;\">Ile zarabiaj\u0105 lekarze?<\/span><\/strong><\/p>\n<p>Co kryje si\u0119 pod ofertami pracy typu \u201epraca anestezjolog\u201d, \u201epraca kardiolog\u201d, \u201epraca chirurg\u201d, \u201epraca ginekolog\u201d, \u201epraca reumatolog\u201d, \u201epraca ortopeda\u201d, \u201epraca radiolog\u201d, \u201epraca urolog\u201d, \u201epraca psychiatra\u201d itd.? Ile rzeczywi\u015bcie zarabiaj\u0105 lekarze? Czy opr\u00f3cz presti\u017cu zyskuj\u0105 oni naprawd\u0119 bardzo wysokie zarobki? Czy jest to tylko mit?<\/p>\n<p>Na pewno nie mo\u017cna sprawy uog\u00f3lnia\u0107. Zarobki lekarza w Polsce, a zarobki lekarza np. w Austrii czy we Francji bardzo si\u0119 r\u00f3\u017cni\u0105. Zreszt\u0105, w innych zawodach jest podobnie. W Polsce m\u0142ody lekarz, b\u0119d\u0105c jeszcze na sta\u017cu, zarabia oko\u0142o dw\u00f3ch tysi\u0119cy z\u0142otych \u201ena r\u0119k\u0119\u201d. Specjalista pierwszego stopnia, b\u0119d\u0105cy na etacie, otrzymuje pensj\u0119 w wysoko\u015bci oko\u0142o trzech i p\u00f3\u0142 tysi\u0105ca z\u0142otych. A por\u00f3wnuj\u0105c to do zagranicy, do wspomnianej ju\u017c np. Austrii \u2013 m\u0142ody specjalista zarabia od trzech do sze\u015bciu tysi\u0119cy euro brutto. We Francji za\u015b od dw\u00f3ch do trzech tysi\u0119cy euro. Jest r\u00f3\u017cnica? Oczywi\u015bcie, \u017ce tak. I to spora. Nic dziwnego, \u017ce polscy lekarze interesuj\u0105 si\u0119 takimi ofertami pracy jak np. \u201epraca lekarz Francja\u201d, \u201epraca lekarz Austria\u201d czy \u201epraca lekarz Szwecja\u201d Ale tak naprawd\u0119 niewiele os\u00f3b to dziwi. Por\u00f3wnuj\u0105c wiele innych zawod\u00f3w otrzymamy podobne wyliczenia. Tutaj jednak pojawia si\u0119 wiele pyta\u0144 i w\u0105tpliwo\u015bci. Czy lekarz nie powinien zarabia\u0107 wi\u0119cej, skoro jest to zaw\u00f3d z misj\u0105, ciesz\u0105cy si\u0119 zaufaniem spo\u0142ecznym? Przecie\u017c, aby zosta\u0107 lekarzem trzeba bardzo d\u0142ugo si\u0119 uczy\u0107. Zdania w tej kwestii s\u0105 podzielone. Z jednej strony wiemy, \u017ce przygotowanie do zawodu lekarza to bardzo m\u0119cz\u0105ca i wymagaj\u0105ca ogromnego po\u015bwi\u0119cenia praca. Z drugiej strony, pojawiaj\u0105 si\u0119 zdania, \u017ce jest to zaw\u00f3d taki, jak ka\u017cdy inny. Poza tym lekarze nie zarabiaj\u0105 przecie\u017c tak ma\u0142o. Owszem, ale je\u017celi maj\u0105 ju\u017c za sob\u0105 wiele lat pracy. A przecie\u017c, \u017ceby zosta\u0107 do\u015bwiadczonym lekarzem trzeba najcz\u0119\u015bciej pracowa\u0107 dzie\u0144 i noc za bardzo niskie wynagrodzenie. A mo\u017ce jest inaczej?<\/p>\n<p>M\u0142ody cz\u0142owiek, kt\u00f3ry zapragnie by\u0107 lekarzem, musi zdawa\u0107 sobie spraw\u0119, \u017ce przed nim d\u0142uga i wyczerpuj\u0105ca droga do tego, by otrzyma\u0107 prawa wykonywania zawodu w konkretnej specjalno\u015bci. Na pocz\u0105tek \u201ejedynie\u201d sze\u015b\u0107 lat ci\u0119\u017ckich studi\u00f3w. Przez ten czas student zdobywa wiedz\u0119 og\u00f3ln\u0105 na temat medycyny. Je\u017celi dope\u0142ni kilka istotnych formalno\u015bci, to otrzymuje ograniczone prawo do wykonywania zawodu. Nast\u0119pnie odbywa trzynastomiesi\u0119czny sta\u017c. W jego trakcie albo tu\u017c po musi zda\u0107 Lekarski Egzamin Pa\u0144stwowy LEP. Je\u017celi uda mu si\u0119 go zda\u0107 (a \u0142atwo nie b\u0119dzie) otrzymuje pe\u0142ne prawo do wykonywania zawodu. W tym momencie rozpoczyna r\u00f3wnie\u017c nauk\u0119 jednej z czterdziestu specjalno\u015bci podstawowych. Nauka do takiej specjalno\u015bci trwa zazwyczaj od dw\u00f3ch do sze\u015bciu lat. Nast\u0119pnie nauka jest kontynuowana na kolejnych dwudziestu o\u015bmiu specjalno\u015bciach szczeg\u00f3\u0142owych.<\/p>\n<p>Aby zosta\u0107 specjalist\u0105, trzeba uczy\u0107 si\u0119 wiele, wiele lat. Po drodze do zdania s\u0105 trudne egzaminy i\u2026 niskie zarobki. Ale wiadomo, \u017ce nic nie ma si\u0119 od razu. Cierpliwo\u015b\u0107 i ci\u0119\u017cka praca b\u0119d\u0105 pop\u0142aca\u0107. Raport Ministerstwa Zdrowia m\u00f3wi, \u017ce z czasem sytuacja wygl\u0105da coraz lepiej. Zarobki polepszaj\u0105 si\u0119. Lekarz bierze coraz wi\u0119cej dy\u017cur\u00f3w i jego sytuacja materialna poprawia si\u0119. Wiele zale\u017cy te\u017c od tego czy pracuje si\u0119 na etat czy jednak na kontrakcie.<\/p>\n<p>&nbsp;<\/p>\n","protected":false},"excerpt":{"rendered":"<p>Ile zarabiaj\u0105 lekarze? Co kryje si\u0119 pod ofertami pracy typu \u201epraca anestezjolog\u201d, \u201epraca kardiolog\u201d, \u201epraca chirurg\u201d, \u201epraca ginekolog\u201d, \u201epraca reumatolog\u201d, \u201epraca ortopeda\u201d, \u201epraca radiolog\u201d, \u201epraca urolog\u201d, \u201epraca psychiatra\u201d itd.? Ile rzeczywi\u015bcie zarabiaj\u0105 lekarze? Czy opr\u00f3cz presti\u017cu zyskuj\u0105 oni naprawd\u0119 bardzo wysokie zarobki? Czy jest to tylko mit? Na pewno nie mo\u017cna sprawy uog\u00f3lnia\u0107. Zarobki lekarza&hellip; <br \/> <a class=\"read-more\" href=\"http:\/\/praca-medycyna.pl\/?page_id=2928\">Read more<\/a><\/p>\n","protected":false},"author":2,"featured_media":0,"parent":57,"menu_order":0,"comment_status":"closed","ping_status":"closed","template":"","meta":{"footnotes":""},"class_list":["post-2928","page","type-page","status-publish","hentry"],"_links":{"self":[{"href":"http:\/\/praca-medycyna.pl\/index.php?rest_route=\/wp\/v2\/pages\/2928","targetHints":{"allow":["GET"]}}],"collection":[{"href":"http:\/\/praca-medycyna.pl\/index.php?rest_route=\/wp\/v2\/pages"}],"about":[{"href":"http:\/\/praca-medycyna.pl\/index.php?rest_route=\/wp\/v2\/types\/page"}],"author":[{"embeddable":true,"href":"http:\/\/praca-medycyna.pl\/index.php?rest_route=\/wp\/v2\/users\/2"}],"replies":[{"embeddable":true,"href":"http:\/\/praca-medycyna.pl\/index.php?rest_route=%2Fwp%2Fv2%2Fcomments&post=2928"}],"version-history":[{"count":4,"href":"http:\/\/praca-medycyna.pl\/index.php?rest_route=\/wp\/v2\/pages\/2928\/revisions"}],"predecessor-version":[{"id":8934,"href":"http:\/\/praca-medycyna.pl\/index.php?rest_route=\/wp\/v2\/pages\/2928\/revisions\/8934"}],"up":[{"embeddable":true,"href":"http:\/\/praca-medycyna.pl\/index.php?rest_route=\/wp\/v2\/pages\/57"}],"wp:attachment":[{"href":"http:\/\/praca-medycyna.pl\/index.php?rest_route=%2Fwp%2Fv2%2Fmedia&parent=2928"}],"curies":[{"name":"wp","href":"https:\/\/api.w.org\/{rel}","templated":true}]}}