{"id":2930,"date":"2012-06-25T11:43:58","date_gmt":"2012-06-25T11:43:58","guid":{"rendered":"http:\/\/www.pracamedycyna.pl\/?page_id=2930"},"modified":"2016-02-16T16:44:50","modified_gmt":"2016-02-16T16:44:50","slug":"lekarz-twoim-wrogiem","status":"publish","type":"page","link":"http:\/\/praca-medycyna.pl\/?page_id=2930","title":{"rendered":"Lekarz Twoim wrogiem?"},"content":{"rendered":"<p><strong><span style=\"text-decoration: underline;\">Lekarz Twoim wrogiem?<\/span><\/strong><\/p>\n<p>Fora internetowe przepe\u0142nione s\u0105 komentarzami pe\u0142nymi nienawi\u015bci. Krytyczne komentarze kierowane s\u0105 bardzo cz\u0119sto do grup zawodowych. Najcz\u0119\u015bciej s\u0105 to\u2026 lekarze. Praca dla lekarza to najcz\u0119\u015bciej ca\u0142e jego \u017cycie. Niew\u0105tpliwie maj\u0105c na my\u015bli \u201epraca kardiolog\u201d, \u201epraca ginekolog\u201d, \u201epraca chirurg\u201d, \u201epraca stomatolog\u201d, \u201epraca reumatolog\u201d, \u201epraca dermatolog\u201d itd. najcz\u0119\u015bciej mamy na my\u015bli co\u015b wi\u0119cej ni\u017c tylko prac\u0119 zawodow\u0105. Osoba, kt\u00f3ra decyduje si\u0119 na to, by zosta\u0107 lekarzem, powinna by\u0107 gotowa na to, \u017ce b\u0119dzie pe\u0142ni\u0107 swego rodzaju misj\u0119. To co\u015b wi\u0119cej ni\u017c tylko praca od 9 do 17. Ka\u017cdy lekarz powinien o tym wiedzie\u0107. Na pewno ka\u017cdy pacjent zdaje sobie z tego spraw\u0119. W momencie, gdy spotyka lekarza, kt\u00f3ry tego poczucia misji nie ma, jest bardzo rozgniewany. A odk\u0105d internet sta\u0142 si\u0119 tak bardzo powszechny, to fora internetowe przesycone s\u0105 krytycznymi komentarzami kierowanymi w\u0142a\u015bnie do samych lekarzy. Wielu lekarzy t\u0142umaczy swoje nieprofesjonalne podej\u015bcie czy \u201epodej\u015bcie bez misji\u201d tym, \u017ce praca lekarza w Polsce nie jest op\u0142acalna. Trudno\u015bci ze sprz\u0119tem, niskie zarobki, najta\u0144sze materia\u0142y \u2013 to g\u0142\u00f3wne wed\u0142ug nich dowody na to, \u017ce lekarze \u0142atwo nie maj\u0105. Ale przecie\u017c skoro w Polsce im tak \u017ale, to w ka\u017cdej chwili mog\u0105 wyjecha\u0107 gdzie indziej (ofert w stylu \u201epraca lekarz Szwecja\u201d, \u201epraca lekarz Niemcy\u201d itd. nie brakuje). Poza tym decyduj\u0105c si\u0119 na studia medyczne, chyba ka\u017cdy zdaje sobie spraw\u0119 z tego, jak mniej wi\u0119cej b\u0119dzie w przysz\u0142o\u015bci wygl\u0105da\u0142a praca lekarza.<\/p>\n<p>Trzeba jednak pami\u0119ta\u0107, \u017ce w ka\u017cdym zawodzie, w ka\u017cdej bran\u017cy, znajd\u0105 si\u0119 nieprofesjonalni \u201especjali\u015bci\u201d. Trzeba zdawa\u0107 sobie z tego w stu procentach spraw\u0119. Internauci wychodz\u0105 ci\u0105gle z za\u0142o\u017cenia, \u017ce obowi\u0105zki wykonywane przez lekarza to przede wszystkim presti\u017c, s\u0142awa i wielkie pieni\u0105dze. A same czynno\u015bci \u2013 lekkie, \u0142atwe i przyjemne. Musimy jednak wiedzie\u0107, \u017ce wszystko to, to tylko stereotypy. Rzeczywisto\u015b\u0107 nie jest wcale taka r\u00f3\u017cowa. Tym bardziej, \u017ce pacjenci maj\u0105 coraz wy\u017csze wymagania. Zazwyczaj s\u0105 zdenerwowani i zniecierpliwienia. Uwa\u017caj\u0105, \u017ce \u201ewszystko im si\u0119 nale\u017cy\u201d. Wszystko to ko\u0144czy si\u0119 tym, \u017ce lekarze okre\u015blani s\u0105 jako ci niekompetentni, chocia\u017c tak naprawd\u0119 sam pacjent nie do ko\u0144ca potrafi okre\u015bli\u0107 swoje dolegliwo\u015bci. A akurat to nie jest rol\u0105 lekarza\u2026<\/p>\n<p>Co do tych wysokich zarobk\u00f3w\u2026 Wcale nie s\u0105 takie wysokie jak mo\u017ce si\u0119 wydawa\u0107. Dopiero do\u015bwiadczeni, z wieloletnim sta\u017cem lekarze, dostaj\u0105 przyzwoite pensje. Sta\u017cysta, lekarz rezydent otrzymuje oko\u0142o dw\u00f3ch tysi\u0119cy z\u0142otych na r\u0119k\u0119. Sta\u017cy\u015bci nie mog\u0105 sobie w zawodzie \u201edorobi\u0107\u201d. W przeciwie\u0144stwie do do\u015bwiadczonych lekarzy, kt\u00f3rzy zazwyczaj pracuj\u0105 na wi\u0119cej ni\u017c jeden etat. Dorabiaj\u0105 sobie w r\u00f3\u017cnego rodzaju plac\u00f3wkach, w tym w prywatnych. Dzi\u0119ki temu sta\u0107 ich na mieszkania, drogie samochody itd. (i to zazwyczaj jest bardzo krytykowane przez pacjent\u00f3w).<\/p>\n<p>Ci\u0119\u017cka praca pop\u0142aca? Niekoniecznie. Jak wida\u0107 na forach internetowych \u2013 nawet lekarz do\u015bwiadczony, kt\u00f3ry pom\u00f3g\u0142 rzeszy pacjent\u00f3w, b\u0119dzie skrytykowany. Ryzyko zawodowe? Pewnie i tak. Trzeba si\u0119 z tym liczy\u0107, ale z drugiej strony \u2013 przed umieszczeniem komentarza w internecie warto naprawd\u0119 zastanowi\u0107 si\u0119 czy dany lekarz rzeczywi\u015bcie na to zas\u0142uguje. Co\u015b takiego mo\u017ce mu bowiem zniszczy\u0107 karier\u0119\u2026<\/p>\n<p>&nbsp;<\/p>\n","protected":false},"excerpt":{"rendered":"<p>Lekarz Twoim wrogiem? Fora internetowe przepe\u0142nione s\u0105 komentarzami pe\u0142nymi nienawi\u015bci. Krytyczne komentarze kierowane s\u0105 bardzo cz\u0119sto do grup zawodowych. Najcz\u0119\u015bciej s\u0105 to\u2026 lekarze. Praca dla lekarza to najcz\u0119\u015bciej ca\u0142e jego \u017cycie. Niew\u0105tpliwie maj\u0105c na my\u015bli \u201epraca kardiolog\u201d, \u201epraca ginekolog\u201d, \u201epraca chirurg\u201d, \u201epraca stomatolog\u201d, \u201epraca reumatolog\u201d, \u201epraca dermatolog\u201d itd. najcz\u0119\u015bciej mamy na my\u015bli co\u015b wi\u0119cej ni\u017c&hellip; <br \/> <a class=\"read-more\" href=\"http:\/\/praca-medycyna.pl\/?page_id=2930\">Read more<\/a><\/p>\n","protected":false},"author":2,"featured_media":0,"parent":57,"menu_order":0,"comment_status":"closed","ping_status":"closed","template":"","meta":{"footnotes":""},"class_list":["post-2930","page","type-page","status-publish","hentry"],"_links":{"self":[{"href":"http:\/\/praca-medycyna.pl\/index.php?rest_route=\/wp\/v2\/pages\/2930","targetHints":{"allow":["GET"]}}],"collection":[{"href":"http:\/\/praca-medycyna.pl\/index.php?rest_route=\/wp\/v2\/pages"}],"about":[{"href":"http:\/\/praca-medycyna.pl\/index.php?rest_route=\/wp\/v2\/types\/page"}],"author":[{"embeddable":true,"href":"http:\/\/praca-medycyna.pl\/index.php?rest_route=\/wp\/v2\/users\/2"}],"replies":[{"embeddable":true,"href":"http:\/\/praca-medycyna.pl\/index.php?rest_route=%2Fwp%2Fv2%2Fcomments&post=2930"}],"version-history":[{"count":1,"href":"http:\/\/praca-medycyna.pl\/index.php?rest_route=\/wp\/v2\/pages\/2930\/revisions"}],"predecessor-version":[{"id":2931,"href":"http:\/\/praca-medycyna.pl\/index.php?rest_route=\/wp\/v2\/pages\/2930\/revisions\/2931"}],"up":[{"embeddable":true,"href":"http:\/\/praca-medycyna.pl\/index.php?rest_route=\/wp\/v2\/pages\/57"}],"wp:attachment":[{"href":"http:\/\/praca-medycyna.pl\/index.php?rest_route=%2Fwp%2Fv2%2Fmedia&parent=2930"}],"curies":[{"name":"wp","href":"https:\/\/api.w.org\/{rel}","templated":true}]}}