{"id":2932,"date":"2012-06-25T11:45:21","date_gmt":"2012-06-25T11:45:21","guid":{"rendered":"http:\/\/www.pracamedycyna.pl\/?page_id=2932"},"modified":"2016-02-16T16:49:32","modified_gmt":"2016-02-16T16:49:32","slug":"praca-lekarza-etat-czy-wlasny-gabinet","status":"publish","type":"page","link":"http:\/\/praca-medycyna.pl\/?page_id=2932","title":{"rendered":"Praca lekarza \u2013  etat czy w\u0142asny gabinet?"},"content":{"rendered":"<p><strong><span style=\"text-decoration: underline;\">Praca lekarza \u2013\u00a0 etat czy w\u0142asny gabinet?<\/span><\/strong><\/p>\n<p>Edukacja przysz\u0142ego lekarza to nie jedyne trudno\u015bci na polu zawodowym, z kt\u00f3rymi b\u0119dzie musia\u0142 si\u0119 boryka\u0107. Najpierw jednak trzeba w og\u00f3le dosta\u0107 si\u0119 na medycyn\u0119. Nie jest to oczywi\u015bcie proste. Kr\u0105\u017cy mn\u00f3stwo legend na temat tego, \u017ce na Collegium Medicum dostaj\u0105 si\u0119 tylko i wy\u0142\u0105cznie osoby \u201epo znajomo\u015bci\u201d. Nie jest to oczywi\u015bcie prawd\u0105. Niemniej jednak \u2013 spora dawka wiedzy i talent to podstawa do tego, by zosta\u0107 lekarzem.<\/p>\n<p>Po trudnych studiach, przepe\u0142nionych nieprzespanymi nocami i morderczymi egzaminami, pozostaje specjalizacja. To kolejne trudy i znoje. Ale przecie\u017c na tym si\u0119 nie ko\u0144czy. Ka\u017cdy doskonale zdaje sobie spraw\u0119 z tego, \u017ce studia to ci\u0105g\u0142a nauka. I niewa\u017cne czy potem b\u0119dzie to praca kardiolog, praca anestezjolog czy praca stomatolog. W ka\u017cdym przypadku nauki jest mn\u00f3stwo. Medycyna ci\u0105gle si\u0119 rozwija i bez dostosowania si\u0119 do tego, co si\u0119 zmienia, \u017caden lekarz nie ma racji bytu.<\/p>\n<p>Wielu lekarzy medycyny staje (najcz\u0119\u015bciej ju\u017c po latach pracy) przed dylematem czy nadal pracowa\u0107 na etacie, czy mo\u017ce jednak lepiej (przede wszystkim korzystniej) nie by\u0142oby otworzy\u0107 w\u0142asnego gabinetu. Najcz\u0119\u015bciej taka praca dla stomatologa, ginekologa czy dermatologa to \u015bwietne rozwi\u0105zanie.<\/p>\n<p>Szczeg\u00f3lnie stomatologowie mog\u0105 wiele powiedzie\u0107 na ten temat. W przypadku pracy na etacie jako lekarz w s\u0142u\u017cbie zdrowia, pojawiaj\u0105 si\u0119 najcz\u0119\u015bciej dosy\u0107 powa\u017cne problemy sprz\u0119towe. Stomatolodzy musz\u0105 boryka\u0107 si\u0119 ze s\u0142abym o\u015bwietleniem, najta\u0144szymi materia\u0142ami, jak r\u00f3wnie\u017c i\u2026 warunkami w umowie, kt\u00f3re bardzo cz\u0119sto niewiele maj\u0105 wsp\u00f3lnego z rzeczywisto\u015bci\u0105. Ale oczywi\u015bcie, taka praca nie ma samych minus\u00f3w. Czas pracy zazwyczaj jest bardzo korzystny. Poza tym pracuj\u0105c w przychodni, mo\u017cna liczy\u0107 na ci\u0105g\u0142e towarzystwo, koleg\u00f3w i kole\u017canki z pracy itd. Niemniej jednak niemal ka\u017cdy lekarz stomatolog marzy o otwarciu w\u0142asnego gabinetu. Oczywi\u015bcie, \u0142atwo nie b\u0119dzie, bo przecie\u017c w\u0142asna dzia\u0142alno\u015b\u0107 gospodarcza to szereg r\u00f3\u017cnego rodzaju obowi\u0105zk\u00f3w. Trzeba prowadzi\u0107 dokumentacj\u0119, konieczne jest pami\u0119tanie o wszelakich op\u0142atach, kontrolach z sanepidu itd. Poza tym w\u0142asny gabinet to praca na w\u0142asne nazwisko. To oczywi\u015bcie mo\u017ce dawa\u0107 ogromn\u0105 satysfakcj\u0119, ale i presti\u017c. Z drugiej strony powoduje te\u017c niema\u0142e zdenerwowanie.<\/p>\n<p>W takim razie lepsza praca na swoim czy na etacie? Lekarz stomatolog, lekarz ginekolog czy inny lekarz odpowie na to pytanie zapewne inaczej. Ka\u017cdy lekarz ma inn\u0105 opini\u0119. Wiele zale\u017cy od miejsca, w kt\u00f3rym gabinet jest otwierany. Wiele zale\u017cy od do\u015bwiadczenia w pracy, wiele od tego jaki tryb pracy si\u0119 po prostu preferuje. Dlatego nie da si\u0119 jednoznacznie odpowiedzie\u0107 na to pytanie. Ka\u017cdy lekarz musi rozstrzyga\u0107 to wed\u0142ug siebie. Najwa\u017cniejsze jest to, by oszacowa\u0107, co tak naprawd\u0119 b\u0119dzie si\u0119 bardziej op\u0142aca\u0107. Ale nie mo\u017cna zapomina\u0107 r\u00f3wnie\u017c o wzi\u0119ciu pod uwag\u0119 swoich upodoba\u0144. Ka\u017cdy lekarz powinien po prostu stwierdzi\u0107 co mu si\u0119 bardziej podoba. Czy jest to praca w przychodni czy w gabinecie \u201eu kogo\u015b\u201d. Czy mo\u017ce jednak praca zupe\u0142nie na swoim. Wbrew pozorom nie ka\u017cdemu odpowiada ta druga opcja.<\/p>\n<p>&nbsp;<\/p>\n","protected":false},"excerpt":{"rendered":"<p>Praca lekarza \u2013\u00a0 etat czy w\u0142asny gabinet? Edukacja przysz\u0142ego lekarza to nie jedyne trudno\u015bci na polu zawodowym, z kt\u00f3rymi b\u0119dzie musia\u0142 si\u0119 boryka\u0107. Najpierw jednak trzeba w og\u00f3le dosta\u0107 si\u0119 na medycyn\u0119. Nie jest to oczywi\u015bcie proste. Kr\u0105\u017cy mn\u00f3stwo legend na temat tego, \u017ce na Collegium Medicum dostaj\u0105 si\u0119 tylko i wy\u0142\u0105cznie osoby \u201epo znajomo\u015bci\u201d.&hellip; <br \/> <a class=\"read-more\" href=\"http:\/\/praca-medycyna.pl\/?page_id=2932\">Read more<\/a><\/p>\n","protected":false},"author":2,"featured_media":0,"parent":57,"menu_order":0,"comment_status":"closed","ping_status":"closed","template":"","meta":{"footnotes":""},"class_list":["post-2932","page","type-page","status-publish","hentry"],"_links":{"self":[{"href":"http:\/\/praca-medycyna.pl\/index.php?rest_route=\/wp\/v2\/pages\/2932","targetHints":{"allow":["GET"]}}],"collection":[{"href":"http:\/\/praca-medycyna.pl\/index.php?rest_route=\/wp\/v2\/pages"}],"about":[{"href":"http:\/\/praca-medycyna.pl\/index.php?rest_route=\/wp\/v2\/types\/page"}],"author":[{"embeddable":true,"href":"http:\/\/praca-medycyna.pl\/index.php?rest_route=\/wp\/v2\/users\/2"}],"replies":[{"embeddable":true,"href":"http:\/\/praca-medycyna.pl\/index.php?rest_route=%2Fwp%2Fv2%2Fcomments&post=2932"}],"version-history":[{"count":3,"href":"http:\/\/praca-medycyna.pl\/index.php?rest_route=\/wp\/v2\/pages\/2932\/revisions"}],"predecessor-version":[{"id":2948,"href":"http:\/\/praca-medycyna.pl\/index.php?rest_route=\/wp\/v2\/pages\/2932\/revisions\/2948"}],"up":[{"embeddable":true,"href":"http:\/\/praca-medycyna.pl\/index.php?rest_route=\/wp\/v2\/pages\/57"}],"wp:attachment":[{"href":"http:\/\/praca-medycyna.pl\/index.php?rest_route=%2Fwp%2Fv2%2Fmedia&parent=2932"}],"curies":[{"name":"wp","href":"https:\/\/api.w.org\/{rel}","templated":true}]}}