{"id":30,"date":"2011-10-13T09:56:21","date_gmt":"2011-10-13T09:56:21","guid":{"rendered":"http:\/\/www.pracamedycyna.pl\/?page_id=30"},"modified":"2020-09-01T09:03:47","modified_gmt":"2020-09-01T09:03:47","slug":"platne-ogloszenie-pracodawcy","status":"publish","type":"page","link":"http:\/\/praca-medycyna.pl\/?page_id=30","title":{"rendered":"PRACODAWCA"},"content":{"rendered":"<p><strong><span style=\"color: #ff0000;\">CENA za publikacj\u0119 og\u0142osze\u0144 z ofertami pracy<\/span>:<\/strong><\/p>\n<h3>&#8211; 1 szt. \/<strong>90<\/strong>\u00a0dni:\u00a0<strong>75 z\u0142 \u00a0netto\u00a0<\/strong>+ VAT<\/h3>\n<p>W celu publikacji og\u0142oszenia prosimy o wype\u0142nienie poni\u017cszego formularza lub wys\u0142anie tre\u015bci og\u0142oszenia na adres ogloszenia@pracamedycyna.pl. Po otrzymaniu formularza \u00a0ode\u015blemy na podany adres e-mail faktur\u0119 za publikacj\u0119 og\u0142oszenia z danymi do przelewu . Og\u0142oszenie zostanie opublikowane po op\u0142aceniu faktury lub po dokonaniu p\u0142atno\u015bci on-line za pomoca platformy<a href=\"https:\/\/www.pracamedycyna.pl\/produkt\/ogloszenie-standard-na-90-dni\/\">\u00a0PayU<\/a><\/p>\n<p>&nbsp;<\/p>\n\n<div class=\"wpcf7 no-js\" id=\"wpcf7-f10521-o1\" lang=\"\" dir=\"ltr\">\n<div class=\"screen-reader-response\"><p role=\"status\" aria-live=\"polite\" aria-atomic=\"true\"><\/p> <ul><\/ul><\/div>\n<form action=\"\/index.php?rest_route=%2Fwp%2Fv2%2Fpages%2F30#wpcf7-f10521-o1\" method=\"post\" class=\"wpcf7-form init\" aria-label=\"Contact form\" novalidate=\"novalidate\" data-status=\"init\">\n<div style=\"display: none;\">\n<input type=\"hidden\" name=\"_wpcf7\" value=\"10521\" \/>\n<input type=\"hidden\" name=\"_wpcf7_version\" value=\"5.8.3\" \/>\n<input type=\"hidden\" name=\"_wpcf7_locale\" value=\"\" \/>\n<input type=\"hidden\" name=\"_wpcf7_unit_tag\" value=\"wpcf7-f10521-o1\" \/>\n<input type=\"hidden\" name=\"_wpcf7_container_post\" value=\"0\" \/>\n<input type=\"hidden\" name=\"_wpcf7_posted_data_hash\" value=\"\" \/>\n<\/div>\n<div class=\"wpcf7-response-output\" aria-hidden=\"true\"><\/div>\n<\/form>\n<\/div>\n\n<p>&nbsp;<\/p>\n","protected":false},"excerpt":{"rendered":"<p>CENA za publikacj\u0119 og\u0142osze\u0144 z ofertami pracy: &#8211; 1 szt. \/90\u00a0dni:\u00a075 z\u0142 \u00a0netto\u00a0+ VAT W celu publikacji og\u0142oszenia prosimy o wype\u0142nienie poni\u017cszego formularza lub wys\u0142anie tre\u015bci og\u0142oszenia na adres ogloszenia@pracamedycyna.pl. Po otrzymaniu formularza \u00a0ode\u015blemy na podany adres e-mail faktur\u0119 za publikacj\u0119 og\u0142oszenia z danymi do przelewu . Og\u0142oszenie zostanie opublikowane po op\u0142aceniu faktury lub po&hellip; <br \/> <a class=\"read-more\" href=\"http:\/\/praca-medycyna.pl\/?page_id=30\">Read more<\/a><\/p>\n","protected":false},"author":1,"featured_media":0,"parent":0,"menu_order":0,"comment_status":"closed","ping_status":"closed","template":"","meta":{"footnotes":""},"class_list":["post-30","page","type-page","status-publish","hentry"],"_links":{"self":[{"href":"http:\/\/praca-medycyna.pl\/index.php?rest_route=\/wp\/v2\/pages\/30","targetHints":{"allow":["GET"]}}],"collection":[{"href":"http:\/\/praca-medycyna.pl\/index.php?rest_route=\/wp\/v2\/pages"}],"about":[{"href":"http:\/\/praca-medycyna.pl\/index.php?rest_route=\/wp\/v2\/types\/page"}],"author":[{"embeddable":true,"href":"http:\/\/praca-medycyna.pl\/index.php?rest_route=\/wp\/v2\/users\/1"}],"replies":[{"embeddable":true,"href":"http:\/\/praca-medycyna.pl\/index.php?rest_route=%2Fwp%2Fv2%2Fcomments&post=30"}],"version-history":[{"count":31,"href":"http:\/\/praca-medycyna.pl\/index.php?rest_route=\/wp\/v2\/pages\/30\/revisions"}],"predecessor-version":[{"id":10533,"href":"http:\/\/praca-medycyna.pl\/index.php?rest_route=\/wp\/v2\/pages\/30\/revisions\/10533"}],"wp:attachment":[{"href":"http:\/\/praca-medycyna.pl\/index.php?rest_route=%2Fwp%2Fv2%2Fmedia&parent=30"}],"curies":[{"name":"wp","href":"https:\/\/api.w.org\/{rel}","templated":true}]}}