{"id":3068,"date":"2012-07-11T18:02:22","date_gmt":"2012-07-11T18:02:22","guid":{"rendered":"http:\/\/www.pracamedycyna.pl\/?page_id=3068"},"modified":"2016-02-13T14:31:41","modified_gmt":"2016-02-13T14:31:41","slug":"praca-niemcy-lekarz","status":"publish","type":"page","link":"http:\/\/praca-medycyna.pl\/?page_id=3068","title":{"rendered":"Praca Niemcy lekarz"},"content":{"rendered":"<p><strong><span style=\"text-decoration: underline;\">Praca Niemcy lekarz<\/span><\/strong><\/p>\n<p>Polscy lekarze bardzo cz\u0119sto narzekaj\u0105. Nawet nie tylko na warunki pracy, ale na zarobki. Rzeczywi\u015bcie, wyp\u0142ata, szczeg\u00f3lnie m\u0142odych, dopiero co pocz\u0105tkuj\u0105cych lekarzy (ale jednak ju\u017c lekarzy) pozostawia wiele do \u017cyczenia. M\u0142ody lekarz, tu\u017c po studiach, gdy dope\u0142ni kilku formalno\u015bci, zarabia nieca\u0142e dwa tysi\u0105ce z\u0142otych. Po sta\u017cu, przed specjalizacj\u0105 (na kt\u00f3r\u0105 bardzo trudno si\u0119 dosta\u0107) niewiele wi\u0119cej. Nic dziwnego, \u017ce pojawia si\u0119 wiele negatywnych opinii. Lekarze, cz\u0119sto w\u0142a\u015bnie ci m\u0142odzi, decyduj\u0105 si\u0119 na to, by wyjecha\u0107 za granic\u0119. Albo przynajmniej maj\u0105 takie plany. Rzeczywi\u015bcie, zagranicznych ofert z tego zakresu nie brakuje. Lekarz praca za granic\u0105 kusi przede wszystkim niema\u0142ymi zarobkami. Bardzo cz\u0119sto pracodawcy oferuj\u0105 dodatkowo (bezp\u0142atnie) zakwaterowanie oraz dodatkowe kursy j\u0119zykowe. \u201eLekarz praca Australia\u201d, \u201elekarz praca za granic\u0105\u201d, \u201epraca pediatra Australia\u201d i przede wszystkim \u201epraca Niemcy lekarz\u201d kusz\u0105. Wysokimi zarobkami, wysokim standardem pracy i co za tym idzie \u2013 wysokim standardem \u017cycia.<\/p>\n<p>Okazuje si\u0119, \u017ce w niemieckich szpitalach wyst\u0119puj\u0105 powa\u017cne problemy kadrowe. Nic dziwnego, \u017ce wielu polskich lekarzy, w tym lekarzy specjalist\u00f3w, zaczyna wype\u0142nia\u0107 te luki. By\u0142 czas (par\u0119 lat temu), \u017ce ch\u0119tnych lekarzy w Polsce na wyjazdy do pracy za granic\u0119 by\u0142o mn\u00f3stwo. Potem zainteresowanie nieco wpad\u0142o. Trzeba jednak przyzna\u0107, \u017ce w tym momencie ch\u0119tnych do tego rodzaju wyjazd\u00f3w jest naprawd\u0119 wiele. Potwierdza to Naczelna Izba Lekarska, kt\u00f3ra ka\u017cdego roku wydaje oko\u0142o o\u015bmiuset za\u015bwiadcze\u0144, kt\u00f3re s\u0105 niezb\u0119dne do uznania kwalifikacji zawodowych w krajach Unii Europejskiej. Izba potwierdza, \u017ce najch\u0119tniej opuszczaj\u0105 w celach zarobkowych Polsk\u0119 m\u0142odzi lekarze. Wynika to nie tylko z kwestii finansowych, ale r\u00f3wnie\u017c z tego, \u017ce to w\u0142a\u015bnie w Niemczech maj\u0105 dost\u0119p do specjalizacji, na kt\u00f3re w Polsce jest si\u0119 bardzo trudno dosta\u0107. No, a sprawy finansowe to ju\u017c swoj\u0105 drog\u0105. Na pocz\u0105tek m\u0142ody lekarz mo\u017ce zarobi\u0107 oko\u0142o trzech i p\u00f3\u0142 tysi\u0105ca Euro brutto.<\/p>\n<p>Jakich specjalist\u00f3w brakuje w Niemczech? G\u0142\u00f3wnie kardiolog\u00f3w, internist\u00f3w, chirurg\u00f3w oraz psychiatr\u00f3w. Trudno powiedzie\u0107 kto zast\u0105pi tych, kt\u00f3rzy wyjad\u0105. Bo przecie\u017c Polska nie jest krajem zbyt cz\u0119sto wybieranym przez lekarzy z zagranicy. Okazuje si\u0119, \u017ce osoby z innych kraj\u00f3w stanowi\u0105 w polskich szpitalach tylko jeden procent.<\/p>\n<p>To, \u017ce praca dla lekarzy zagranic\u0105 (mi\u0119dzy innymi w Niemczech) cieszy si\u0119 tak du\u017cym zainteresowaniem, spowodowa\u0142o, \u017ce ci\u0105gle przybywa firm, kt\u00f3re po\u015brednicz\u0105 w zatrudnianiu medyk\u00f3w zagranic\u0105. Pomagaj\u0105 nie tylko znale\u017a\u0107 prac\u0119, ale r\u00f3wnie\u017c zakwaterowanie. Polscy lekarze decyduj\u0105cy si\u0119 na skorzystanie z tego rodzaju pomocy, powinni by\u0107 jednak bardzo czujni. Warto wybiera\u0107 tylko sprawdzone firmy, a nie przypadkowe. Wed\u0142ug danych tego rodzaju firm, okazuje si\u0119 \u017ce najwi\u0119cej lekarzy zainteresowanych prac\u0105 za granic\u0105, pochodzi przede wszystkim z zachodniej cz\u0119\u015bci Polski. Pow\u00f3d? Do\u015b\u0107 prosty. Wynika to z s\u0105siedztwa. Wielu lekarzy nawet nie musi si\u0119 przeprowadza\u0107. Po prostu doje\u017cd\u017caj\u0105 kilkadziesi\u0105t kilometr\u00f3w do miejsca pracy.<\/p>\n<p>&nbsp;<\/p>\n","protected":false},"excerpt":{"rendered":"<p>Praca Niemcy lekarz Polscy lekarze bardzo cz\u0119sto narzekaj\u0105. Nawet nie tylko na warunki pracy, ale na zarobki. Rzeczywi\u015bcie, wyp\u0142ata, szczeg\u00f3lnie m\u0142odych, dopiero co pocz\u0105tkuj\u0105cych lekarzy (ale jednak ju\u017c lekarzy) pozostawia wiele do \u017cyczenia. M\u0142ody lekarz, tu\u017c po studiach, gdy dope\u0142ni kilku formalno\u015bci, zarabia nieca\u0142e dwa tysi\u0105ce z\u0142otych. Po sta\u017cu, przed specjalizacj\u0105 (na kt\u00f3r\u0105 bardzo trudno&hellip; <br \/> <a class=\"read-more\" href=\"http:\/\/praca-medycyna.pl\/?page_id=3068\">Read more<\/a><\/p>\n","protected":false},"author":2,"featured_media":0,"parent":57,"menu_order":0,"comment_status":"closed","ping_status":"closed","template":"","meta":{"footnotes":""},"class_list":["post-3068","page","type-page","status-publish","hentry"],"_links":{"self":[{"href":"http:\/\/praca-medycyna.pl\/index.php?rest_route=\/wp\/v2\/pages\/3068","targetHints":{"allow":["GET"]}}],"collection":[{"href":"http:\/\/praca-medycyna.pl\/index.php?rest_route=\/wp\/v2\/pages"}],"about":[{"href":"http:\/\/praca-medycyna.pl\/index.php?rest_route=\/wp\/v2\/types\/page"}],"author":[{"embeddable":true,"href":"http:\/\/praca-medycyna.pl\/index.php?rest_route=\/wp\/v2\/users\/2"}],"replies":[{"embeddable":true,"href":"http:\/\/praca-medycyna.pl\/index.php?rest_route=%2Fwp%2Fv2%2Fcomments&post=3068"}],"version-history":[{"count":4,"href":"http:\/\/praca-medycyna.pl\/index.php?rest_route=\/wp\/v2\/pages\/3068\/revisions"}],"predecessor-version":[{"id":3081,"href":"http:\/\/praca-medycyna.pl\/index.php?rest_route=\/wp\/v2\/pages\/3068\/revisions\/3081"}],"up":[{"embeddable":true,"href":"http:\/\/praca-medycyna.pl\/index.php?rest_route=\/wp\/v2\/pages\/57"}],"wp:attachment":[{"href":"http:\/\/praca-medycyna.pl\/index.php?rest_route=%2Fwp%2Fv2%2Fmedia&parent=3068"}],"curies":[{"name":"wp","href":"https:\/\/api.w.org\/{rel}","templated":true}]}}