{"id":3071,"date":"2012-07-11T18:03:57","date_gmt":"2012-07-11T18:03:57","guid":{"rendered":"http:\/\/www.pracamedycyna.pl\/?page_id=3071"},"modified":"2016-02-13T14:32:08","modified_gmt":"2016-02-13T14:32:08","slug":"praca-polskich-lekarzy-za-granica","status":"publish","type":"page","link":"http:\/\/praca-medycyna.pl\/?page_id=3071","title":{"rendered":"Praca polskich lekarzy za granic\u0105"},"content":{"rendered":"<p><strong><span style=\"text-decoration: underline;\">Praca polskich lekarzy za granic\u0105<\/span><\/strong><\/p>\n<p>D\u0142ugo si\u0119 ucz\u0105, a na dobre (czyt. op\u0142acalne) specjalizacje, dostaj\u0105 si\u0119 tylko najlepsi. M\u0142odzi lekarze maj\u0105 zatem nie\u0142atwy orzech do zgryzienia. Najpierw intensywnie si\u0119 ucz\u0105, a po studiach, przed wyborem specjalizacji pracuj\u0105 albo za darmo albo za grosze. Sprawdzanie kolejnych ofert pracy i bezskuteczne wpisywanie w wyszukiwark\u0119 internetow\u0105 hase\u0142: \u201epraca lekarz\u201d, \u201epraca dla lekarzy\u201d, \u201epraca dla lekarza\u201d, a po uzyskaniu specjalizacji \u201epraca pediatra\u201d, \u201epraca okulista\u201d, \u201epraca stomatolog\u201d, \u201epraca dentysta\u201d mo\u017ce by\u0107 bardzo frustruj\u0105ce. Nic dziwnego, \u017ce lekarze, podobnie tak\u017ce jak piel\u0119gniarki, niejednokrotnie rozwa\u017caj\u0105 opcj\u0119 wyjazdu za granic\u0119. Nie ma si\u0119 co dziwi\u0107 \u2013 warunki pracy znacznie lepsze i oczywi\u015bcie, co najwa\u017cniejsze, zarobki wysokie. Podajmy przyk\u0142ady, aby zobrazowa\u0107 t\u0119 sytuacj\u0119. W kraju takim jak Szwajcaria lekarz rezydent zarabia od trzech do sze\u015bciu tysi\u0119cy Euro. We Francji zarobki wynosz\u0105 od dw\u00f3ch do trzech tysi\u0119cy Euro. Jest r\u00f3\u017cnica? W Polsce rezydent zarobki \u201ena r\u0119k\u0119\u201d niewiele ponad tysi\u0105c z\u0142otych. Dlatego pracuje w kilku miejscach, aby po prostu z czego\u015b \u017cy\u0107.<\/p>\n<p>Bior\u0105c pod uwag\u0119 fakt, \u017ce w za granic\u0105 lekarze zarabiaj\u0105 tak dobrze, mo\u017cemy spodziewa\u0107 si\u0119 w polskiej s\u0142u\u017cbie zdrowia niema\u0142ych problem\u00f3w kadrowych. Czy do nich dojdzie? Mo\u017cna si\u0119 tego domy\u015bli\u0107, je\u017celi nadal kolejne propozycje ofertowe w stylu \u201elekarz praca za granic\u0105\u201d, \u201elekarz praca Niemcy\u201d, \u201elekarz praca Szwajcaria\u201d czy \u201elekarz praca Australia\u201d b\u0119d\u0105 takie atrakcyjne dla naszych specjalist\u00f3w.<\/p>\n<p>Okazuje si\u0119, \u017ce nie tylko polscy m\u0142odzi lekarze narzekaj\u0105 na warunki pracy oraz przede wszystkim na zarobki. Pocz\u0105tkuj\u0105cy lekarze z Czech oraz z Rumunii maj\u0105 bardzo wiele dodatkowych dy\u017cur\u00f3w, co w og\u00f3le nie przek\u0142ada si\u0119 na ich zarobki. Wielu z nich twierdzi, \u017ce je\u017celi nie otrzyma podwy\u017cki, to wyjedzie do Niemiec albo Austrii. Wielu ju\u017c to zrobi\u0142o. Trudno si\u0119 dziwi\u0107. M\u0142odzi lekarze z tych kraj\u00f3w twierdz\u0105, \u017ce pracuj\u0105 nawet po trzydzie\u015bci godzin bez przerwy. Boj\u0105 si\u0119, \u017ce mimo kr\u00f3tkiego sta\u017cu pracy i m\u0142odego wieku, szybko wypal\u0105 si\u0119 zawodowo. A w pracy lekarza to mo\u017ce by\u0107 bardzo niebezpieczne.<\/p>\n<p>Rynek pracy lekarzy otwiera si\u0119 tak\u017ce na specjalist\u00f3w z Rumunii. Dowodem na to mog\u0105 by\u0107 np. Targi Pracy za Granic\u0105 dla Pracownik\u00f3w S\u0142u\u017cby Zdrowia, kt\u00f3re dwa razy w roku odbywaj\u0105 si\u0119 w Bukareszcie. Kto przede wszystkim bierze w nich udzia\u0142? S\u0105 to menad\u017cerowie szpitali oraz przychodni takich kraj\u00f3w jak Wielka Brytania, Francja, Niemcy, Austria, Holandia czy np. Szwecja. Przyje\u017cd\u017caj\u0105 np. do Rumunii, by zapobiec problemom kadrowym we w\u0142asnych plac\u00f3wkach. Przede wszystkim zale\u017cy im na znalezieniu specjalist\u00f3w z takich dziedzin jak anestezjologia, ratownictwo medyczne, psychiatria, chirurgia czy pediatria. Okazuje si\u0119, \u017ce nie maj\u0105 wi\u0119kszych problem\u00f3w z przekonaniem m\u0142odych specjalist\u00f3w z Rumunii. Trudno si\u0119 dziwi\u0107, skoro oferuj\u0105 tak atrakcyjne dla m\u0142odych lekarzy wynagrodzenie. M\u0142ody lekarz w Rumunii otrzymuje pensj\u0119 w wysoko\u015bci ok. trzystu Euro. W Niemczech mo\u017ce zarobi\u0107 nawet dziesi\u0119\u0107 razy wi\u0119cej. Je\u017celi chodzi za\u015b o kraje skandynawskie to tutaj zarobki m\u0142odych lekarzy si\u0119gaj\u0105 10-12 tysi\u0119cy Euro.<\/p>\n<p>&nbsp;<\/p>\n","protected":false},"excerpt":{"rendered":"<p>Praca polskich lekarzy za granic\u0105 D\u0142ugo si\u0119 ucz\u0105, a na dobre (czyt. op\u0142acalne) specjalizacje, dostaj\u0105 si\u0119 tylko najlepsi. M\u0142odzi lekarze maj\u0105 zatem nie\u0142atwy orzech do zgryzienia. Najpierw intensywnie si\u0119 ucz\u0105, a po studiach, przed wyborem specjalizacji pracuj\u0105 albo za darmo albo za grosze. Sprawdzanie kolejnych ofert pracy i bezskuteczne wpisywanie w wyszukiwark\u0119 internetow\u0105 hase\u0142: \u201epraca&hellip; <br \/> <a class=\"read-more\" href=\"http:\/\/praca-medycyna.pl\/?page_id=3071\">Read more<\/a><\/p>\n","protected":false},"author":2,"featured_media":0,"parent":57,"menu_order":0,"comment_status":"closed","ping_status":"closed","template":"","meta":{"footnotes":""},"class_list":["post-3071","page","type-page","status-publish","hentry"],"_links":{"self":[{"href":"http:\/\/praca-medycyna.pl\/index.php?rest_route=\/wp\/v2\/pages\/3071","targetHints":{"allow":["GET"]}}],"collection":[{"href":"http:\/\/praca-medycyna.pl\/index.php?rest_route=\/wp\/v2\/pages"}],"about":[{"href":"http:\/\/praca-medycyna.pl\/index.php?rest_route=\/wp\/v2\/types\/page"}],"author":[{"embeddable":true,"href":"http:\/\/praca-medycyna.pl\/index.php?rest_route=\/wp\/v2\/users\/2"}],"replies":[{"embeddable":true,"href":"http:\/\/praca-medycyna.pl\/index.php?rest_route=%2Fwp%2Fv2%2Fcomments&post=3071"}],"version-history":[{"count":4,"href":"http:\/\/praca-medycyna.pl\/index.php?rest_route=\/wp\/v2\/pages\/3071\/revisions"}],"predecessor-version":[{"id":8932,"href":"http:\/\/praca-medycyna.pl\/index.php?rest_route=\/wp\/v2\/pages\/3071\/revisions\/8932"}],"up":[{"embeddable":true,"href":"http:\/\/praca-medycyna.pl\/index.php?rest_route=\/wp\/v2\/pages\/57"}],"wp:attachment":[{"href":"http:\/\/praca-medycyna.pl\/index.php?rest_route=%2Fwp%2Fv2%2Fmedia&parent=3071"}],"curies":[{"name":"wp","href":"https:\/\/api.w.org\/{rel}","templated":true}]}}