{"id":3073,"date":"2012-07-11T18:04:37","date_gmt":"2012-07-11T18:04:37","guid":{"rendered":"http:\/\/www.pracamedycyna.pl\/?page_id=3073"},"modified":"2013-01-27T21:23:36","modified_gmt":"2013-01-27T21:23:36","slug":"polskie-pielegniarki-za-granica","status":"publish","type":"page","link":"http:\/\/praca-medycyna.pl\/?page_id=3073","title":{"rendered":"Polskie piel\u0119gniarki wybieraj\u0105 prac\u0119 za granic\u0105"},"content":{"rendered":"<p><strong><span style=\"text-decoration: underline;\">Polskie piel\u0119gniarki za granic\u0105<\/span><\/strong><\/p>\n<p>Ich praca jest bardzo ci\u0119\u017cka. Niejednokrotnie s\u0105 ma\u0142o doceniane, a przecie\u017c nie raz pracuj\u0105 ci\u0119\u017cej ni\u017c lekarze. O kim mowa? Oczywi\u015bcie, o piel\u0119gniarkach. W Polsce nie kszta\u0142ci si\u0119 ich wcale tak ma\u0142o. Wiele przysz\u0142ych piel\u0119gniarek uczy si\u0119 jednak nowego zawodu tylko po to, by wyjecha\u0107 za granic\u0119. Okazuje si\u0119 bowiem, \u017ce tam praca piel\u0119gniarki jest bardzo dobrze op\u0142acana. Ale nie tylko o zarobki tutaj chodzi. Za granic\u0105, w wielu krajach, piel\u0119gniarki s\u0105 po prostu bardziej doceniane ni\u017c we w\u0142asnej ojczy\u017anie.<\/p>\n<p>Prawdziwy boom na wyjazd piel\u0119gniarek do pracy za granic\u0119 mia\u0142 miejsce par\u0119 lat temu. Oko\u0142o 2008 roku wszystko si\u0119 jednak nieco uspokoi\u0142o. A to dlatego, \u017ce nast\u0105pi\u0142y podwy\u017cki wynagrodzenia w polskich szpitalach. Nie tylko dla lekarzy, ale tak\u017ce w\u0142a\u015bnie dla piel\u0119gniarek. Nasze siostry przesta\u0142y wi\u0119c w pewnym stopniu wyje\u017cd\u017ca\u0107 przede wszystkim do pracy do Irlandii oraz do Wielkiej Brytanii. Dzisiaj okazuje si\u0119 jednak, \u017ce ch\u0119tnych piel\u0119gniarek do wyjazd\u00f3w znowu przybywa. Bardzo interesuj\u0105ce oferty nap\u0142ywaj\u0105 przede wszystkim z Niemiec. Tam oferty takie jak \u201epiel\u0119gniarka praca\u201d, \u201epraca dla piel\u0119gniarek\u201d, \u201epiel\u0119gniarka praca Niemcy\u201d jest naprawd\u0119 mn\u00f3stwo. Ch\u0119tnych znowu wcale nie tak wiele. O ile bowiem w przypadku Anglii czy Irlandii j\u0119zyk nie jest wielkim problemem, tak jednak w przypadku Niemiec wygl\u0105da to inaczej. J\u0119zyk niemiecki nie jest bowiem j\u0119zykiem za bardzo znanym Polakom. W Wojew\u00f3dzkim Urz\u0119dach Pracy podkre\u015bla si\u0119 jednak, \u017ce og\u00f3lnie polskie piel\u0119gniarki maj\u0105 problemy z j\u0119zykami obcymi. W toku nauki bardzo ma\u0142o czasu po\u015bwi\u0119ca si\u0119 na nauk\u0119 angielskiego, niemieckiego, rosyjskiego czy francuskiego. A przecie\u017c bez j\u0119zyka ani rusz. Ale na przyk\u0142ad by wyjecha\u0107 do Niemiec wystarczy zna\u0107 j\u0119zyk tylko w stopniu podstawowym. To wystarczy, poniewa\u017c wielu przysz\u0142ych pracodawc\u00f3w oferuje dodatkowe szkolenia j\u0119zykowe, najcz\u0119\u015bciej bezp\u0142atnie. Ale \u017ceby do nich przyst\u0105pi\u0107 trzeba przynajmniej w stopniu podstawowym zna\u0107 j\u0119zyk obcy.<\/p>\n<p>Przyszli pracodawcy piel\u0119gniarek oferuj\u0105 ca\u0142kiem niez\u0142e warunki pracy. Przynajmniej jeszcze do niedawna za miesi\u0105c pracy mieli do zaproponowania oko\u0142o dw\u00f3ch tysi\u0119cy euro. Do tego w wi\u0119kszo\u015bci przypadk\u00f3w zakwaterowanie, je\u017celi nie na sta\u0142e, to przynajmniej na pocz\u0105tku. Co powinna zrobi\u0107 piel\u0119gniarka, kt\u00f3ra chce spr\u00f3bowa\u0107 swoich si\u0142 w pracy w Niemczech? Potrzebne jest za\u015bwiadczenie z izby lekarskiej, kt\u00f3re b\u0119dzie potwierdzeniem posiadania kwalifikacji zawodowych przez dan\u0105 piel\u0119gniark\u0119. Okazuje si\u0119 jednak, na podstawie danych z Okr\u0119gowej Rady Piel\u0119gniarek i Po\u0142o\u017cnych w Lublinie, \u017ce zaczyna si\u0119 znowu boom na prac\u0119 zagranic\u0105. Kto przede wszystkim chce wyjecha\u0107? S\u0105 to zar\u00f3wno \u015bwie\u017co upieczone piel\u0119gniarki, tu\u017c po studiach. Ale nierzadko s\u0105 to takie piel\u0119gniarki z wieloletnim sta\u017cem. Te drugie najcz\u0119\u015bciej decyduj\u0105 si\u0119 na zmiany, po pracy w ma\u0142ych szpitalach powiatowych, kt\u00f3rych sytuacja finansowa jest bardzo z\u0142a. Chodzi o nic innego jak lepsze zarobki. I nie ma si\u0119 co dziwi\u0107. Praca piel\u0119gniarki, tak jak wspomnieli\u015bmy na pocz\u0105tku, to bardzo ci\u0119\u017cki kawa\u0142ek chleba.<\/p>\n<p>&nbsp;<\/p>\n","protected":false},"excerpt":{"rendered":"<p>Polskie piel\u0119gniarki za granic\u0105 Ich praca jest bardzo ci\u0119\u017cka. Niejednokrotnie s\u0105 ma\u0142o doceniane, a przecie\u017c nie raz pracuj\u0105 ci\u0119\u017cej ni\u017c lekarze. O kim mowa? Oczywi\u015bcie, o piel\u0119gniarkach. W Polsce nie kszta\u0142ci si\u0119 ich wcale tak ma\u0142o. Wiele przysz\u0142ych piel\u0119gniarek uczy si\u0119 jednak nowego zawodu tylko po to, by wyjecha\u0107 za granic\u0119. Okazuje si\u0119 bowiem, \u017ce&hellip; <br \/> <a class=\"read-more\" href=\"http:\/\/praca-medycyna.pl\/?page_id=3073\">Read more<\/a><\/p>\n","protected":false},"author":2,"featured_media":0,"parent":57,"menu_order":0,"comment_status":"closed","ping_status":"closed","template":"","meta":{"footnotes":""},"class_list":["post-3073","page","type-page","status-publish","hentry"],"_links":{"self":[{"href":"http:\/\/praca-medycyna.pl\/index.php?rest_route=\/wp\/v2\/pages\/3073","targetHints":{"allow":["GET"]}}],"collection":[{"href":"http:\/\/praca-medycyna.pl\/index.php?rest_route=\/wp\/v2\/pages"}],"about":[{"href":"http:\/\/praca-medycyna.pl\/index.php?rest_route=\/wp\/v2\/types\/page"}],"author":[{"embeddable":true,"href":"http:\/\/praca-medycyna.pl\/index.php?rest_route=\/wp\/v2\/users\/2"}],"replies":[{"embeddable":true,"href":"http:\/\/praca-medycyna.pl\/index.php?rest_route=%2Fwp%2Fv2%2Fcomments&post=3073"}],"version-history":[{"count":3,"href":"http:\/\/praca-medycyna.pl\/index.php?rest_route=\/wp\/v2\/pages\/3073\/revisions"}],"predecessor-version":[{"id":5978,"href":"http:\/\/praca-medycyna.pl\/index.php?rest_route=\/wp\/v2\/pages\/3073\/revisions\/5978"}],"up":[{"embeddable":true,"href":"http:\/\/praca-medycyna.pl\/index.php?rest_route=\/wp\/v2\/pages\/57"}],"wp:attachment":[{"href":"http:\/\/praca-medycyna.pl\/index.php?rest_route=%2Fwp%2Fv2%2Fmedia&parent=3073"}],"curies":[{"name":"wp","href":"https:\/\/api.w.org\/{rel}","templated":true}]}}