{"id":3075,"date":"2012-07-11T18:05:29","date_gmt":"2012-07-11T18:05:29","guid":{"rendered":"http:\/\/www.pracamedycyna.pl\/?page_id=3075"},"modified":"2012-07-11T18:05:29","modified_gmt":"2012-07-11T18:05:29","slug":"zarobki-mlodych-lekarzy-i-nie-tylko","status":"publish","type":"page","link":"http:\/\/praca-medycyna.pl\/?page_id=3075","title":{"rendered":"Zarobki m\u0142odych lekarzy i nie tylko.."},"content":{"rendered":"<p><strong><span style=\"text-decoration: underline;\">Zarobki m\u0142odych lekarzy i nie tylko..<\/span><\/strong><\/p>\n<p>Praca stomatolog, praca pediatra, praca okulista czy w og\u00f3lnie praca lekarza wydaje si\u0119 bardzo presti\u017cowa. Rzeczywi\u015bcie, lekarz tak\u017ce i w dzisiejszych czasach cieszy si\u0119 raczej zaufaniem spo\u0142ecznym. Wielu twierdzi, \u017ce zaw\u00f3d lekarza to, co\u015b wi\u0119cej ni\u017c zwyk\u0142a praca. To nic innego jak swego rodzaju misja. Nie ma tutaj miejsca na wyrachowanie. Inni uwa\u017caj\u0105, \u017ce to praca jak praca \u2013 tyle, \u017ce bardzo dobrze p\u0142atna. Rzeczywi\u015bcie, dobry okulista czy dentysta, kt\u00f3ry ma w\u0142asny gabinet, sta\u0142ych pacjent\u00f3w i renom\u0119, rzeczywi\u015bcie mo\u017ce zarabia\u0107 naprawd\u0119 sporo. Ale zanim osi\u0105gnie taki presti\u017c d\u0142ugo musi naprawd\u0119 ci\u0119\u017cko pracowa\u0107. B\u0119d\u0105c m\u0142odym lekarzem, raczej nie ma szans na to, by du\u017co zarabia\u0107. Przez d\u0142ugie lata pracuje dzie\u0144 i noc za bardzo niskie wynagrodzenie. Ma nadziej\u0119, \u017ce ju\u017c nied\u0142ugo b\u0119dzie inaczej. Ale czy rzeczywi\u015bcie mo\u017ce na to liczy\u0107?<\/p>\n<p>Przyk\u0142ad\u00f3w daleko nie trzeba szuka\u0107. W naszym kraju m\u0142ody lekarz zarabia oko\u0142o 1900 z\u0142 na r\u0119k\u0119. Gdy jest ju\u017c specjalist\u0105 pierwszego stopnia na etacie to 3,4 tys. A jak to wygl\u0105da na przyk\u0142ad w Austrii? Oczywi\u015bcie, znacznie lepiej. Specjalizuj\u0105cy si\u0119 lekarz w Austrii mo\u017ce zarobi\u0107 miesi\u0119cznie od 3 do 6 tysi\u0119cy euro brutto. We Francji od 2 do 3 tysi\u0119cy euro.<\/p>\n<p>Mimo to ch\u0119tnych na studia medyczne w Polsce nie brakuje. M\u0142ody cz\u0142owiek, kt\u00f3ry decyduje si\u0119 na to, musi liczy\u0107 si\u0119 z tym, \u017ce czeka go bardzo wiele trudno\u015bci. Przede wszystkim sze\u015b\u0107 lat bardzo ci\u0119\u017ckich studi\u00f3w medycznych. W tym czasie student zdobywa og\u00f3ln\u0105 wiedz\u0119 medyczn\u0105. Ale tak naprawd\u0119 to dopiero pocz\u0105tek drogi. Musi dope\u0142ni\u0107 kilka formalno\u015bci i dopiero wtedy zdobywa prawo do wykonywania zawodu, ale tylko ograniczone. Nast\u0119pnie odbywa trzynastomiesi\u0119czny sta\u017c. W jego trakcie, albo tu\u017c po zdaje Lekarski Egzamin Pa\u0144stwowy LEP. Egzamin ten jest bardzo ci\u0119\u017cki. Jego zdanie daje lekarzowi pe\u0142ne prawo do wykonywania zawodu. To pozwala tak\u017ce na rozpocz\u0119cie nauki w jednej z czterdziestu specjalno\u015bci podstawowych. Nauka do tej specjalizacji trwa od dw\u00f3ch do sze\u015bciu lat. Ale niestety limity miejsc s\u0105 ograniczone. Podobnie jak na 28 specjalno\u015bciach szczeg\u00f3\u0142owych.<\/p>\n<p>Ministerstwo Zdrowia przeprowadzi\u0142o raport, z kt\u00f3rego wynika, \u017ce sytuacja m\u0142odych lekarzy wcale nie jest taka z\u0142a (je\u017celi chodzi o wzgl\u0119dy finansowe). Zarobki zale\u017c\u0105 przede wszystkim od tego, ile lekarz bierze dy\u017cur\u00f3w i oczywi\u015bcie czy jest zatrudniony na etat. Mo\u017ce r\u00f3wnie\u017c pracowa\u0107 na kontrakcie. I okazuje si\u0119, \u017ce w wielu przypadkach zarobki mog\u0105 by\u0107 wi\u0119ksze, ni\u017c te przedstawione na pocz\u0105tku. Lekarz na etacie, kt\u00f3ry nie posiada jeszcze specjalizacji, zarabia oko\u0142o trzech tysi\u0119cy brutto. Je\u017celi bierze dy\u017cury to mo\u017ce zarobi\u0107 nawet oko\u0142o sze\u015bciu tysi\u0119cy z\u0142otych. Na kontrakcie nawet ponad siedem. Specjali\u015bci pierwszego stopnia maj\u0105, oczywi\u015bcie, jeszcze lepiej. Aczkolwiek nie maj\u0105 oni co liczy\u0107 na wielkie podwy\u017cki z racji uzyskanego tytu\u0142u. Wynagrodzenie na etacie wynosi oko\u0142o trzech tysi\u0119cy z\u0142otych, z dy\u017curami siedem, a na kontrakcie prawie dziewi\u0119\u0107. Ordynator na przyk\u0142ad b\u0119d\u0105c na kontrakcie mo\u017ce zarobi\u0107 nawet 14 tysi\u0119cy z\u0142otych.<\/p>\n<p>&nbsp;<\/p>\n","protected":false},"excerpt":{"rendered":"<p>Zarobki m\u0142odych lekarzy i nie tylko.. Praca stomatolog, praca pediatra, praca okulista czy w og\u00f3lnie praca lekarza wydaje si\u0119 bardzo presti\u017cowa. Rzeczywi\u015bcie, lekarz tak\u017ce i w dzisiejszych czasach cieszy si\u0119 raczej zaufaniem spo\u0142ecznym. Wielu twierdzi, \u017ce zaw\u00f3d lekarza to, co\u015b wi\u0119cej ni\u017c zwyk\u0142a praca. To nic innego jak swego rodzaju misja. Nie ma tutaj miejsca&hellip; <br \/> <a class=\"read-more\" href=\"http:\/\/praca-medycyna.pl\/?page_id=3075\">Read more<\/a><\/p>\n","protected":false},"author":2,"featured_media":0,"parent":57,"menu_order":0,"comment_status":"closed","ping_status":"closed","template":"","meta":{"footnotes":""},"class_list":["post-3075","page","type-page","status-publish","hentry"],"_links":{"self":[{"href":"http:\/\/praca-medycyna.pl\/index.php?rest_route=\/wp\/v2\/pages\/3075","targetHints":{"allow":["GET"]}}],"collection":[{"href":"http:\/\/praca-medycyna.pl\/index.php?rest_route=\/wp\/v2\/pages"}],"about":[{"href":"http:\/\/praca-medycyna.pl\/index.php?rest_route=\/wp\/v2\/types\/page"}],"author":[{"embeddable":true,"href":"http:\/\/praca-medycyna.pl\/index.php?rest_route=\/wp\/v2\/users\/2"}],"replies":[{"embeddable":true,"href":"http:\/\/praca-medycyna.pl\/index.php?rest_route=%2Fwp%2Fv2%2Fcomments&post=3075"}],"version-history":[{"count":1,"href":"http:\/\/praca-medycyna.pl\/index.php?rest_route=\/wp\/v2\/pages\/3075\/revisions"}],"predecessor-version":[{"id":3076,"href":"http:\/\/praca-medycyna.pl\/index.php?rest_route=\/wp\/v2\/pages\/3075\/revisions\/3076"}],"up":[{"embeddable":true,"href":"http:\/\/praca-medycyna.pl\/index.php?rest_route=\/wp\/v2\/pages\/57"}],"wp:attachment":[{"href":"http:\/\/praca-medycyna.pl\/index.php?rest_route=%2Fwp%2Fv2%2Fmedia&parent=3075"}],"curies":[{"name":"wp","href":"https:\/\/api.w.org\/{rel}","templated":true}]}}