{"id":322,"date":"2011-10-26T21:34:43","date_gmt":"2011-10-26T21:34:43","guid":{"rendered":"http:\/\/www.pracamedycyna.pl\/?page_id=322"},"modified":"2012-02-10T22:16:54","modified_gmt":"2012-02-10T22:16:54","slug":"regulamin","status":"publish","type":"page","link":"http:\/\/praca-medycyna.pl\/?page_id=322","title":{"rendered":"Regulamin"},"content":{"rendered":"<p>1. Og\u0142oszenia b\u0119d\u0105 dodawane przez administratora strony po akceptacji tre\u015bci.<br \/>\n2. Administrator strony ma prawo do usuni\u0119cia w dowolnym momencie ka\u017cdego og\u0142oszenia.<br \/>\n3. Og\u0142oszenia zawieraj\u0105ce tre\u015bci wurgalne i naruszaj\u0105ce warto\u015bci osobiste i religine innych os\u00f3b nie b\u0119d\u0105 dodawane.<br \/>\n4. Og\u0142oszenia starsze ni\u017c 60 dni mog\u0105 by\u0107 usuwane automatycznie.<!--:--><\/p>\n","protected":false},"excerpt":{"rendered":"<p>1. Og\u0142oszenia b\u0119d\u0105 dodawane przez administratora strony po akceptacji tre\u015bci. 2. Administrator strony ma prawo do usuni\u0119cia w dowolnym momencie ka\u017cdego og\u0142oszenia. 3. Og\u0142oszenia zawieraj\u0105ce tre\u015bci wurgalne i naruszaj\u0105ce warto\u015bci osobiste i religine innych os\u00f3b nie b\u0119d\u0105 dodawane. 4. Og\u0142oszenia starsze ni\u017c 60 dni mog\u0105 by\u0107 usuwane automatycznie.<\/p>\n","protected":false},"author":2,"featured_media":0,"parent":0,"menu_order":0,"comment_status":"closed","ping_status":"closed","template":"","meta":{"footnotes":""},"class_list":["post-322","page","type-page","status-publish","hentry"],"_links":{"self":[{"href":"http:\/\/praca-medycyna.pl\/index.php?rest_route=\/wp\/v2\/pages\/322","targetHints":{"allow":["GET"]}}],"collection":[{"href":"http:\/\/praca-medycyna.pl\/index.php?rest_route=\/wp\/v2\/pages"}],"about":[{"href":"http:\/\/praca-medycyna.pl\/index.php?rest_route=\/wp\/v2\/types\/page"}],"author":[{"embeddable":true,"href":"http:\/\/praca-medycyna.pl\/index.php?rest_route=\/wp\/v2\/users\/2"}],"replies":[{"embeddable":true,"href":"http:\/\/praca-medycyna.pl\/index.php?rest_route=%2Fwp%2Fv2%2Fcomments&post=322"}],"version-history":[{"count":4,"href":"http:\/\/praca-medycyna.pl\/index.php?rest_route=\/wp\/v2\/pages\/322\/revisions"}],"predecessor-version":[{"id":1667,"href":"http:\/\/praca-medycyna.pl\/index.php?rest_route=\/wp\/v2\/pages\/322\/revisions\/1667"}],"wp:attachment":[{"href":"http:\/\/praca-medycyna.pl\/index.php?rest_route=%2Fwp%2Fv2%2Fmedia&parent=322"}],"curies":[{"name":"wp","href":"https:\/\/api.w.org\/{rel}","templated":true}]}}