{"id":3261,"date":"2012-08-08T11:54:38","date_gmt":"2012-08-08T11:54:38","guid":{"rendered":"http:\/\/www.pracamedycyna.pl\/?page_id=3261"},"modified":"2012-08-08T11:54:38","modified_gmt":"2012-08-08T11:54:38","slug":"kadra-do-realizacji-wyjazdow-edukacyjnych","status":"publish","type":"page","link":"http:\/\/praca-medycyna.pl\/?page_id=3261","title":{"rendered":"Kadra do realizacji wyjazd\u00f3w edukacyjnych"},"content":{"rendered":"<p>&nbsp;<\/p>\n<p align=\"center\"><strong>GALICYJSKIE CENTRUM EDUKACJI<\/strong><\/p>\n<p align=\"center\"><strong>pilnie zatrudni kadr\u0119 do realizacji wyjazd\u00f3w edukacyjnych<\/strong><\/p>\n<p align=\"center\"><strong>w n\/w zawodach:<\/strong><\/p>\n<p align=\"center\">\u00a0<strong><\/strong><\/p>\n<p><strong>Letnia Szko\u0142a dla Rodzica<\/strong><\/p>\n<p><strong>Terminy:\u00a0\u00a0\u00a0\u00a0\u00a0\u00a0\u00a0\u00a0 08-09.09.2012 (I turnus)<\/strong><\/p>\n<p><strong>\u00a0\u00a0\u00a0\u00a0\u00a0\u00a0\u00a0\u00a0\u00a0\u00a0\u00a0\u00a0\u00a0\u00a0\u00a0\u00a0\u00a0\u00a0\u00a0\u00a0\u00a0\u00a0\u00a0 15-16.09.2012 (II turnus)<\/strong><\/p>\n<p>&nbsp;<\/p>\n<table border=\"0\" cellspacing=\"0\" cellpadding=\"0\">\n<tbody>\n<tr>\n<td valign=\"top\" width=\"114\"><strong>Blok szkoleniowy<\/strong><\/td>\n<td valign=\"top\" width=\"98\"><strong>Wymiar godzinowy<\/strong><\/td>\n<td valign=\"top\" width=\"170\"><strong>Wymagania dotycz\u0105ce kadry<\/strong><\/td>\n<td valign=\"top\" width=\"260\"><strong>Program szkolenia<\/strong><\/td>\n<\/tr>\n<tr>\n<td valign=\"top\" width=\"114\"><strong><span style=\"text-decoration: underline;\">Animatorzy gier i zabaw dla dzieci<\/span><\/strong><\/p>\n<p><strong><span style=\"text-decoration: underline;\">dla turnusu I i II<\/span><\/strong><strong><\/strong><\/td>\n<td valign=\"top\" width=\"98\">Dzie\u0144 I<\/p>\n<p>Dzie\u0144 II<\/p>\n<p>&nbsp;<\/p>\n<p><strong>3 animator\u00f3w na ka\u017cdy dzie\u0144 na czas trwania wyjazd\u00f3w<\/strong><\/td>\n<td valign=\"top\" width=\"170\">&#8211; wykszta\u0142cenie lub przygotowanie pedagogiczne,<\/p>\n<p>&#8211; min. roczne do\u015bwiadczenie w pracy z dzie\u0107mi,<\/p>\n<p>&#8211; przynajmniej jeden z animator\u00f3w musi mie\u0107 uprawnienia ratownika WOPR.<\/td>\n<td valign=\"top\" width=\"260\">&#8211; zapewnienie opieki nad dzie\u0107mi,<\/p>\n<p>&#8211; organizacja atrakcyjnych gier, zabaw ruchowych, zabaw na \u015bwie\u017cym powietrzu, zaj\u0119\u0107 w \u015bwietlicy, zaj\u0119\u0107 survivalowych, zaj\u0119\u0107 integracyjnych, zaj\u0119\u0107 karaoke, zabaw w wodzie (w zale\u017cno\u015bci od pogody).<\/td>\n<\/tr>\n<tr>\n<td valign=\"top\" width=\"114\"><strong><span style=\"text-decoration: underline;\">Survival dla dzieci<\/span><\/strong><\/p>\n<p><strong><span style=\"text-decoration: underline;\">dla turnusu I i II<\/span><\/strong><strong><\/strong><\/td>\n<td valign=\"top\" width=\"98\">Dzie\u0144 I<\/p>\n<p>11<sup>30-<\/sup>13<sup>30\u00a0<\/sup><\/p>\n<p>&nbsp;<\/p>\n<p>Dzie\u0144 II:<\/p>\n<p>9<sup>45-<\/sup>13<sup>30<\/sup><\/p>\n<p>&nbsp;<\/p>\n<p><strong>1 Instruktor survivalu na ka\u017cdy dzie\u0144<\/strong><\/td>\n<td valign=\"top\" width=\"170\">&#8211; instruktor survivalu,<\/p>\n<p>&#8211; wykszta\u0142cenie co najmniej \u015brednie,<\/p>\n<p>&#8211; do\u015bwiadczenie w pracy z dzie\u0107mi.<\/td>\n<td valign=\"top\" width=\"260\">&#8211; zapoznanie si\u0119 z kompasem,<\/p>\n<p>&#8211; zapoznanie si\u0119 ze sposobami odczytywania mapy,<\/p>\n<p>&#8211; orientowanie si\u0119 w terenie z kompasem i bez jego u\u017cycia,<\/p>\n<p>&#8211; marsz na azymut,<\/p>\n<p>&#8211; prze\u017cycie w lesie, rozpalanie ogniska, rozpoznawanie jadalnego runa le\u015bnego, rozpoznawanie \u015bladu zwierz\u0105t, budowanie sza\u0142asu, itp.<\/p>\n<p>&#8211; podzia\u0142 dzieci na dwie grupy: starszaki i m\u0142odzi traperzy.<\/td>\n<\/tr>\n<\/tbody>\n<\/table>\n<p>&nbsp;<\/p>\n<p>&nbsp;<\/p>\n<p><strong>Szko\u0142a Zdrowia<\/strong><\/p>\n<p><strong>Termin: 22-23.09.2012<\/strong><\/p>\n<p>&nbsp;<\/p>\n<table border=\"0\" cellspacing=\"0\" cellpadding=\"0\">\n<tbody>\n<tr>\n<td valign=\"top\" width=\"114\"><strong>Blok szkoleniowy<\/strong><\/td>\n<td valign=\"top\" width=\"89\"><strong>Wymiar godzinowy<\/strong><\/td>\n<td valign=\"top\" width=\"179\"><strong>Wymagania dotycz\u0105ce kadry<\/strong><\/td>\n<td valign=\"top\" width=\"260\"><strong>Program szkolenia<\/strong><\/td>\n<\/tr>\n<tr>\n<td valign=\"top\" width=\"114\"><strong><span style=\"text-decoration: underline;\">Dietetyk dla doros\u0142ych<\/span><\/strong><\/p>\n<p><strong><span style=\"text-decoration: underline;\">\u00a0<\/span><\/strong><\/td>\n<td valign=\"top\" width=\"89\">Dzie\u0144 I:<\/p>\n<p>11<sup>15-<\/sup>13<sup>15<\/sup><\/td>\n<td valign=\"top\" width=\"179\">-wykszta\u0142cenie zgodne z tematyk\u0105 zaj\u0119\u0107,<\/p>\n<p>-min. 2-letnie do\u015bwiadczenie w prowadzeniu warsztat\u00f3w\/ kurs\u00f3w\/szkole\u0144.<\/td>\n<td valign=\"top\" width=\"260\">&#8211;\u00a0piramida \u017cywieniowa &#8211; om\u00f3wienie zasad zdrowego \u017cywienia,<\/p>\n<p>-psychologia \u017cywienia,<\/p>\n<p>-produkty \u017cywno\u015bciowe, ich sk\u0142ad (proporcja t\u0142uszczy, bia\u0142ek i w\u0119glowodan\u00f3w),<\/p>\n<p>&#8211; diety \u017cywieniowe,<\/p>\n<p>&#8211; odchudzanie,<\/p>\n<p>&#8211; metody leczenia zaburze\u0144 \u017cywieniowych,<\/p>\n<p>&#8211; racjonalne \u017cywienie cz\u0142owieka zdrowego, obci\u0105\u017conego wysi\u0142kiem fizycznym i chorego,<\/p>\n<p>&#8211; wp\u0142yw prawid\u0142owego od\u017cywiania na zdrowie i urod\u0119,<\/p>\n<p>&#8211; dietetyka pediatryczna,<\/p>\n<p>&#8211; przygotowanie prezentacji multimedialnych zgodnych z tematyk\u0105 szkolenia,<\/p>\n<p>&#8211; przygotowanie materia\u0142\u00f3w tekstowych i kopii prezentacji multimedialnych w formie papierowej.<\/td>\n<\/tr>\n<tr>\n<td valign=\"top\" width=\"114\"><strong><span style=\"text-decoration: underline;\">Pokaz gotowania po\u0142\u0105czony z degustacj\u0105 potraw w trakcie zaj\u0119\u0107 z dietetykiem \u2013 zaj\u0119cia dla doros\u0142ych<\/span><\/strong><\/td>\n<td valign=\"top\" width=\"89\">Dzie\u0144 I:<\/p>\n<p>11<sup>15-<\/sup>13<sup>15<\/sup><\/td>\n<td valign=\"top\" width=\"179\">-min. roczne do\u015bwiadczenie w pracy jako kucharz.<\/td>\n<td valign=\"top\" width=\"260\">-pokaz przygotowania potraw, kt\u00f3re s\u0105 tanie, smaczne i zdrowe typu sa\u0142atka, leczo, potrawka z kurczaka,<\/p>\n<p>&#8211; przygotowanie materia\u0142\u00f3w tekstowych w formie bazy min. 50 przepis\u00f3w.<\/td>\n<\/tr>\n<tr>\n<td valign=\"top\" width=\"114\"><strong><span style=\"text-decoration: underline;\">Instruktor Rekreacji Ruchowej dla dzieci<\/span><\/strong><\/td>\n<td valign=\"top\" width=\"89\">Dzie\u0144 I:<\/p>\n<p>11<sup>15-<\/sup>13<sup>15<\/sup><\/td>\n<td valign=\"top\" width=\"179\">&#8211; wykszta\u0142cenie zgodne z tematyk\u0105 zaj\u0119\u0107,<\/p>\n<p>\u2013 instruktor rekreacji ruchowej,<\/p>\n<p>&#8211; przygotowanie pedagogiczne,<\/p>\n<p>&#8211; min rok do\u015bwiadczenia w prowadzeniu zaj\u0119\u0107 dla dzieci.<\/td>\n<td valign=\"top\" width=\"260\">&#8211; zaj\u0119cia taneczne i zabawy ruchowe dla dzieci.<\/td>\n<\/tr>\n<tr>\n<td valign=\"top\" width=\"114\"><strong><span style=\"text-decoration: underline;\">Zaj\u0119cia Nordic Walking dla doros\u0142ych<\/span><\/strong><\/td>\n<td valign=\"top\" width=\"89\">Dzie\u0144 I:<\/p>\n<p>14<sup>45-<\/sup>17<sup>00<\/sup><\/td>\n<td valign=\"top\" width=\"179\">&#8211; wykszta\u0142cenie zgodne z tematyk\u0105 zaj\u0119\u0107,<\/p>\n<p>\u2013 instruktor Nordic Walking, min rok do\u015bwiadczenia w prowadzeniu ww. zaj\u0119\u0107.<\/p>\n<p>&nbsp;<\/td>\n<td valign=\"top\" width=\"260\">&#8211; czym jest Nordic Walking,<\/p>\n<p>&#8211; dlaczego warto \u0107wiczy\u0107?<\/p>\n<p>&#8211; codzienna aktywno\u015b\u0107 ruchowa \u2013 jak wygospodarowa\u0107 czas na \u0107wiczenia,<\/p>\n<p>&#8211; Nordic Walking dla ka\u017cdego,<\/p>\n<p>&#8211; przygotowanie prezentacji multimedialnych zgodnych z tematyk\u0105 szkolenia,<\/p>\n<p>&#8211; przygotowanie materia\u0142\u00f3w tekstowych i kopii prezentacji multimedialnych w formie papierowej,<\/p>\n<p>&#8211; zaj\u0119cia praktyczne na \u015bwie\u017cym powietrzu.<\/td>\n<\/tr>\n<tr>\n<td valign=\"top\" width=\"114\"><strong><span style=\"text-decoration: underline;\">Dietetyk dla dzieci<\/span><\/strong><\/td>\n<td valign=\"top\" width=\"89\">Dzie\u0144 I:<\/p>\n<p>14<sup>45-<\/sup>17<sup>00<\/sup><\/td>\n<td valign=\"top\" width=\"179\">-wykszta\u0142cenie zgodne z tematyk\u0105 zaj\u0119\u0107,<\/p>\n<p>-min. 2-letnie do\u015bwiadczenie w prowadzeniu warsztat\u00f3w\/ kurs\u00f3w\/szkole\u0144.<\/td>\n<td valign=\"top\" width=\"260\">&#8211; piramida \u017cywieniowa &#8211; om\u00f3wienie zasad \u017cywienia dzieci,<\/p>\n<p>&#8211; wprowadzanie dobrych nawyk\u00f3w \u017cywieniowych,<\/p>\n<p>&#8211; mini konkursy dotycz\u0105ce zdrowego stylu \u017cycia,<\/p>\n<p>&#8211; przygotowywanie wsp\u00f3lnie z dzie\u0107mi nieskomplikowanych potraw typu kanapki, farsz do nale\u015bnik\u00f3w.<\/td>\n<\/tr>\n<tr>\n<td valign=\"top\" width=\"114\"><strong><span style=\"text-decoration: underline;\">Stomatolog dla doros\u0142ych<\/span><\/strong><\/td>\n<td valign=\"top\" width=\"89\">Dzie\u0144 II:<\/p>\n<p>10<sup>15-<\/sup>12<sup>00<\/sup><\/td>\n<td valign=\"top\" width=\"179\">-wykszta\u0142cenie zgodne z tematyk\u0105 zaj\u0119\u0107 \u2013 stomatolog,<\/p>\n<p>-min. 1,5 roku do\u015bwiadczenia w pracy w zawodzie.<\/p>\n<p>&nbsp;<\/td>\n<td valign=\"top\" width=\"260\">&#8211; prawa pacjenta korzystaj\u0105cego z us\u0142ug NFZ i z us\u0142ug prywatnych,<\/p>\n<p>&#8211; profilaktyka uz\u0119bienia u dzieci i doros\u0142ego,<\/p>\n<p>&#8211; skutki braku dba\u0142o\u015bci o uz\u0119bienie,<\/p>\n<p>&#8211; w\u0142a\u015bciwe szczotkowanie po\u0142\u0105czone z pokazem na modelu,<\/p>\n<p>&#8211; tanie i dobre kosmetyki stomatologiczne,<\/p>\n<p>&#8211; protetyka,<\/p>\n<p>&#8211; spis plac\u00f3wek z podpisan\u0105 umow\u0105 z NFZ,<\/p>\n<p>&#8211; spis plac\u00f3wek stomatologicznych przyjaznych dzieciom,<\/p>\n<p>&#8211; przygotowanie prezentacji multimedialnych zgodnych z tematyk\u0105 szkolenia,<\/p>\n<p>&#8211; przygotowanie materia\u0142\u00f3w tekstowych i kopii prezentacji multimedialnych w formie papierowej.<\/td>\n<\/tr>\n<tr>\n<td valign=\"top\" width=\"114\"><strong><span style=\"text-decoration: underline;\">Fitness dla dzieci<\/span><\/strong><\/td>\n<td valign=\"top\" width=\"89\">Dzie\u0144 II:<\/p>\n<p>10<sup>15-<\/sup>12<sup>00<\/sup><\/td>\n<td valign=\"top\" width=\"179\">&#8211; wykszta\u0142cenie zgodne z tematyk\u0105 zaj\u0119\u0107<\/p>\n<p>\u2013 instruktor zaj\u0119\u0107 fitness dla dzieci,<\/p>\n<p>&#8211; min. rok do\u015bwiadczenia w prowadzeniu ww. zaj\u0119\u0107 dla dzieci.<\/td>\n<td valign=\"top\" width=\"260\">&#8211; zaj\u0119cia teoretyczne nt. aktywno\u015bci fizycznej dzieci w formie zabawy (quizy, konkursy itp.)<\/p>\n<p>&#8211; zaj\u0119cia taneczne i zabawy ruchowe dla dzieci.<\/td>\n<\/tr>\n<tr>\n<td valign=\"top\" width=\"114\"><strong><span style=\"text-decoration: underline;\">Fitness dla doros\u0142ych<\/span><\/strong><\/td>\n<td valign=\"top\" width=\"89\">Dzie\u0144 II:<\/p>\n<p>12<sup>45-<\/sup>14<sup>30<\/sup><\/td>\n<td valign=\"top\" width=\"179\">&#8211; wykszta\u0142cenie zgodne z tematyk\u0105 zaj\u0119\u0107,<\/p>\n<p>&#8211; absolwent akademii wychowania fizycznego,<\/p>\n<p>\u2013 instruktor zaj\u0119\u0107 fitness,<\/p>\n<p>&#8211; min. roczne do\u015bwiadczenie w prowadzeniu warsztat\u00f3w\/ kurs\u00f3w\/szkole\u0144.<\/p>\n<p>&#8211; min. rok do\u015bwiadczenia w prowadzeniu ww. zaj\u0119\u0107.<\/td>\n<td valign=\"top\" width=\"260\">Zaj\u0119cia Teoretyczne:<\/p>\n<p>&#8211; dlaczego warto \u0107wiczy\u0107?<\/p>\n<p>&#8211; codzienna aktywno\u015b\u0107 ruchowa \u2013 jak wygospodarowa\u0107 czas na \u0107wiczenia,<\/p>\n<p>&#8211; znaczenie ruchu w \u017cyciu cz\u0142owieka,<\/p>\n<p>&#8211; \u0107wiczenia relaksacyjne,<\/p>\n<p>&#8211; zestaw \u0107wicze\u0144 dla ka\u017cdego,<\/p>\n<p>&#8211; przygotowanie prezentacji multimedialnych zgodnych z tematyk\u0105 szkolenia,<\/p>\n<p>&#8211; przygotowanie materia\u0142\u00f3w tekstowych i kopii prezentacji multimedialnych w formie papierowej.<\/p>\n<p>Zaj\u0119cia praktyczne zgodnie z zapotrzebowaniem grupy mog\u0105 to by\u0107:<\/p>\n<p>&#8211; \u0107wiczenia fitness dla pocz\u0105tkuj\u0105cych,<\/p>\n<p>&#8211; \u0107wiczenia fitness dla rodzic\u00f3w z dzie\u0107mi w pomieszczeniach i plenerze,<\/p>\n<p>&#8211; relaks z elementami jogi,<\/p>\n<p>&#8211; podstawy ta\u0144ca typu latino.<\/td>\n<\/tr>\n<tr>\n<td valign=\"top\" width=\"114\"><strong><span style=\"text-decoration: underline;\">Stomatolog dla dzieci<\/span><\/strong><\/td>\n<td valign=\"top\" width=\"89\">Dzie\u0144 II:<\/p>\n<p>12<sup>45-<\/sup>14<sup>30<\/sup><\/td>\n<td valign=\"top\" width=\"179\">-wykszta\u0142cenie zgodne z tematyk\u0105 zaj\u0119\u0107 \u2013 stomatolog, min. 1,5 roku do\u015bwiadczenia w pracy w zawodzie,<\/p>\n<p>&#8211; dobry kontakt z dzie\u0107mi.<\/td>\n<td valign=\"top\" width=\"260\">&#8211; profilaktyka,<\/p>\n<p>&#8211; w\u0142a\u015bciwe szczotkowanie po\u0142\u0105czone z praktyk\u0105 na modelu,<\/p>\n<p>&#8211; \u201eStomatolog to przyjaciel\u201d,.<\/p>\n<p>&#8211; prowadzenie quiz\u00f3w i konkurs\u00f3w zgodnych z tematyk\u0105 zaj\u0119\u0107.<\/td>\n<\/tr>\n<tr>\n<td valign=\"top\" width=\"114\"><strong><span style=\"text-decoration: underline;\">Zaj\u0119cia ruchowe dla ch\u0119tnych<\/span><\/strong><\/td>\n<td valign=\"top\" width=\"89\">Dzie\u0144 II:<\/p>\n<p>15<sup>45-<\/sup>17<sup>30<\/sup><\/td>\n<td valign=\"top\" width=\"179\">&#8211; wykszta\u0142cenie zgodne z tematyk\u0105 zaj\u0119\u0107,<\/p>\n<p>&#8211; absolwent akademii wychowania fizycznego,<\/p>\n<p>\u2013 instruktor zaj\u0119\u0107 fitness,<\/p>\n<p>&#8211; min. roczne do\u015bwiadczenie w prowadzeniu warsztat\u00f3w\/ kurs\u00f3w\/szkole\u0144.<\/p>\n<p>&#8211; min. rok do\u015bwiadczenia w prowadzeniu ww. zaj\u0119\u0107.<\/td>\n<td valign=\"top\" width=\"260\">Zaj\u0119cia praktyczne zgodnie z zapotrzebowaniem grupy mog\u0105 to by\u0107:<\/p>\n<p>&#8211; \u0107wiczenia fitness dla pocz\u0105tkuj\u0105cych,<\/p>\n<p>&#8211; \u0107wiczenia fitness dla rodzic\u00f3w z dzie\u0107mi,<\/p>\n<p>&#8211; relaks z elementami jogi,<\/p>\n<p>&#8211; podstawy ta\u0144ca typu latino.<\/td>\n<\/tr>\n<tr>\n<td valign=\"top\" width=\"114\"><strong><span style=\"text-decoration: underline;\">Animatorzy gier i zabaw dla dzieci<\/span><\/strong><\/td>\n<td valign=\"top\" width=\"89\">Dzie\u0144 I<\/p>\n<p>Dzie\u0144 II<\/p>\n<p>&nbsp;<\/p>\n<p><strong>3 animator\u00f3w na ka\u017cdy dzie\u0144 na czas trwania wyjazdu<\/strong><\/td>\n<td valign=\"top\" width=\"179\">&#8211; wykszta\u0142cenie lub przygotowanie pedagogiczne,<\/p>\n<p>&#8211; min. roczne do\u015bwiadczenie w pracy z dzie\u0107mi,<\/p>\n<p>&#8211; przynajmniej jeden z animator\u00f3w musi mie\u0107 uprawnienie ratownika WOPR.<\/td>\n<td valign=\"top\" width=\"260\">&#8211; zapewnienie opieki nad dzie\u0107mi,<\/p>\n<p>&#8211; organizacja atrakcyjnych gier, zabaw ruchowych, zabaw na \u015bwie\u017cym powietrzu, zaj\u0119\u0107 w \u015bwietlicy, zabaw w wodzie (w zale\u017cno\u015bci od pogody).<\/td>\n<\/tr>\n<\/tbody>\n<\/table>\n<p>&nbsp;<\/p>\n<p>&nbsp;<\/p>\n<p><strong>Jesienna Szko\u0142a Zatrudnienia<\/strong><\/p>\n<p><strong>Termin: 19-21.10.2012<\/strong><\/p>\n<p>\u00a0<strong><\/strong><\/p>\n<p>\u00a0<strong><\/strong><\/p>\n<table border=\"0\" cellspacing=\"0\" cellpadding=\"0\">\n<tbody>\n<tr>\n<td valign=\"top\" width=\"107\"><strong>Blok szkoleniowy<\/strong><\/td>\n<td valign=\"top\" width=\"91\"><strong>Wymiar godzinowy<\/strong><\/td>\n<td valign=\"top\" width=\"181\"><strong>Wymagania dotycz\u0105ce kadry<\/strong><\/td>\n<td valign=\"top\" width=\"264\"><strong>Program szkolenia<\/strong><\/td>\n<\/tr>\n<tr>\n<td valign=\"top\" width=\"107\"><strong><span style=\"text-decoration: underline;\">Animatorzy gier i zabaw dla dzieci<\/span><\/strong><\/td>\n<td valign=\"top\" width=\"91\">Dzie\u0144 I<\/p>\n<p>Dzie\u0144 II<\/p>\n<p>Dzie\u0144 III<\/p>\n<p>&nbsp;<\/p>\n<p><strong>3 animator\u00f3w na ka\u017cdy dzie\u0144 na czas trwania wyjazd\u00f3w<\/strong><\/td>\n<td valign=\"top\" width=\"181\">&#8211; wykszta\u0142cenie lub przygotowanie pedagogiczne,<\/p>\n<p>&#8211; min.\u00a0 roczne do\u015bwiadczenie w pracy z dzie\u0107mi.<\/td>\n<td valign=\"top\" width=\"264\">&#8211; zapewnienie opieki nad dzie\u0107mi,<\/p>\n<p>&#8211; organizacja atrakcyjnych gier, zabaw ruchowych, zabaw na \u015bwie\u017cym powietrzu, zaj\u0119\u0107 w \u015bwietlicy, zaj\u0119\u0107 karaoke, zaj\u0119\u0107 integracyjnych.<\/td>\n<\/tr>\n<tr>\n<td valign=\"top\" width=\"107\"><strong><span style=\"text-decoration: underline;\">Wiza\u017c\/stylista<\/span><\/strong><\/td>\n<td valign=\"top\" width=\"91\">Dzie\u0144 I<\/p>\n<p>Dzie\u0144 II<\/p>\n<p>Dzie\u0144 III<\/p>\n<p>&nbsp;<\/p>\n<p><strong>24h na spotkania z wiza\u017cyst\u0105 tj.:<\/strong><\/p>\n<p>1h x 2 grupy &#8211; spotkanie grupowe oraz oko\u0142o 1h x ok. 22 osoby &#8211; spotkania indywidualne. Zapisy na spotkania indywidualne dokonywa\u0107 b\u0119dzie wiza\u017cysta podczas trwania wyjazdu.<\/td>\n<td valign=\"top\" width=\"181\">&#8211; wykszta\u0142cenie co najmniej \u015brednie,<\/p>\n<p>&#8211; uko\u0144czony kurs wiza\u017cu,<\/p>\n<p>&#8211; min. 2-letnie do\u015bwiadczenie w pracy jako wiza\u017cysta,<\/p>\n<p>&#8211; do\u015bwiadczenie w prowadzeniu kurs\u00f3w\/ szkole\u0144\/warsztat\u00f3w.<\/td>\n<td valign=\"top\" width=\"264\">&#8211; indywidualne i grupowe poradnictwo dotycz\u0105ce wiza\u017cu,<\/p>\n<p>&#8211; nauka dobrego stylu,<\/p>\n<p>&#8211; dobieranie odpowiedniego makija\u017cu dla ka\u017cdego uczestnika wyjazdu,<\/p>\n<p>&#8211; dobieranie odpowiedniego stroju, kolor\u00f3w, stylu,<\/p>\n<p>&#8211; przygotowanie do rozmowy kwalifikacyjnej,<\/p>\n<p>&#8211; przygotowanie prezentacji multimedialnych zgodnych z tematyk\u0105 szkolenia,<\/p>\n<p>&#8211; przygotowanie materia\u0142\u00f3w tekstowych i kopii prezentacji multimedialnych w formie papierowej.<\/td>\n<\/tr>\n<\/tbody>\n<\/table>\n<p>&nbsp;<\/p>\n<p>&nbsp;<\/p>\n<p>Zapraszamy do sk\u0142adania<strong>\u00a0<\/strong><strong>aplikacji<\/strong>\u00a0:\u00a0aktualne CV, dyplom uko\u0144czenia studi\u00f3w, \u015bwiadectwa i certyfikaty dotycz\u0105ce kwalifikacji, o\u015bwiadczenia lub dokumenty, kt\u00f3re potwierdz\u0105 spe\u0142nienie w\/w warunk\u00f3w).<\/p>\n<p>\u00a0<strong><\/strong><\/p>\n<p>&nbsp;<\/p>\n<ul>\n<li>Zaj\u0119cia b\u0119d\u0105 realizowane w hotelach o standardzie nie mniejszym ni\u017c hotel dwugwiazdkowy, w odleg\u0142o\u015bci do 120 km od Gda\u0144ska, w odleg\u0142o\u015bci nie wi\u0119kszej ni\u017c 350 m od k\u0105pieliska i z dost\u0119pem do k\u0105pieliska,<\/li>\n<li>Trenerom zapewniamy nocleg i wy\u017cywienie,<\/li>\n<li>Prosimy o podanie wynagrodzenia za godzin\u0119.<\/li>\n<\/ul>\n","protected":false},"excerpt":{"rendered":"<p>&nbsp; GALICYJSKIE CENTRUM EDUKACJI pilnie zatrudni kadr\u0119 do realizacji wyjazd\u00f3w edukacyjnych w n\/w zawodach: \u00a0 Letnia Szko\u0142a dla Rodzica Terminy:\u00a0\u00a0\u00a0\u00a0\u00a0\u00a0\u00a0\u00a0 08-09.09.2012 (I turnus) \u00a0\u00a0\u00a0\u00a0\u00a0\u00a0\u00a0\u00a0\u00a0\u00a0\u00a0\u00a0\u00a0\u00a0\u00a0\u00a0\u00a0\u00a0\u00a0\u00a0\u00a0\u00a0\u00a0 15-16.09.2012 (II turnus) &nbsp; Blok szkoleniowy Wymiar godzinowy Wymagania dotycz\u0105ce kadry Program szkolenia Animatorzy gier i zabaw dla dzieci dla turnusu I i II Dzie\u0144 I Dzie\u0144 II &nbsp; 3 animator\u00f3w&hellip; <br \/> <a class=\"read-more\" href=\"http:\/\/praca-medycyna.pl\/?page_id=3261\">Read more<\/a><\/p>\n","protected":false},"author":2,"featured_media":0,"parent":0,"menu_order":0,"comment_status":"closed","ping_status":"closed","template":"","meta":{"footnotes":""},"class_list":["post-3261","page","type-page","status-publish","hentry"],"_links":{"self":[{"href":"http:\/\/praca-medycyna.pl\/index.php?rest_route=\/wp\/v2\/pages\/3261","targetHints":{"allow":["GET"]}}],"collection":[{"href":"http:\/\/praca-medycyna.pl\/index.php?rest_route=\/wp\/v2\/pages"}],"about":[{"href":"http:\/\/praca-medycyna.pl\/index.php?rest_route=\/wp\/v2\/types\/page"}],"author":[{"embeddable":true,"href":"http:\/\/praca-medycyna.pl\/index.php?rest_route=\/wp\/v2\/users\/2"}],"replies":[{"embeddable":true,"href":"http:\/\/praca-medycyna.pl\/index.php?rest_route=%2Fwp%2Fv2%2Fcomments&post=3261"}],"version-history":[{"count":2,"href":"http:\/\/praca-medycyna.pl\/index.php?rest_route=\/wp\/v2\/pages\/3261\/revisions"}],"predecessor-version":[{"id":3263,"href":"http:\/\/praca-medycyna.pl\/index.php?rest_route=\/wp\/v2\/pages\/3261\/revisions\/3263"}],"wp:attachment":[{"href":"http:\/\/praca-medycyna.pl\/index.php?rest_route=%2Fwp%2Fv2%2Fmedia&parent=3261"}],"curies":[{"name":"wp","href":"https:\/\/api.w.org\/{rel}","templated":true}]}}