{"id":3742,"date":"2012-10-15T08:13:10","date_gmt":"2012-10-15T08:13:10","guid":{"rendered":"http:\/\/www.pracamedycyna.pl\/?page_id=3742"},"modified":"2016-02-16T16:43:46","modified_gmt":"2016-02-16T16:43:46","slug":"niskie-zarobki-polskich-lekarzy","status":"publish","type":"page","link":"http:\/\/praca-medycyna.pl\/?page_id=3742","title":{"rendered":"Niskie zarobki polskich lekarzy"},"content":{"rendered":"<p><strong><span style=\"text-decoration: underline;\">Niskie zarobki polskich lekarzy<\/span><\/strong><\/p>\n<p>Gdy mamy na my\u015bli takie poj\u0119cia jak praca kardiolog czy praca neurolog mamy na uwadze przede wszystkim trud w\u0142o\u017cony w uzyskanie takiego zawodu, ale tak\u017ce wysokie zarobki. No w\u0142a\u015bnie. Czy rzeczywi\u015bcie polscy lekarzy du\u017co zarabiaj\u0105? By\u0107 mo\u017ce po uzyskaniu konkretnej specjalizacji, przy pracy w prywatnym gabinecie \u2013 tak. Ale nie mo\u017cemy zapomina\u0107 o pocz\u0105tkuj\u0105cych lekarzach czy tych pracuj\u0105cych przy Narodowym Funduszu Zdrowia. Pensja takiego lekarza pozotawia wiele do \u017cyczenia. Zreszt\u0105 w kwestii takiej jak praca piel\u0119gniarki r\u00f3wnie\u017c \u2013 ale to akurat nie jest \u017cadn\u0105 tajemnic\u0105. Sprawdzaj\u0105c oferty pracy dla lekarzy nie liczmy na to, \u017ce znajdziemy sporo r\u00f3\u017cnorodnych ofert. Wr\u0119cz przeciwnie. Og\u0142oszenia o prac\u0119 dla lekarzy wcale nie s\u0105 liczne.<\/p>\n<p>Zanim dentysta, ginekolog, kardiolog, neurolog itd. osi\u0105gnie stabilizacj\u0119 w pracy (zreszt\u0105 trudno m\u00f3wi\u0107 o stabilizacji, gdy ca\u0142y czas trzeba si\u0119 uczy\u0107, szkoli\u0107 i poszerza\u0107 swoje kwalifikacje). Wi\u0119kszo\u015b\u0107 os\u00f3b my\u015bli, \u017ce zarobki polskich lekarzy maj\u0105 si\u0119 bardzo dobrze. To prawda \u2013 d\u0142ugo musz\u0105 si\u0119 uczy\u0107 (po\u015bwi\u0119caj\u0105c bardzo wiele), ale dobrze zarabiaj\u0105 i ciesz\u0105 si\u0119 du\u017cym zaufaniem spo\u0142ecznym. Nie wszystkim udaje si\u0119 co\u015b takiego osi\u0105gn\u0105\u0107. Zanim jednak w og\u00f3le wyjd\u0105 \u201ena prost\u0105\u201d musz\u0105 ci\u0119\u017cko pracowa\u0107. Niestety \u2013 za bardzo ma\u0142e pieni\u0105dze. M\u0142ody lekarz w naszym kraju zarabia nieca\u0142e dwa tysi\u0105ce z\u0142otych netto. Je\u017celi zdob\u0119dzie ju\u017c specjalizacj\u0119 pierwszego stopnia (co oznacza niezwykle ci\u0119\u017ck\u0105 prac\u0119) i pracuje na etacie \u2013 zarabia ok. 3,4 tysi\u0105ca z\u0142otych. A na przyk\u0142ad we Francji mo\u017cna ju\u017c wtedy otrzymywa\u0107 pensj\u0119 rz\u0119du 3-6 tysi\u0119cy euro brutto. We Francji \u2013 2-3 tysi\u0105ce Euro. M\u0142odzi ludzie w Polsce doskonale zdaj\u0105 sobie spraw\u0119 z zarobk\u00f3w i z trudu, kt\u00f3ry musz\u0105 w\u0142o\u017cy\u0107, aby w og\u00f3le zosta\u0107 lekarzami. Mimo to ch\u0119tnych na rozpocz\u0119cie medycznych studi\u00f3w nie brakuje.<\/p>\n<p>Zawsze jest jeszcze inna mo\u017cliwo\u015b\u0107 pracy. Nie trzeba przecie\u017c pracowa\u0107 w Polsce. Za granic\u0105 nasi specjali\u015bci s\u0105 bardzo cenieni. Coraz wi\u0119cej polskich lekarzy sprawdza zatem internetowe oferty w stylu \u201epraca Niemcy lekarz\u201d, \u201epraca Niemcy lekarz\u201d, \u201elekarz praca Kanada\u201d i wiele, wiele innych. Za granic\u0105 zarobki s\u0105 znacznie wy\u017csze. Ale przecie\u017c nie nale\u017cy mie\u0107 na uwadze tylko pieni\u0119dzy. Inny jest standard \u017cycia i inny jest sam standard pracy. Znacznie wy\u017cszy ni\u017c w Polsce. Nie wszyscy s\u0105 jednak gotowi rzuci\u0107 wszystko w kraju i wyjecha\u0107. Wci\u0105\u017c barier\u0119 stanowi j\u0119zyk. Cz\u0119sto jednak wystarczy podstawowa znajomo\u015b\u0107 np. j\u0119zyka niemieckiego, by rozpocz\u0105\u0107 prac\u0119 w Niemczech czy w Austrii. Oczywi\u015bcie, najwi\u0119cej pracownik\u00f3w bran\u017cy medycznej wyje\u017cd\u017ca do kraj\u00f3w angloj\u0119zycznych. Tam nadal s\u0105 potrzebni nasi specjali\u015bci. Coraz wi\u0119cej innych kraj\u00f3w europejskich upomina si\u0119 nie tylko o polskich lekarzy, ale tak\u017ce o polskie piel\u0119gniarki. Ch\u0119tnych do wyjazd\u00f3w b\u0119dzie przybywa\u0107. A to na pewno ogromna strata dla polskiej gospodarki. Trudno si\u0119 jednak dziwi\u0107 \u2013 pieni\u0105dze i wy\u017cszy standard \u017cycia to w wielu przypadkach wystarczaj\u0105ca motywacja do tego, by opu\u015bci\u0107 granice polski i wyjecha\u0107 w poszukiwaniu lepszego \u017cycia.<\/p>\n<p>&nbsp;<\/p>\n","protected":false},"excerpt":{"rendered":"<p>Niskie zarobki polskich lekarzy Gdy mamy na my\u015bli takie poj\u0119cia jak praca kardiolog czy praca neurolog mamy na uwadze przede wszystkim trud w\u0142o\u017cony w uzyskanie takiego zawodu, ale tak\u017ce wysokie zarobki. No w\u0142a\u015bnie. Czy rzeczywi\u015bcie polscy lekarzy du\u017co zarabiaj\u0105? By\u0107 mo\u017ce po uzyskaniu konkretnej specjalizacji, przy pracy w prywatnym gabinecie \u2013 tak. Ale nie mo\u017cemy&hellip; <br \/> <a class=\"read-more\" href=\"http:\/\/praca-medycyna.pl\/?page_id=3742\">Read more<\/a><\/p>\n","protected":false},"author":2,"featured_media":0,"parent":57,"menu_order":0,"comment_status":"closed","ping_status":"closed","template":"","meta":{"footnotes":""},"class_list":["post-3742","page","type-page","status-publish","hentry"],"_links":{"self":[{"href":"http:\/\/praca-medycyna.pl\/index.php?rest_route=\/wp\/v2\/pages\/3742","targetHints":{"allow":["GET"]}}],"collection":[{"href":"http:\/\/praca-medycyna.pl\/index.php?rest_route=\/wp\/v2\/pages"}],"about":[{"href":"http:\/\/praca-medycyna.pl\/index.php?rest_route=\/wp\/v2\/types\/page"}],"author":[{"embeddable":true,"href":"http:\/\/praca-medycyna.pl\/index.php?rest_route=\/wp\/v2\/users\/2"}],"replies":[{"embeddable":true,"href":"http:\/\/praca-medycyna.pl\/index.php?rest_route=%2Fwp%2Fv2%2Fcomments&post=3742"}],"version-history":[{"count":3,"href":"http:\/\/praca-medycyna.pl\/index.php?rest_route=\/wp\/v2\/pages\/3742\/revisions"}],"predecessor-version":[{"id":8964,"href":"http:\/\/praca-medycyna.pl\/index.php?rest_route=\/wp\/v2\/pages\/3742\/revisions\/8964"}],"up":[{"embeddable":true,"href":"http:\/\/praca-medycyna.pl\/index.php?rest_route=\/wp\/v2\/pages\/57"}],"wp:attachment":[{"href":"http:\/\/praca-medycyna.pl\/index.php?rest_route=%2Fwp%2Fv2%2Fmedia&parent=3742"}],"curies":[{"name":"wp","href":"https:\/\/api.w.org\/{rel}","templated":true}]}}