{"id":3751,"date":"2012-10-15T08:38:26","date_gmt":"2012-10-15T08:38:26","guid":{"rendered":"http:\/\/www.pracamedycyna.pl\/?page_id=3751"},"modified":"2016-02-13T14:27:11","modified_gmt":"2016-02-13T14:27:11","slug":"czy-polscy-lekarze-pracuja-za-granica","status":"publish","type":"page","link":"http:\/\/praca-medycyna.pl\/?page_id=3751","title":{"rendered":"Czy polscy lekarze pracuj\u0105 za granic\u0105?"},"content":{"rendered":"<p><strong><span style=\"text-decoration: underline;\">Czy polscy lekarze pracuj\u0105 za granic\u0105?<\/span><\/strong><\/p>\n<p>Nie jest tajemnic\u0105, \u017ce Polacy pracuj\u0105 za granic\u0105. Pracowali zawsze, ale kilka lat temu mieli\u015bmy do czynienia z du\u017cym boomem wyjazd\u00f3w naszych rodak\u00f3w poza granice kraju w celach zawodowych. Zjawisko to dotyczy\u0142o przede wszystkim os\u00f3b bez wykszta\u0142cenia. Trudno\u015bci ze znalezieniem pracy w kraju, niskie zarobki, niski standard \u017cycia \u2013 to stanowi\u0142o g\u0142\u00f3wn\u0105 motywacj\u0119. Tak\u017ce ci, kt\u00f3rzy w Polace pracowali, niejednokrotnie decydowali si\u0119 na wyjazdy. \u017bycie od wyp\u0142aty do wyp\u0142aty ich nie satysfakcjonowa\u0142o. Nic dziwnego, \u017ce wielu Polak\u00f3w wyjecha\u0142o i wielu zosta\u0142o. To ogromna strata dla polskiej gospodarki. Trzeba jednak pami\u0119ta\u0107, \u017ce \u201eza chlebem\u201d wyjechali nie tylko ci bez zawodu i bez kwalifikacji (niejednokrotnie bez znajomo\u015bci j\u0119zyka obcego). Tak\u017ce osoby dobrze wykszta\u0142cone zdecydowa\u0142y si\u0119 szuka\u0107 swoich si\u0142 poza granicami. A polscy specjali\u015bci s\u0105 w wielu krajach, nie tylko europejskich, bardzo potrzebni. Cenieni s\u0105 za swoje umiej\u0119tno\u015bci, wiedz\u0119, do\u015bwiadczenie i wykszta\u0142cenie. Nic dziwnego, \u017ce do grona wyje\u017cd\u017caj\u0105cych zaliczaj\u0105 si\u0119 tak\u017ce polscy lekarze. Trudno si\u0119 dziwi\u0107, \u017ce wyje\u017cd\u017caj\u0105, skoro w Polsce nie maj\u0105 dobrych warunk\u00f3w. Szczeg\u00f3lnie na pocz\u0105tku swojej kariery. Po studiach (kt\u00f3re jak ka\u017cdy doskonale zdaje sobie spraw\u0119, s\u0105 bardzo ci\u0119\u017ckie) przed wyborem specjalizacji pracuj\u0105 za darmo albo za niewielkie pieni\u0105dze. Og\u0142oszenia o prac\u0119 dla lekarzy w kraju oczywi\u015bcie wyst\u0119puj\u0105, ale nie ma ich wiele. Podobnie zreszt\u0105 wygl\u0105da to w przypadku piel\u0119gniarek. Wpisuj\u0105c w internetow\u0105 wyszukiwark\u0119 s\u0142owa takie jak \u201epraca piel\u0119gniarka\u201d nie spodziewajmy si\u0119 szregu r\u00f3\u017cnorodnych i \u015bwietnych ofert. Oferty pracy dla lekarzy r\u00f3wnie\u017c pozostawiaj\u0105 wiele do \u017cyczenia. Tak\u017ce te oferty dotycz\u0105ce konkretnych specjalizacji, np. \u201epraca kardiolog\u201d, \u201epraca neurolog\u201d, \u201epraca internista\u201d, \u201epraca stomatolog\/dentysta\u201d itd. Wielu specjalist\u00f3w, jak r\u00f3wnie\u017c pocz\u0105tkuj\u0105cych lekarzy, decyduje si\u0119 na znalezienie pracy za granic\u0105. Oczywi\u015bcie, decyzja ta wielu przypadkach jest trudna (podobnie jak w przypadku innych os\u00f3b, tak\u017ce specjalist\u00f3w z innych bran\u017c). Pozostawienie rodziny, przyjaci\u00f3\u0142, mieszka\u0144, dotychczasowych stanowisk pracy nie jest \u0142atwe. Wielu odwa\u017cnych jednak si\u0119 znajduje. A wszystko to po to, by znale\u017a\u0107 lepsze warunki pracy i co za tym idzie \u2013 lepsze \u017cycie. W wi\u0119kszo\u015bci przypadk\u00f3w polscy lekarze pracuj\u0105cy poza granicami kraju s\u0105 zadowoleni z pracy i z warunk\u00f3w \u017cycia.<\/p>\n<p>Jak szuka\u0107 pracy za granic\u0105 w bran\u017cy medycznej? Oczywi\u015bcie, tak samo jak w innych przypadkach. Na pewno nie zaszkodzi uruchomienie swoich znajomo\u015bci. A takie prawie ka\u017cdy z ca\u0142\u0105 pewno\u015bci\u0105 posiada. Warto popyta\u0107 znajomych, szczeg\u00f3lnie tych kt\u00f3rzy za granic\u0105 pracuj\u0105. By\u0107 mo\u017ce b\u0119d\u0105 mogli nam pom\u00f3c. Pocz\u0105tki s\u0105 zawsze trudne. To oczywiste. Trzeba przyjecha\u0107 do obcego kraju, znale\u017a\u0107 mieszkanie, zaklimatyzowa\u0107 si\u0119. Wsparcie znajomej czy bliskiej osoby na pewno bardzo si\u0119 przyda i pomo\u017ce szybciej przyzwyczai\u0107 si\u0119 do nowej rzeczywisto\u015bci. Oczywi\u015bcie, warto przejrze\u0107 szereg ofert dotycz\u0105cych pracy w bran\u017cy medycznej poza Polsk\u0105. Na wielu polskich stronach internetowych takie propozycje ofertowe mo\u017cna znale\u017a\u0107. \u201eLekarz praca za granic\u0105\u201d \u2013 wpisuj\u0105c tak\u0105 fraz\u0119 w internetow\u0105 wyszukiwark\u0119 przekonamy si\u0119, \u017ce faktycznie jest w czym wybiera\u0107. Biur wystawiaj\u0105cych takie oferty nie brakuje. Przed wyborem jednego z nich warto sprawdzi\u0107 jego wiarygodno\u015b\u0107 i opinie. W tym przypadku na pewno bardzo pomocne oka\u017c\u0105 si\u0119 fora internetowe. I oczywi\u015bcie opinie znajomych. Bo przecie\u017c kto pyta, nie b\u0142\u0105dzi. Nieprawda\u017c? Szczeg\u00f3lnie znajdziemy sporo ofert takich jak np. \u201epraca Niemcy lekarz\u201d, \u201elekarz praca Kanada\u201d, \u201epraca lekarz Szwecja\u201d, \u201epraca lekarz Dania\u201d, \u201epraca lekarz Norwegia\u201d czy \u201epraca lekarz Francja\u201d.<\/p>\n<p>&nbsp;<\/p>\n","protected":false},"excerpt":{"rendered":"<p>Czy polscy lekarze pracuj\u0105 za granic\u0105? Nie jest tajemnic\u0105, \u017ce Polacy pracuj\u0105 za granic\u0105. Pracowali zawsze, ale kilka lat temu mieli\u015bmy do czynienia z du\u017cym boomem wyjazd\u00f3w naszych rodak\u00f3w poza granice kraju w celach zawodowych. Zjawisko to dotyczy\u0142o przede wszystkim os\u00f3b bez wykszta\u0142cenia. Trudno\u015bci ze znalezieniem pracy w kraju, niskie zarobki, niski standard \u017cycia \u2013&hellip; <br \/> <a class=\"read-more\" href=\"http:\/\/praca-medycyna.pl\/?page_id=3751\">Read more<\/a><\/p>\n","protected":false},"author":2,"featured_media":0,"parent":57,"menu_order":0,"comment_status":"closed","ping_status":"closed","template":"","meta":{"footnotes":""},"class_list":["post-3751","page","type-page","status-publish","hentry"],"_links":{"self":[{"href":"http:\/\/praca-medycyna.pl\/index.php?rest_route=\/wp\/v2\/pages\/3751","targetHints":{"allow":["GET"]}}],"collection":[{"href":"http:\/\/praca-medycyna.pl\/index.php?rest_route=\/wp\/v2\/pages"}],"about":[{"href":"http:\/\/praca-medycyna.pl\/index.php?rest_route=\/wp\/v2\/types\/page"}],"author":[{"embeddable":true,"href":"http:\/\/praca-medycyna.pl\/index.php?rest_route=\/wp\/v2\/users\/2"}],"replies":[{"embeddable":true,"href":"http:\/\/praca-medycyna.pl\/index.php?rest_route=%2Fwp%2Fv2%2Fcomments&post=3751"}],"version-history":[{"count":2,"href":"http:\/\/praca-medycyna.pl\/index.php?rest_route=\/wp\/v2\/pages\/3751\/revisions"}],"predecessor-version":[{"id":8928,"href":"http:\/\/praca-medycyna.pl\/index.php?rest_route=\/wp\/v2\/pages\/3751\/revisions\/8928"}],"up":[{"embeddable":true,"href":"http:\/\/praca-medycyna.pl\/index.php?rest_route=\/wp\/v2\/pages\/57"}],"wp:attachment":[{"href":"http:\/\/praca-medycyna.pl\/index.php?rest_route=%2Fwp%2Fv2%2Fmedia&parent=3751"}],"curies":[{"name":"wp","href":"https:\/\/api.w.org\/{rel}","templated":true}]}}