{"id":4847,"date":"2012-12-04T10:13:05","date_gmt":"2012-12-04T10:13:05","guid":{"rendered":"http:\/\/www.pracamedycyna.pl\/?page_id=4847"},"modified":"2022-09-27T18:43:50","modified_gmt":"2022-09-27T18:43:50","slug":"oferta","status":"publish","type":"page","link":"http:\/\/praca-medycyna.pl\/?page_id=4847","title":{"rendered":"OFERTA"},"content":{"rendered":"<p><strong>CENNIK:<\/strong><\/p>\n<p><strong>Jedno og\u0142oszenie standard:<\/strong><br \/>\n&#8211; 100 z\u0142 &#8211; og\u0142oszenie na 90 dni<\/p>\n<p><strong>Dwa og\u0142oszenia standard<\/strong><br \/>\n&#8211; 150 z\u0142 &#8211; og\u0142oszenie na 90 dni<\/p>\n<p><strong>Reklama \/ baner &#8211; zawsze widoczne na pierwszej stronie:<\/strong><br \/>\n&#8211; 200 z\u0142 netto &#8211; za 60 dni<\/p>\n<p>Podane ceny netto.<\/p>\n<p><strong>Warunki sta\u0142ej wsp\u00f3\u0142pracy <\/strong>do uzgodnienia. Prosimy o kontakt.<\/p>\n<p><a href=\"mailto:ogloszenia@pracamedycyna.pl\">ogloszenia\u00a0[at] pracamedycyna [.] pl<\/a><br \/>\ntel. 668 328 800<\/p>\n","protected":false},"excerpt":{"rendered":"<p>CENNIK: Jedno og\u0142oszenie standard: &#8211; 100 z\u0142 &#8211; og\u0142oszenie na 90 dni Dwa og\u0142oszenia standard &#8211; 150 z\u0142 &#8211; og\u0142oszenie na 90 dni Reklama \/ baner &#8211; zawsze widoczne na pierwszej stronie: &#8211; 200 z\u0142 netto &#8211; za 60 dni Podane ceny netto. Warunki sta\u0142ej wsp\u00f3\u0142pracy do uzgodnienia. Prosimy o kontakt. ogloszenia\u00a0[at] pracamedycyna [.] pl&hellip; <br \/> <a class=\"read-more\" href=\"http:\/\/praca-medycyna.pl\/?page_id=4847\">Read more<\/a><\/p>\n","protected":false},"author":2,"featured_media":0,"parent":30,"menu_order":0,"comment_status":"closed","ping_status":"closed","template":"","meta":{"footnotes":""},"class_list":["post-4847","page","type-page","status-publish","hentry"],"_links":{"self":[{"href":"http:\/\/praca-medycyna.pl\/index.php?rest_route=\/wp\/v2\/pages\/4847","targetHints":{"allow":["GET"]}}],"collection":[{"href":"http:\/\/praca-medycyna.pl\/index.php?rest_route=\/wp\/v2\/pages"}],"about":[{"href":"http:\/\/praca-medycyna.pl\/index.php?rest_route=\/wp\/v2\/types\/page"}],"author":[{"embeddable":true,"href":"http:\/\/praca-medycyna.pl\/index.php?rest_route=\/wp\/v2\/users\/2"}],"replies":[{"embeddable":true,"href":"http:\/\/praca-medycyna.pl\/index.php?rest_route=%2Fwp%2Fv2%2Fcomments&post=4847"}],"version-history":[{"count":36,"href":"http:\/\/praca-medycyna.pl\/index.php?rest_route=\/wp\/v2\/pages\/4847\/revisions"}],"predecessor-version":[{"id":11141,"href":"http:\/\/praca-medycyna.pl\/index.php?rest_route=\/wp\/v2\/pages\/4847\/revisions\/11141"}],"up":[{"embeddable":true,"href":"http:\/\/praca-medycyna.pl\/index.php?rest_route=\/wp\/v2\/pages\/30"}],"wp:attachment":[{"href":"http:\/\/praca-medycyna.pl\/index.php?rest_route=%2Fwp%2Fv2%2Fmedia&parent=4847"}],"curies":[{"name":"wp","href":"https:\/\/api.w.org\/{rel}","templated":true}]}}