{"id":5076,"date":"2012-12-06T23:01:38","date_gmt":"2012-12-06T23:01:38","guid":{"rendered":"http:\/\/www.pracamedycyna.pl\/?page_id=5076"},"modified":"2016-02-13T13:59:58","modified_gmt":"2016-02-13T13:59:58","slug":"brakuje-pracujacych-lekarzy-specjalistow","status":"publish","type":"page","link":"http:\/\/praca-medycyna.pl\/?page_id=5076","title":{"rendered":"Brakuje lekarzy specjalist\u00f3w"},"content":{"rendered":"<p><strong>Brakuje lekarzy specjalist\u00f3w<\/strong><\/p>\n<p>&nbsp;<\/p>\n<p>M\u0142odzi lekarze bardzo cz\u0119sto zadaj\u0105 sobie pytanie o to, jaka specjalizacja b\u0119dzie dla nich najlepsza. Pr\u00f3buj\u0105 rozstrzygn\u0105\u0107 to na bardzo wiele sposob\u00f3w. Oczywi\u015bcie, nie pomijaj\u0105 aspekt\u00f3w finansowych. Bezpieczniej te\u017c wybra\u0107 rzadk\u0105 specjalizacj\u0119. Wtedy szanse na znalezienie dobrej pracy rosn\u0105. A wraz z tym \u2013 zarobki. Tak naprawd\u0119 jednak bardzo trudno odpowiedzie\u0107 na pytanie, jakich specjalist\u00f3w potrzeba najbardziej. Przyszli lekarze specjali\u015bci otrzymuj\u0105 sprzeczne informacje. Jeden z m\u0142odych lekarzy chcia\u0142 zosta\u0107 pediatr\u0105. Od starszych koleg\u00f3w us\u0142ysza\u0142 jednak, \u017ce nie ma to najmniejszego sensu. Przecie\u017c pediatr\u00f3w jest w Polsce zbyt wielu. A przecie\u017c czasem nie trzeba widzie\u0107 statystyk, \u017ceby zorientowa\u0107 si\u0119, \u017ce tego rodzaju specjalist\u00f3w jest za ma\u0142o. Czy p\u00f3\u017cniejsza\u00a0praca jako lekarz specjalista z danej dziedziny b\u0119dzie bardziej op\u0142\u0105calna? Sk\u0105d to wiadomo? Cho\u0107by z ogromnych kolejek w szpitalach i w przychodniach. W przypadku pediatr\u00f3w \u2013 p\u00f3ki co mo\u017ce nie ma ich zdecydowanie zbyt ma\u0142o, ale \u015brednia wieku tego rodzaju specjalist\u00f3w jest bardzo wysoka \u2013 to ok. 55 lat. W przeci\u0105gu ostatnich kilku lat uby\u0142o kilka tysi\u0119cy pediatr\u00f3w. Nieciekawie przedstawia si\u0119 te\u017c sytuacja w lekarskim \u015bwiecie internist\u00f3w. Niemal po\u0142owa specjalist\u00f3w tego rodzaju jest po sze\u015b\u0107dziesi\u0105tce. Ale to nie wszystko. Brakuje tak\u017ce m\u0142odych chirurg\u00f3w, pediatr\u00f3w, ortoped\u00f3w, ginekolog\u00f3w czy po\u0142o\u017cnik\u00f3w. Powinno przybywa\u0107 tak\u017ce ortoped\u00f3w. Zatem czy osoby, kt\u00f3re dopiero planuj\u0105 rozpocz\u0119cie specjalizacji maj\u0105 si\u0119 czym martwi\u0107? Warto by przede wszystkim kierowa\u0142y si\u0119 pasj\u0105 i talentem. To przecie\u017c nie przeszkodzi w pogodzeniu z nisz\u0105 na rynku.<\/p>\n<p>Ciekaw\u0105 informacj\u0105 mo\u017ce by\u0107 r\u00f3wnie\u017c to, \u017ce jako przyczyn\u0119 braku niekt\u00f3rych specjalist\u00f3w podaje si\u0119&#8230; pacjent\u00f3w. A w\u0142a\u015bciwie ich niezdecydowanie i robienie \u201ez ig\u0142y wide\u0142\u201d. Okazuje si\u0119 bowiem, \u017ce w dzisiejszych czasach pacjenci nadu\u017cywaj\u0105 sposobno\u015bci na korzystanie z us\u0142ug lekarza specjalisty. Czasem zwyk\u0142y katar u dziecka czy b\u00f3l g\u0142owy u doros\u0142ego sprawia, \u017ce od razu udajemy si\u0119 do specjalisty. A bardzo cz\u0119sto zupe\u0142nie nie ma takiej potrzeby. Ma\u0142o tego. Wielu Polak\u00f3w ma zwyczaj rezerwowania sobie kolejki u kilku specjalist\u00f3w na raz. To tworzy sztuczny t\u0142um i przez to te\u017c narasta frustracja wobec bardzo odleg\u0142ych termin\u00f3w w terminarzach specjalist\u00f3w. Dlatego pojawi\u0142a si\u0119 opinia, \u017ce kolejki do lekarzy specjalist\u00f3w zmniejsz\u0105 si\u0119 wtedy, gdy zmieni\u0105 si\u0119 tak\u017ce nawyki pacjent\u00f3w. B\u0119dzie to trudne.<\/p>\n<p>Wiadomo jednak, \u017ce nawet zmiana nawyk\u00f3w pacjent\u00f3w nie wystarczy. Lekarzy musi przybywa\u0107. I podobno \u2013 przybywa\u0107 b\u0119dzie. Chocia\u017c troch\u0119. Statystyki Centralnego Rejestru Lekarzy pokazuj\u0105, \u017ce uczelnie my\u015bl\u0105 o zwi\u0119kszeniu, albo ju\u017c zwi\u0119kszaj\u0105, liczb\u0119 miejsc na wydzia\u0142ach lekarskich. Zbyt du\u017ca rewolucja, je\u017celi chodzi o rekrutacje, nie jest jednak przewidziana. A na nowe pokolenie fachowc\u00f3w w dziedzinie medycyny trzeba b\u0119dzie troch\u0119 poczeka\u0107. Potrwa to minimum kilkana\u015bcie lat. Co zatem pozostaje pacjent\u00f3w? Oczywi\u015bcie&#8230; Nic innego jak uzbroi\u0107 si\u0119 w cierpliwo\u015b\u0107. Akurat o to nie b\u0119dzie trudno. Ich cierpliwo\u015b\u0107 \u0107wiczna jest ju\u017c przecie\u017c od lat.<\/p>\n<p>&nbsp;<\/p>\n","protected":false},"excerpt":{"rendered":"<p>Brakuje lekarzy specjalist\u00f3w &nbsp; M\u0142odzi lekarze bardzo cz\u0119sto zadaj\u0105 sobie pytanie o to, jaka specjalizacja b\u0119dzie dla nich najlepsza. Pr\u00f3buj\u0105 rozstrzygn\u0105\u0107 to na bardzo wiele sposob\u00f3w. Oczywi\u015bcie, nie pomijaj\u0105 aspekt\u00f3w finansowych. Bezpieczniej te\u017c wybra\u0107 rzadk\u0105 specjalizacj\u0119. Wtedy szanse na znalezienie dobrej pracy rosn\u0105. A wraz z tym \u2013 zarobki. Tak naprawd\u0119 jednak bardzo trudno odpowiedzie\u0107&hellip; <br \/> <a class=\"read-more\" href=\"http:\/\/praca-medycyna.pl\/?page_id=5076\">Read more<\/a><\/p>\n","protected":false},"author":2,"featured_media":0,"parent":57,"menu_order":0,"comment_status":"closed","ping_status":"closed","template":"","meta":{"footnotes":""},"class_list":["post-5076","page","type-page","status-publish","hentry"],"_links":{"self":[{"href":"http:\/\/praca-medycyna.pl\/index.php?rest_route=\/wp\/v2\/pages\/5076","targetHints":{"allow":["GET"]}}],"collection":[{"href":"http:\/\/praca-medycyna.pl\/index.php?rest_route=\/wp\/v2\/pages"}],"about":[{"href":"http:\/\/praca-medycyna.pl\/index.php?rest_route=\/wp\/v2\/types\/page"}],"author":[{"embeddable":true,"href":"http:\/\/praca-medycyna.pl\/index.php?rest_route=\/wp\/v2\/users\/2"}],"replies":[{"embeddable":true,"href":"http:\/\/praca-medycyna.pl\/index.php?rest_route=%2Fwp%2Fv2%2Fcomments&post=5076"}],"version-history":[{"count":5,"href":"http:\/\/praca-medycyna.pl\/index.php?rest_route=\/wp\/v2\/pages\/5076\/revisions"}],"predecessor-version":[{"id":5080,"href":"http:\/\/praca-medycyna.pl\/index.php?rest_route=\/wp\/v2\/pages\/5076\/revisions\/5080"}],"up":[{"embeddable":true,"href":"http:\/\/praca-medycyna.pl\/index.php?rest_route=\/wp\/v2\/pages\/57"}],"wp:attachment":[{"href":"http:\/\/praca-medycyna.pl\/index.php?rest_route=%2Fwp%2Fv2%2Fmedia&parent=5076"}],"curies":[{"name":"wp","href":"https:\/\/api.w.org\/{rel}","templated":true}]}}