{"id":5083,"date":"2012-12-06T23:07:50","date_gmt":"2012-12-06T23:07:50","guid":{"rendered":"http:\/\/www.pracamedycyna.pl\/?page_id=5083"},"modified":"2012-12-06T23:07:50","modified_gmt":"2012-12-06T23:07:50","slug":"polskie-pracujace-za-granica-pielegniarki-znakiem-rozpoznawczym","status":"publish","type":"page","link":"http:\/\/praca-medycyna.pl\/?page_id=5083","title":{"rendered":"Polskie piel\u0119gniarki znakiem rozpoznawczym"},"content":{"rendered":"<p><strong>Polskie piel\u0119gniarki znakiem rozpoznawczym<\/strong><\/p>\n<p>Odk\u0105d Polska przyst\u0105pi\u0142a do Unii Europejskiej, bardzo wyra\u017anym znakiem rozpoznawczym sta\u0142y si\u0119 jej piel\u0119gniarki. Praca dla piel\u0119gniarek w Unii Europejskiej jest i dobrze wiedz\u0105 o tym nasze siostry. Wiele z nich nie planuje wyjazdu. Wiele chcia\u0142oby to zrobi\u0107, ale polskie zobowi\u0105zania to uniemo\u017cliwiaj\u0105. Wiele \u2013 wyjecha\u0142o. Do niedawna jeszcze ch\u0119tnie emigrantki musia\u0142y p\u0142aci\u0107 bardzo wiele za kurs adaptacyjny. Teraz, zgodnie z rozporz\u0105dzeniem Komisji Europejskiej, trzeba zaprezentowa\u0107 umiej\u0119tno\u015bci praktyczne na manekinach, jak r\u00f3wnie\u017c i zda\u0107 egzamin teoretyczny. To zdaniem Komisji UE jest zgodne z prawem i w \u017caden spos\u00f3b nie narusza przepis\u00f3w dotycz\u0105cych swobody przep\u0142ywu pracownik\u00f3w.<\/p>\n<p>Najwi\u0119kszym zmartwieniem, jak si\u0119 okazuje, piel\u0119gniarek wyje\u017cd\u017caj\u0105cych poza granice naszego kraju, nie jest zdanie egzamin\u00f3w, szczeg\u00f3lnie tych praktycznych. Ogromn\u0105 barier\u0119 nadal stanowi j\u0119zyk obcy. Sprawdzanie jego znajomo\u015bci nie ma miejsca bezpo\u015brednio. Trzeba jednak pami\u0119ta\u0107, \u017ce jego brak stanowi bardzo powa\u017cn\u0105 przeszkodz\u0105 w zdaniu test\u00f3w. Nie ma co ukrywa\u0107 \u2013 wyje\u017cd\u017caj\u0105ce piel\u0119gniarki musz\u0105 zdawa\u0107 sobie spraw\u0119 z tego, \u017ce angielski to podstawa. Dlatego wiele z nich odk\u0142ada wyjazdy w czasie, by poduczy\u0107 si\u0119 j\u0119zyka. Wielu wydaje si\u0119, \u017ce opanowa\u0142a w wystarczaj\u0105cym stopniu j\u0119zyk angielski, ale tak naprawd\u0119 znajomo\u015b\u0107 ta jest wci\u0105\u017c ma\u0142a. Nawet je\u015bli uda\u0142o si\u0119 zda\u0107 testy. Pierwsze problemy w komunikowaniu si\u0119 z innymi pracownikami oraz przede wszystkim pacjentami \u2013 pojawi\u0105 si\u0119 ju\u017c na pocz\u0105tku pracy. Wiele piel\u0119gniarek, kt\u00f3re dzisiaj pracuj\u0105 za granic\u0105, wspomina \u017ce najwi\u0119ksze trudno\u015bci pojawiaj\u0105 si\u0119 w kwestii specjalistycznego s\u0142ownictwa ortopedycznego.<\/p>\n<p>A polskich piel\u0119gniarek np. w Wielkiej Brytanii, jest tysi\u0105ce. Dlaczego wyjecha\u0142y? G\u0142\u00f3wny motywator to oczywicie pieni\u0105dze. \u015arednia pensja wykwalifikowanej piel\u0119gniarki wynosi w UK 20 tysi\u0119c funt\u00f3w rocznie. Oczywi\u015bcie, jak na realia brytyjskie nie jest to maj\u0105tek, ale por\u00f3wnuj\u0105c do zarobk\u00f3w w Polsce \u2013 to naprawd\u0119 niez\u0142e pieni\u0105dze. I ka\u017cda nasza piel\u0119gniarka-emigrantka jest w stanie to potwierdzi\u0107. Oczywi\u015bcie, siostry spoza UK pracuj\u0105ce w tym kraju to nie tylko te pochodz\u0105ce z Polski. Pono\u0107 nawet jedna czwarta piel\u0119gniarek pracuj\u0105cych w Londynie pochodzi spoza Wielkiej Brytanii. Najwi\u0119cej z Filipin.<\/p>\n<p>Oczywi\u015bcie, nie mo\u017cemy zapomina\u0107, \u017ce w przypadku bran\u017cy medycznej to nie tylko piel\u0119gniarki decyduj\u0105 si\u0119 na wyjazdy. S\u0105 to r\u00f3wnie\u017c lekarze, szczeg\u00f3lnie ci m\u0142odzi. Im tak\u017ce zale\u017cy na zarobkach, ale przecie\u017c nie tylko o dostatnie \u017cycie tutaj chodzi. Rezydenci chc\u0105 pracowa\u0107 na lepszym sprz\u0119cie. Chc\u0105 mie\u0107 wi\u0119ksze mo\u017cliwo\u015bci rozwoju. W Polsce nie wszyscy mogli na to liczy\u0107 i to zazwyczaj nie w takim stopniu jakby sobie \u017cyczyli. Najcz\u0119\u015bciej sprawdzaj\u0105 internetowe oferty dla lekarzy za granic\u0105 i wyje\u017cd\u017caj\u0105. Wielu z nich wybiera bardziej pewne opcje \u2013 zdaj\u0105 si\u0119 na zagranicznych znajomych albo na znajomych emigrant\u00f3w, kt\u00f3rzy pomagaj\u0105 na pocz\u0105tku wdro\u017cy\u0107 si\u0119 w \u017cycie w innym kraju. Ofert nie brakuje. Szczeg\u00f3lnie tych pochodz\u0105cych z takich kraj\u00f3w jak Austria czy Niemcy. Ale tak\u017ce Wielka Brytania czy Skandywania stoj\u0105 otworem. Czescy m\u0142odzi lekarze, ukrai\u0144scy czy rosyjscy te\u017c ch\u0119tnie wykorzystuj\u0105 mo\u017cliwo\u015bci pracy za granic\u0105.\u00a0<\/p>\n<p>&nbsp;<\/p>\n","protected":false},"excerpt":{"rendered":"<p>Polskie piel\u0119gniarki znakiem rozpoznawczym Odk\u0105d Polska przyst\u0105pi\u0142a do Unii Europejskiej, bardzo wyra\u017anym znakiem rozpoznawczym sta\u0142y si\u0119 jej piel\u0119gniarki. Praca dla piel\u0119gniarek w Unii Europejskiej jest i dobrze wiedz\u0105 o tym nasze siostry. Wiele z nich nie planuje wyjazdu. Wiele chcia\u0142oby to zrobi\u0107, ale polskie zobowi\u0105zania to uniemo\u017cliwiaj\u0105. Wiele \u2013 wyjecha\u0142o. Do niedawna jeszcze ch\u0119tnie emigrantki&hellip; <br \/> <a class=\"read-more\" href=\"http:\/\/praca-medycyna.pl\/?page_id=5083\">Read more<\/a><\/p>\n","protected":false},"author":2,"featured_media":0,"parent":57,"menu_order":0,"comment_status":"closed","ping_status":"closed","template":"","meta":{"footnotes":""},"class_list":["post-5083","page","type-page","status-publish","hentry"],"_links":{"self":[{"href":"http:\/\/praca-medycyna.pl\/index.php?rest_route=\/wp\/v2\/pages\/5083","targetHints":{"allow":["GET"]}}],"collection":[{"href":"http:\/\/praca-medycyna.pl\/index.php?rest_route=\/wp\/v2\/pages"}],"about":[{"href":"http:\/\/praca-medycyna.pl\/index.php?rest_route=\/wp\/v2\/types\/page"}],"author":[{"embeddable":true,"href":"http:\/\/praca-medycyna.pl\/index.php?rest_route=\/wp\/v2\/users\/2"}],"replies":[{"embeddable":true,"href":"http:\/\/praca-medycyna.pl\/index.php?rest_route=%2Fwp%2Fv2%2Fcomments&post=5083"}],"version-history":[{"count":1,"href":"http:\/\/praca-medycyna.pl\/index.php?rest_route=\/wp\/v2\/pages\/5083\/revisions"}],"predecessor-version":[{"id":5084,"href":"http:\/\/praca-medycyna.pl\/index.php?rest_route=\/wp\/v2\/pages\/5083\/revisions\/5084"}],"up":[{"embeddable":true,"href":"http:\/\/praca-medycyna.pl\/index.php?rest_route=\/wp\/v2\/pages\/57"}],"wp:attachment":[{"href":"http:\/\/praca-medycyna.pl\/index.php?rest_route=%2Fwp%2Fv2%2Fmedia&parent=5083"}],"curies":[{"name":"wp","href":"https:\/\/api.w.org\/{rel}","templated":true}]}}