{"id":5085,"date":"2012-12-06T23:08:17","date_gmt":"2012-12-06T23:08:17","guid":{"rendered":"http:\/\/www.pracamedycyna.pl\/?page_id=5085"},"modified":"2012-12-06T23:10:18","modified_gmt":"2012-12-06T23:10:18","slug":"sytuacja-lekarzy-w-polsce","status":"publish","type":"page","link":"http:\/\/praca-medycyna.pl\/?page_id=5085","title":{"rendered":"Sytuacja lekarzy w Polsce"},"content":{"rendered":"<p>Sytuacja lekarzy w Polsce<\/p>\n<p>Wydawa\u0107 by si\u0119 mog\u0142o, \u017ce praca dla lekarzy le\u017cy na ulicy. Szczeg\u00f3lnie, je\u017celi chodzi o rzadkie specjalizacje i te, w kt\u00f3rych lekarzy bardzo brakuje, np. praca dla neurologa, praca dla radiologa czy praca dla internisty. Istnieje te\u017c przekonanie, \u017ce lekarze zarabiaj\u0105 niez\u0142e pieni\u0105dze. Warto zapyta\u0107 jednak dowolnego lekarza w Polsce. Czy rzeczywi\u015bcie on widzi wszystko w takich kolorowych barwach? Naturalnie, \u017ce nie. Polscy lekarze pracuj\u0105 bardzo cz\u0119sto. Owszem, wielu z nich nie\u017ale zarabia. Ale tylko dlatego, \u017ce albo bior\u0105 na siebie bardzo du\u017co (cz\u0119sto zbyt du\u017co) dy\u017cur\u00f3w, albo pracuj\u0105 za granic\u0105. Zreszt\u0105 wielu lekarzy obecnie pracuj\u0105cych w Polsce, sprawdza og\u0142oszenia z prac\u0105 dla lekarzy poza granicami nazego pracuje. Praca dla lekarza w Australii czy praca dla lekarza w Niemczech wydaje im si\u0119 znacznie bardziej obiecuj\u0105c\u0105 perspektyw\u0105, ni\u017c pozostanie w Polsce.<\/p>\n<p>Liczby potwierdzaj\u0105 te niezbyt optymistyczne informacje. Statystyki Naczelnej Izby Lekarskiej pokazuj\u0105, \u017ce w Polsce zaw\u00f3d lekarza wykonywany jest przez cztery razy mniej os\u00f3b ni\u017c w Niemczech. W por\u00f3wnaniu do innych kraj\u00f3w nie wypadamy, niestety, lepiej. Wed\u0142ug danych z 2008 roku okazuje si\u0119, \u017ce przewy\u017cszaj\u0105 nawet nawet Czechy czy S\u0142owacja. Dla przyk\u0142adu \u2013 w Czechach na sto tysi\u0119cy mieszkanc\u00f3w przypada oko\u0142o 350 lekarzy, za\u015b na S\u0142owacji 300. W Polsce w 2008 roku na 2,2 lekarza (praktykuj\u0105cego!) przypada\u0142o oko\u0142o tysi\u0105ca mieszka\u0144c\u00f3w.<\/p>\n<p>To jeszce nie wszystko. Nie wypadamy tak\u017ce dobrze, je\u017celi chodzi o wydatki na s\u0142u\u017cb\u0119 zdrowia. Tego akurat nie by\u0142o trudno przewidzie\u0107. Raport Organizacja Wsp\u00f3\u0142pracy Gospodarczej i Rozwoju (OECD) pokazuje, \u017ce w 2008 roku wydatki na s\u0142u\u017cb\u0119 zdrowia stanowi\u0142y oko\u0142o siedmiu procent PKB, czyli o oko\u0142o dwa punkty procentowe mniej ni\u017c wynosi \u015brednia w OECD.<\/p>\n<p>Co jest przyczyn\u0105 takiej sytuacji? Lekarzy brakuje nie tylko ze wzgl\u0119du na wspomniane ju\u017c emigracje. Nie mo\u017cna zapomina\u0107 o wieku. Spora liczba lekarzy to osoby, kt\u00f3re nied\u0142ugo mog\u0105 przej\u015b\u0107 na emerytur\u0119, albo ju\u017c na ni\u0105 przesz\u0142y. W ten spos\u00f3b powstaje luka pokoleniowa. W \u015brodowisku lekarzy m\u00f3wi si\u0119 o tym ju\u017c od pewnego czasu. Zreszt\u0105 nietrudno to zauwa\u017cy\u0107, skoro z bada\u0144 wynika, \u017ce w Polsce lekarzy powy\u017cej 70 roku jest w Polsce ponad 19 tysi\u0119cy.<\/p>\n<p>Jakich lekarzy brakuje najbardziej? Te informacje s\u0105 szczeg\u00f3lnie istotne dla m\u0142odych lekarzy, kt\u00f3rzy zadaj\u0105 sobie pytanie jaka specjalizacja lekarska powinna by\u0107 t\u0105, kt\u00f3r\u0105 b\u0119d\u0105 zajmowa\u0107 si\u0119 w przysz\u0142o\u015bci. Najwi\u0119ksze zapotrzebowanie wyst\u0119puje na anestezjolog\u00f3w, lekarzy pracuj\u0105cych na oddzia\u0142ach intensywnej terapii, na chirurg\u00f3w plastycznych i chirurg\u00f3w klatki piersiowej. Potrzebni s\u0105 tak\u017ce patamorfolodzy oraz radiolodzy. Warto zwr\u00f3ci\u0107 tak\u017ce uwag\u0119 na takie specjalizacje jak lekarze ratownictwa medycznego, ortopedzi i traumatolodzy i wiele, wiele innych.<\/p>\n<p>Pomocni mog\u0105 okaza\u0107 si\u0119 lekarze ze Wschodu. Niestety, wci\u0105\u017c jest ich w Polsce jak na lekarstwo. Liczba przyje\u017cd\u017caj\u0105cych do naszego kraju lekarzy zza wschodniej granicy jest tak ma\u0142o, \u017ce tak naprawd\u0119 nie ma o czym m\u00f3wi\u0107.<\/p>\n<p>&nbsp;<\/p>\n","protected":false},"excerpt":{"rendered":"<p>Sytuacja lekarzy w Polsce Wydawa\u0107 by si\u0119 mog\u0142o, \u017ce praca dla lekarzy le\u017cy na ulicy. Szczeg\u00f3lnie, je\u017celi chodzi o rzadkie specjalizacje i te, w kt\u00f3rych lekarzy bardzo brakuje, np. praca dla neurologa, praca dla radiologa czy praca dla internisty. Istnieje te\u017c przekonanie, \u017ce lekarze zarabiaj\u0105 niez\u0142e pieni\u0105dze. Warto zapyta\u0107 jednak dowolnego lekarza w Polsce. Czy&hellip; <br \/> <a class=\"read-more\" href=\"http:\/\/praca-medycyna.pl\/?page_id=5085\">Read more<\/a><\/p>\n","protected":false},"author":2,"featured_media":0,"parent":57,"menu_order":0,"comment_status":"closed","ping_status":"closed","template":"","meta":{"footnotes":""},"class_list":["post-5085","page","type-page","status-publish","hentry"],"_links":{"self":[{"href":"http:\/\/praca-medycyna.pl\/index.php?rest_route=\/wp\/v2\/pages\/5085","targetHints":{"allow":["GET"]}}],"collection":[{"href":"http:\/\/praca-medycyna.pl\/index.php?rest_route=\/wp\/v2\/pages"}],"about":[{"href":"http:\/\/praca-medycyna.pl\/index.php?rest_route=\/wp\/v2\/types\/page"}],"author":[{"embeddable":true,"href":"http:\/\/praca-medycyna.pl\/index.php?rest_route=\/wp\/v2\/users\/2"}],"replies":[{"embeddable":true,"href":"http:\/\/praca-medycyna.pl\/index.php?rest_route=%2Fwp%2Fv2%2Fcomments&post=5085"}],"version-history":[{"count":3,"href":"http:\/\/praca-medycyna.pl\/index.php?rest_route=\/wp\/v2\/pages\/5085\/revisions"}],"predecessor-version":[{"id":5087,"href":"http:\/\/praca-medycyna.pl\/index.php?rest_route=\/wp\/v2\/pages\/5085\/revisions\/5087"}],"up":[{"embeddable":true,"href":"http:\/\/praca-medycyna.pl\/index.php?rest_route=\/wp\/v2\/pages\/57"}],"wp:attachment":[{"href":"http:\/\/praca-medycyna.pl\/index.php?rest_route=%2Fwp%2Fv2%2Fmedia&parent=5085"}],"curies":[{"name":"wp","href":"https:\/\/api.w.org\/{rel}","templated":true}]}}