{"id":52,"date":"2011-10-13T15:03:11","date_gmt":"2011-10-13T15:03:11","guid":{"rendered":"http:\/\/www.pracamedycyna.pl\/?page_id=52"},"modified":"2012-02-29T12:11:14","modified_gmt":"2012-02-29T12:11:14","slug":"o-nas","status":"publish","type":"page","link":"http:\/\/praca-medycyna.pl\/?page_id=52","title":{"rendered":"O nas"},"content":{"rendered":"<p style=\"text-align: justify;\">Szanowni Pa\u0144stwo,<\/p>\n<p style=\"text-align: justify;\">Z my\u015bl\u0105 o osobach poszukuj\u0105cych pracy oraz instytucjach poszukuj\u0105cych pracownik\u00f3w z bran\u017cy medycznej, stworzyli\u015bmy portal, gdzie znajd\u0105 Pa\u0144stwo oferty pracy oraz oferty os\u00f3b poszukuj\u0105cych zatrudnienia w barn\u017cy medycznej. Na naszym portalu znajduj\u0105 si\u0119 oferty z Polski i z zagranicy.<\/p>\n<p style=\"text-align: justify;\">\u00a0<\/p>\n<p style=\"text-align: justify;\">Zapraszamy do wyszukiwania i umieszczania og\u0142osze\u0144 o prac\u0119.<\/p>\n<p style=\"text-align: justify;\">Zesp\u00f3\u0142 Pracamedycyna.pl<\/p>\n<p>&nbsp;<\/p>\n","protected":false},"excerpt":{"rendered":"<p>Szanowni Pa\u0144stwo, Z my\u015bl\u0105 o osobach poszukuj\u0105cych pracy oraz instytucjach poszukuj\u0105cych pracownik\u00f3w z bran\u017cy medycznej, stworzyli\u015bmy portal, gdzie znajd\u0105 Pa\u0144stwo oferty pracy oraz oferty os\u00f3b poszukuj\u0105cych zatrudnienia w barn\u017cy medycznej. Na naszym portalu znajduj\u0105 si\u0119 oferty z Polski i z zagranicy. \u00a0 Zapraszamy do wyszukiwania i umieszczania og\u0142osze\u0144 o prac\u0119. Zesp\u00f3\u0142 Pracamedycyna.pl &nbsp;<\/p>\n","protected":false},"author":1,"featured_media":0,"parent":0,"menu_order":0,"comment_status":"closed","ping_status":"closed","template":"","meta":{"footnotes":""},"class_list":["post-52","page","type-page","status-publish","hentry"],"_links":{"self":[{"href":"http:\/\/praca-medycyna.pl\/index.php?rest_route=\/wp\/v2\/pages\/52","targetHints":{"allow":["GET"]}}],"collection":[{"href":"http:\/\/praca-medycyna.pl\/index.php?rest_route=\/wp\/v2\/pages"}],"about":[{"href":"http:\/\/praca-medycyna.pl\/index.php?rest_route=\/wp\/v2\/types\/page"}],"author":[{"embeddable":true,"href":"http:\/\/praca-medycyna.pl\/index.php?rest_route=\/wp\/v2\/users\/1"}],"replies":[{"embeddable":true,"href":"http:\/\/praca-medycyna.pl\/index.php?rest_route=%2Fwp%2Fv2%2Fcomments&post=52"}],"version-history":[{"count":7,"href":"http:\/\/praca-medycyna.pl\/index.php?rest_route=\/wp\/v2\/pages\/52\/revisions"}],"predecessor-version":[{"id":100,"href":"http:\/\/praca-medycyna.pl\/index.php?rest_route=\/wp\/v2\/pages\/52\/revisions\/100"}],"wp:attachment":[{"href":"http:\/\/praca-medycyna.pl\/index.php?rest_route=%2Fwp%2Fv2%2Fmedia&parent=52"}],"curies":[{"name":"wp","href":"https:\/\/api.w.org\/{rel}","templated":true}]}}