{"id":5282,"date":"2012-12-07T22:07:49","date_gmt":"2012-12-07T22:07:49","guid":{"rendered":"http:\/\/www.pracamedycyna.pl\/?page_id=5282"},"modified":"2012-12-07T22:07:49","modified_gmt":"2012-12-07T22:07:49","slug":"szkolenia-dla-lekarzy","status":"publish","type":"page","link":"http:\/\/praca-medycyna.pl\/?page_id=5282","title":{"rendered":"Szkolenia dla lekarzy"},"content":{"rendered":"<p><strong>Szkolenia dla lekarzy<\/strong><\/p>\n<p>Wed\u0142ug wyst\u0119puj\u0105cych w dzisiejszych czasach regulacji prawnych zaw\u00f3d lekarza jest niczym innym jak \u201ezawodem podwy\u017cszonego ryzyka\u201d. Nic dziwnego, \u017ce szkolenia w medycynie, przede wszystkim szkolenia dla lekarzy, ciesz\u0105 si\u0119 coraz wi\u0119kszym zainteresowaniem. Ofert nie brakuje. Szkolenia dla radiolog\u00f3w, stomatolog\u00f3w, neurolog\u00f3w, ortoped\u00f3w, ginekolog\u00f3w, urolog\u00f3w itd. organizowane s\u0105 nie tylko w du\u017cych miastach. Dotycz\u0105 r\u00f3\u017cnorodnych kwestii. Cz\u0119sto spotyka si\u0119 szkolenia medyczne dotycz\u0105ce wykonywania zawody lekarza przy jednoczesnym nie popadaniu w kolizj\u0119 z prawem, szczeg\u00f3lnie bior\u0105c pod uwag\u0119 w\u0142a\u015bnie nowoczesne regulacje prawne. Wielu medyk\u00f3w zastanawia si\u0119 bowiem, czy leczenie zgodnie ze sztuk\u0105 lekarsk\u0105 zawsze chroni od odpowiedzialno\u015bci cywilnej\/prawa. Granice dotycz\u0105ce intuicji i \u015bwiadomo\u015bci wykonywania zawodu lekarza a rzeczywistej tre\u015bci prawa zacieraj\u0105 si\u0119. Tak\u017ce dla do\u015bwiadczonych lekarzy. Tego rodzaju szkolenia medyczne pomagaj\u0105 zatem w zdobyciu wiedzy na temat zapobiegania sprawom s\u0105dowym. Pozwalaj\u0105 pozna\u0107 wszelakie pu\u0142apki NFZ\u2019u w jakie mo\u017cna popa\u015b\u0107. Wielu medyk\u00f3w, szczeg\u00f3lnie tych kt\u00f3rzy maj\u0105 ju\u017c spore do\u015bwiadczenie w pracy z pacjentami, zastanawia si\u0119 w jaki spos\u00f3b mo\u017cna obroni\u0107 si\u0119 przed pacjentem niezadowolonym i roszczeniowym. Wa\u017cne jest r\u00f3wnie\u017c to, by pozna\u0107 tajniki obrony przed pacjentem agresywnym. Bo przecie\u017c tacy r\u00f3wnie\u017c si\u0119 zdarzaj\u0105 i to wbrew pozorom \u2013 wcale nie tak rzadko jak mo\u017ce si\u0119 wydawa\u0107.\u00a0<\/p>\n<p>Wielu lekarzy specjalist\u00f3w decyduje si\u0119 na specjalistyczne szkolenia medyczne czy konferencje z zakresy medycyny. Takie spotkania to szkolenia dotycz\u0105ce w\u0105skiego zakresu tematu. Np. chirurdzy czy ortopedzi \u015bledz\u0105 na \u017cywo prezentowane transmisje zabieg\u00f3w operacyjnych. Wielu specjalist\u00f3w mo\u017ce i chce skorzysta\u0107 ze szkole\u0144 indywidualnych. W przypadku wy\u017cej wymienionych specjalno\u015bci s\u0105 to najcz\u0119\u015bciej szkolenia ju\u017c stricte na sali operacyjnej. W indywidualnych szkoleniach medycznych uczestniczy najcz\u0119\u015bciej jeden albo dw\u00f3ch lekarzy. Zadaniem uczestnika jest baczne obserwowanie zabiegu operacyjnego na sali. Czasem (dotyczy bardziej do\u015bwiadczonych medyk\u00f3w) pe\u0142ni rol\u0119 jednego z cz\u0142onk\u00f3w zespo\u0142u operacyjnego. Szkolenia indywidualne trwaj\u0105 najcz\u0119\u015bciej od dw\u00f3ch od pi\u0119ciu dni. Wszystko w zale\u017cno\u015bci od przedmiotu szkolenia oraz stopnia zaawansowania uczestnika. Czego mo\u017ce dotyczy\u0107 indywidualne szkolenie medyczne? Przyk\u0142adowy temat to: \u201eArtroskopowe leczenie niestabilno\u015bci oraz uszkodze\u0144 sto\u017cka rotator\u00f3w stawu ramiennego\u201d czy np. Rekonstrukcja wi\u0119zad\u0142a krzy\u017cowego przedniego metoda artroskopow\u0105\u201d.<\/p>\n<p>W internecie mo\u017cna zaobserwowa\u0107, \u017ce kolejne oferty dotycz\u0105ce szkole\u0144 medycznych powstaj\u0105 coraz cz\u0119\u015bciej. Wi\u0119kszo\u015b\u0107 medyk\u00f3w nie decyduje si\u0119 jednak pochopnie na szkolenia z niepewnych \u017ar\u00f3de\u0142 (to bardzo rozs\u0105dne). Najcz\u0119\u015bciej wybieraj\u0105 to, co polecaj\u0105 ich do\u015bwiadczeni koledzy po fachu. Zreszt\u0105 w tak specyficznym i zamkni\u0119tym kr\u0119gu jakim s\u0105 lekarze, o takie rekomendacje nietrudno. Dlatego rzadko zdarza si\u0119, \u017ce lekarz wybiera niesprawdzone, nic nie warte oferty.<\/p>\n<p>&nbsp;<\/p>\n","protected":false},"excerpt":{"rendered":"<p>Szkolenia dla lekarzy Wed\u0142ug wyst\u0119puj\u0105cych w dzisiejszych czasach regulacji prawnych zaw\u00f3d lekarza jest niczym innym jak \u201ezawodem podwy\u017cszonego ryzyka\u201d. Nic dziwnego, \u017ce szkolenia w medycynie, przede wszystkim szkolenia dla lekarzy, ciesz\u0105 si\u0119 coraz wi\u0119kszym zainteresowaniem. Ofert nie brakuje. Szkolenia dla radiolog\u00f3w, stomatolog\u00f3w, neurolog\u00f3w, ortoped\u00f3w, ginekolog\u00f3w, urolog\u00f3w itd. organizowane s\u0105 nie tylko w du\u017cych miastach. Dotycz\u0105&hellip; <br \/> <a class=\"read-more\" href=\"http:\/\/praca-medycyna.pl\/?page_id=5282\">Read more<\/a><\/p>\n","protected":false},"author":2,"featured_media":0,"parent":0,"menu_order":0,"comment_status":"closed","ping_status":"closed","template":"","meta":{"footnotes":""},"class_list":["post-5282","page","type-page","status-publish","hentry"],"_links":{"self":[{"href":"http:\/\/praca-medycyna.pl\/index.php?rest_route=\/wp\/v2\/pages\/5282","targetHints":{"allow":["GET"]}}],"collection":[{"href":"http:\/\/praca-medycyna.pl\/index.php?rest_route=\/wp\/v2\/pages"}],"about":[{"href":"http:\/\/praca-medycyna.pl\/index.php?rest_route=\/wp\/v2\/types\/page"}],"author":[{"embeddable":true,"href":"http:\/\/praca-medycyna.pl\/index.php?rest_route=\/wp\/v2\/users\/2"}],"replies":[{"embeddable":true,"href":"http:\/\/praca-medycyna.pl\/index.php?rest_route=%2Fwp%2Fv2%2Fcomments&post=5282"}],"version-history":[{"count":1,"href":"http:\/\/praca-medycyna.pl\/index.php?rest_route=\/wp\/v2\/pages\/5282\/revisions"}],"predecessor-version":[{"id":5285,"href":"http:\/\/praca-medycyna.pl\/index.php?rest_route=\/wp\/v2\/pages\/5282\/revisions\/5285"}],"wp:attachment":[{"href":"http:\/\/praca-medycyna.pl\/index.php?rest_route=%2Fwp%2Fv2%2Fmedia&parent=5282"}],"curies":[{"name":"wp","href":"https:\/\/api.w.org\/{rel}","templated":true}]}}