{"id":54,"date":"2011-10-13T15:06:42","date_gmt":"2011-10-13T15:06:42","guid":{"rendered":"http:\/\/www.pracamedycyna.pl\/?page_id=54"},"modified":"2022-09-27T18:41:50","modified_gmt":"2022-09-27T18:41:50","slug":"praca-lekarz-medycyna","status":"publish","type":"page","link":"http:\/\/praca-medycyna.pl\/?page_id=54","title":{"rendered":"DODAJ OG\u0141OSZENIE"},"content":{"rendered":"<p style=\"text-align: justify;\"><strong style=\"font-size: 1.4em;\"><span style=\"color: #ff0000;\">CENA za publikacj\u0119 og\u0142osze\u0144 z ofertami pracy:<\/span><\/strong><\/p>\n<h3>&#8211; 1 szt. \/<strong>90<\/strong> dni: 100<span style=\"text-decoration: underline;\"><strong>\u00a0z\u0142 \u00a0netto <\/strong>+ VAT<\/span><\/h3>\n<p style=\"text-align: justify;\">W celu publikacji og\u0142oszenia prosimy o wype\u0142nienie poni\u017cszego formularza lub wys\u0142anie tre\u015bci og\u0142oszenia oraz danych do faktury (nazwa, adres, NIP) na adres ogloszenia@pracamedycyna.pl. Po otrzymaniu formularza \u00a0ode\u015blemy na podany adres e-mail faktur\u0119 za publikacj\u0119 og\u0142oszenia z danymi do przelewu .<\/p>\n<h2><span style=\"color: #008080;\"><strong>FORMULARZ &#8211; OG\u0141OSZENIE PRACODAWCY<\/strong><\/span><\/h2>\n\n<div class=\"wpcf7 no-js\" id=\"wpcf7-f10521-o1\" lang=\"\" dir=\"ltr\">\n<div class=\"screen-reader-response\"><p role=\"status\" aria-live=\"polite\" aria-atomic=\"true\"><\/p> <ul><\/ul><\/div>\n<form action=\"\/index.php?rest_route=%2Fwp%2Fv2%2Fpages%2F54#wpcf7-f10521-o1\" method=\"post\" class=\"wpcf7-form init\" aria-label=\"Contact form\" novalidate=\"novalidate\" data-status=\"init\">\n<div style=\"display: none;\">\n<input type=\"hidden\" name=\"_wpcf7\" value=\"10521\" \/>\n<input type=\"hidden\" name=\"_wpcf7_version\" value=\"5.8.3\" \/>\n<input type=\"hidden\" name=\"_wpcf7_locale\" value=\"\" \/>\n<input type=\"hidden\" name=\"_wpcf7_unit_tag\" value=\"wpcf7-f10521-o1\" \/>\n<input type=\"hidden\" name=\"_wpcf7_container_post\" value=\"0\" \/>\n<input type=\"hidden\" name=\"_wpcf7_posted_data_hash\" value=\"\" \/>\n<\/div>\n<div class=\"wpcf7-response-output\" aria-hidden=\"true\"><\/div>\n<\/form>\n<\/div>\n\n<p style=\"text-align: justify;\">Dzi\u0119kujemy!<\/p>\n","protected":false},"excerpt":{"rendered":"<p>CENA za publikacj\u0119 og\u0142osze\u0144 z ofertami pracy: &#8211; 1 szt. \/90 dni: 100\u00a0z\u0142 \u00a0netto + VAT W celu publikacji og\u0142oszenia prosimy o wype\u0142nienie poni\u017cszego formularza lub wys\u0142anie tre\u015bci og\u0142oszenia oraz danych do faktury (nazwa, adres, NIP) na adres ogloszenia@pracamedycyna.pl. Po otrzymaniu formularza \u00a0ode\u015blemy na podany adres e-mail faktur\u0119 za publikacj\u0119 og\u0142oszenia z danymi do przelewu&hellip; <br \/> <a class=\"read-more\" href=\"http:\/\/praca-medycyna.pl\/?page_id=54\">Read more<\/a><\/p>\n","protected":false},"author":1,"featured_media":0,"parent":0,"menu_order":0,"comment_status":"closed","ping_status":"closed","template":"","meta":{"footnotes":""},"class_list":["post-54","page","type-page","status-publish","hentry"],"_links":{"self":[{"href":"http:\/\/praca-medycyna.pl\/index.php?rest_route=\/wp\/v2\/pages\/54","targetHints":{"allow":["GET"]}}],"collection":[{"href":"http:\/\/praca-medycyna.pl\/index.php?rest_route=\/wp\/v2\/pages"}],"about":[{"href":"http:\/\/praca-medycyna.pl\/index.php?rest_route=\/wp\/v2\/types\/page"}],"author":[{"embeddable":true,"href":"http:\/\/praca-medycyna.pl\/index.php?rest_route=\/wp\/v2\/users\/1"}],"replies":[{"embeddable":true,"href":"http:\/\/praca-medycyna.pl\/index.php?rest_route=%2Fwp%2Fv2%2Fcomments&post=54"}],"version-history":[{"count":145,"href":"http:\/\/praca-medycyna.pl\/index.php?rest_route=\/wp\/v2\/pages\/54\/revisions"}],"predecessor-version":[{"id":11139,"href":"http:\/\/praca-medycyna.pl\/index.php?rest_route=\/wp\/v2\/pages\/54\/revisions\/11139"}],"wp:attachment":[{"href":"http:\/\/praca-medycyna.pl\/index.php?rest_route=%2Fwp%2Fv2%2Fmedia&parent=54"}],"curies":[{"name":"wp","href":"https:\/\/api.w.org\/{rel}","templated":true}]}}