{"id":5473,"date":"2012-12-10T23:13:04","date_gmt":"2012-12-10T23:13:04","guid":{"rendered":"http:\/\/www.pracamedycyna.pl\/?page_id=5473"},"modified":"2016-02-13T14:44:24","modified_gmt":"2016-02-13T14:44:24","slug":"praca-lekarz-za-granica","status":"publish","type":"page","link":"http:\/\/praca-medycyna.pl\/?page_id=5473","title":{"rendered":"Praca lekarz za granic\u0105"},"content":{"rendered":"<p>Praca lekarz za granic\u0105<\/p>\n<p>Kryzys, wysokie bezrobocie, brak wi\u0119kszych perspektyw na dobrze p\u0142atn\u0105 prac\u0119 \u2013 to wszystko sprawia, \u017ce Polacy cz\u0119sto wyje\u017cd\u017caj\u0105 do pracy poza granice naszego kraju. Za granic\u0105 szczeg\u00f3lnie cenieni s\u0105 specjali\u015bci, np. lekarze. Oferty pracy dla lekarzy w Niemczech, Wielkiej Brytanii, krajach skandynawskich i wielu innych rzeczywi\u015bcie nie brakuje. Ale czy nasi medycy tak ch\u0119tnie korzystaj\u0105 z tego rodzaju ofert? Okazuje si\u0119, \u017ce og\u0142oszenia z prac\u0105 dla lekarzy wykraczaj\u0105ce poza granice Polski nie ciesz\u0105 si\u0119 ju\u017c du\u017cym zainteresowaniem. Kilkakrotnie nawet spad\u0142a liczba naszych medyk\u00f3w, kt\u00f3rzy chc\u0105 pracowa\u0107 w innym kraju ni\u017c Polska. Wielu nadal wyje\u017cd\u017ca, ale nie maj\u0105 w planach zostawa\u0107 tam na zawsze. Co najwy\u017cej zosta\u0107 na kr\u00f3tko, ale wr\u00f3ci\u0107. W 2011 roku z Polski wyjecha\u0142o zaledwie 363 lekarzy. To a\u017c pi\u0119\u0107 razy mniej ni\u017c w 2005 roku. Wtedy z naszego kraju wyjecha\u0142o a\u017c 1711 lekarzy. Dlaczego? Powody nie s\u0105 zbyt wyszukane i zaskakuj\u0105ce. Chodzi\u0142o przede wszystkim o poprawienie swojej sytuacji materialnej.<\/p>\n<p>Wielu polskich lekarzy pracuje&#8230; w dw\u00f3ch krajach. Np. podejmuj\u0105 si\u0119 zaj\u0119cia w plac\u00f3wkach za granic\u0105 tylko w weekendy, albo na zasadach rotacyjnych. Nie musz\u0105 wtedy rezygnowa\u0107 z pracy, kt\u00f3r\u0105 wykonuj\u0105 w Polsce. Wystarczy, \u017ce pojad\u0105 na par\u0119 dni do jednego z unijnych kraj\u00f3w. Mog\u0105 dy\u017curowa\u0107 i wykonywa\u0107 zabiegi. I oczywi\u015bcie&#8230; nie\u017ale zarabia\u0107. Przyk\u0142adem mog\u0105 by\u0107 nasi okuli\u015bci, kt\u00f3rzy zostali wys\u0142ani do Danii w\u0142a\u015bnie w trybie rotacyjnym. Wykonywali operacje za\u0107my w du\u0144skich klinikach. Na bardzo podobnej zasadzie wysy\u0142ani byli np. denty\u015bci do Szwecji. Praca dla radiologa tak\u017ce stanowi\u0142a zapotrzebowanie. Okazuje si\u0119 jednak, \u017ce ch\u0119tnych wcale nie by\u0142o wiele. Wielu medyk\u00f3w stwierdzi\u0142o bowiem, \u017ce nie ma sensu wyje\u017cd\u017ca\u0107 poza granice, skoro w Polsce te\u017c mo\u017cna nie\u017ale zarobi\u0107.<\/p>\n<p>Praca dla lekarza w Niemczech to jedna z najcz\u0119stszych ofert, je\u017celi chodzi o oferty pracy dla lekarzy poza granicami Polski. U naszych zachodnich s\u0105siad\u00f3w brakuje dobrych specjalist\u00f3w. Ale Polacy nie s\u0105 zbyt ch\u0119tni na takie wyjazdy. Du\u017c\u0105 barier\u0105 jest na pewno brak znajomo\u015bci j\u0119zyka niemieckiego. Polscy medycy wiedz\u0105, \u017ce w Niemczech zarobili by wi\u0119cej (zarobki s\u0105 wysokie \u2013 lekarz przed specjalizacj\u0105 otrzymuje \u015brednio 3,9 tysi\u0119cy euro miesi\u0119cznie, a po specjalizacji 5,5 tysi\u0105ca euro). Ale z drugiej strony zarobki w naszym kraju nie s\u0105 tragiczne. Wystarczaj\u0105 do tego, by dobrze \u017cy\u0107 w kraju. A wyjazd poza granice to przecie\u017c spore koszty i nie chodzi tylko o koszty zwi\u0105zane z przeprowadz\u0105. Zmiana kraju to te psychiczne oraz kulturowe koszty migracji. Dotyczy to przede wszystkim tych lekarzy, kt\u00f3rzy maj\u0105 rodziny.<\/p>\n<p>Wielu m\u0142odych lekarzy zmieni\u0142o plany wyjazdowe. Np. z powodu podwy\u017cki pensji dla rezydent\u00f3w, kt\u00f3re zosta\u0142y wprowadzone przez by\u0142\u0105 minister zdrowia Ew\u0119 Kopacz. Sytuacja materialna naszych medyk\u00f3w poprawi\u0142a si\u0119 tak\u017ce z powodu unijnych przepis\u00f3w z 2008 roku, kt\u00f3re dotyczy\u0142y czasu pracy \u2013 razem z dy\u017curami nie m\u00f3g\u0142 on przekracza\u0107 65 godzin w tygodniu. To pozwoli\u0142o wynegocjowa\u0107 ca\u0142kiem niez\u0142e stawki ze szpitalami.<\/p>\n<p>&nbsp;<\/p>\n","protected":false},"excerpt":{"rendered":"<p>Praca lekarz za granic\u0105 Kryzys, wysokie bezrobocie, brak wi\u0119kszych perspektyw na dobrze p\u0142atn\u0105 prac\u0119 \u2013 to wszystko sprawia, \u017ce Polacy cz\u0119sto wyje\u017cd\u017caj\u0105 do pracy poza granice naszego kraju. Za granic\u0105 szczeg\u00f3lnie cenieni s\u0105 specjali\u015bci, np. lekarze. Oferty pracy dla lekarzy w Niemczech, Wielkiej Brytanii, krajach skandynawskich i wielu innych rzeczywi\u015bcie nie brakuje. Ale czy nasi&hellip; <br \/> <a class=\"read-more\" href=\"http:\/\/praca-medycyna.pl\/?page_id=5473\">Read more<\/a><\/p>\n","protected":false},"author":2,"featured_media":0,"parent":57,"menu_order":0,"comment_status":"closed","ping_status":"closed","template":"","meta":{"footnotes":""},"class_list":["post-5473","page","type-page","status-publish","hentry"],"_links":{"self":[{"href":"http:\/\/praca-medycyna.pl\/index.php?rest_route=\/wp\/v2\/pages\/5473","targetHints":{"allow":["GET"]}}],"collection":[{"href":"http:\/\/praca-medycyna.pl\/index.php?rest_route=\/wp\/v2\/pages"}],"about":[{"href":"http:\/\/praca-medycyna.pl\/index.php?rest_route=\/wp\/v2\/types\/page"}],"author":[{"embeddable":true,"href":"http:\/\/praca-medycyna.pl\/index.php?rest_route=\/wp\/v2\/users\/2"}],"replies":[{"embeddable":true,"href":"http:\/\/praca-medycyna.pl\/index.php?rest_route=%2Fwp%2Fv2%2Fcomments&post=5473"}],"version-history":[{"count":3,"href":"http:\/\/praca-medycyna.pl\/index.php?rest_route=\/wp\/v2\/pages\/5473\/revisions"}],"predecessor-version":[{"id":8941,"href":"http:\/\/praca-medycyna.pl\/index.php?rest_route=\/wp\/v2\/pages\/5473\/revisions\/8941"}],"up":[{"embeddable":true,"href":"http:\/\/praca-medycyna.pl\/index.php?rest_route=\/wp\/v2\/pages\/57"}],"wp:attachment":[{"href":"http:\/\/praca-medycyna.pl\/index.php?rest_route=%2Fwp%2Fv2%2Fmedia&parent=5473"}],"curies":[{"name":"wp","href":"https:\/\/api.w.org\/{rel}","templated":true}]}}