{"id":5476,"date":"2012-12-10T23:13:57","date_gmt":"2012-12-10T23:13:57","guid":{"rendered":"http:\/\/www.pracamedycyna.pl\/?page_id=5476"},"modified":"2012-12-10T23:13:57","modified_gmt":"2012-12-10T23:13:57","slug":"specjalizacja-lekarska-%e2%80%93-jej-uzyskanie-moze-trwac-nawet-kilkanascie-lat","status":"publish","type":"page","link":"http:\/\/praca-medycyna.pl\/?page_id=5476","title":{"rendered":"Specjalizacja lekarska \u2013 jej uzyskanie mo\u017ce trwa\u0107 nawet kilkana\u015bcie lat"},"content":{"rendered":"<p>Specjalizacja lekarska \u2013 jej uzyskanie mo\u017ce trwa\u0107 nawet kilkana\u015bcie lat<\/p>\n<p>To oczywiste, \u017ce aby zosta\u0107 lekarzem, trzeba zrobi\u0107 co\u015b wi\u0119cej, ni\u017c tylko uko\u0144czy\u0107 studia medyczne. Potrzebny jest r\u00f3wnie\u017c sta\u017c dyplomowy. Dopiero potem zdaje si\u0119 lekarski egzamin pa\u0144stwowy. Ka\u017cdego roku akademie medyczne ko\u0144czy nawet kilka tysi\u0119cy absolwent\u00f3w. Zanim b\u0119d\u0105 pracowa\u0107 jako specjali\u015bci w konkretnej dziedzinie minie jeszcze sporo czasu. Nawet dziesi\u0119\u0107 (albo i wi\u0119cej!) lat.<\/p>\n<p>Ale zacznijmy od pocz\u0105tku. Najpierw studia. To pierwszy krok do tego, by wykonywa\u0107 w przysz\u0142o\u015bci zaw\u00f3d lekarski. Studia medyczne trwaj\u0105 6 lat na wydziale lekarskim. W Polsce mamy 11 akademii medycznych, w kt\u00f3rych mo\u017cliwe jest studiowanie na kierunku lekarskim. Obecni lekarze, jak r\u00f3wnie\u017c jeszcze ci niedoszli, uwa\u017caj\u0105 \u017ce najtrudniejszy jest pierwszy krok. Nowi studenci niejako zostaj\u0105 rzuceni na g\u0142\u0119bok\u0105 wod\u0119. Musz\u0105 przyzwyczai\u0107 si\u0119 do tego, \u017ce system nauki na tego rodzaju studiach jest znacznie inny ni\u017c ten w liceum. Trzeba powiedzie\u0107 te\u017c szczerze \u2013 studiowanie na wydziale lekarskim jest bardzo trudne, \u017cmudne i czasoch\u0142onne. Nie do przej\u015bcia wydaj\u0105 si\u0119 zaj\u0119cia z anatomii czy patofozjologii. A przecie\u017c to nie wszystko. Studenci poznaj\u0105 tak\u017ce tajniki biologii, chemii, histologii, historii medycyny ratunkowej czy psychologii lekarskiej. A przecie\u017c liczy si\u0119 nie tylko teoria. Studenci odbywaj\u0105 tak\u017ce zaj\u0119cia praktyczne, kt\u00f3re najcz\u0119\u015bciej maj\u0105 miejsce w przyuczelnianych szpitalach. Kolejne lata studi\u00f3w to kolejne zaj\u0119cia, m.in. z biochemii, biofizyki, fizjologii, anatomii klinicznej czy medycyny molekularnej. Studia zwie\u0144cza egzamin, kt\u00f3rego zdanie nie daje jeszcze pe\u0142nego prawa do wykonywania zawodu lekarza. Aby to prawo otrzyma\u0107 nale\u017cy odby\u0107 roczny sta\u017c podyplomowy, a nast\u0119pnie zda\u0107 lekarski egzamin pa\u0144stwowy. Miejsca sta\u017cowe przyznawane s\u0105 w pierwszej kolejno\u015bci osobom, kt\u00f3re posiadaj\u0105 sta\u0142e miejsce zamieszkania na terenie dzia\u0142ania plac\u00f3wki oraz posiadaj\u0105 najwy\u017csz\u0105 \u015bredni\u0105 ocen. Osoba odbywaj\u0105ca sta\u017c podpisuje umow\u0119 o prac\u0119. Na jej podstawie otrzymuje wynagrodzenie. Nast\u0119pny etap na drodze edukacji lekarza to zdanie lekarskiego egzaminu pa\u0144stwowego (w skr\u00f3cie: LEP), kt\u00f3rego pozytywne zaliczenie daje pe\u0142ne prawo do wykonywania zawodu. To r\u00f3wnie\u017c pozwala na dalsz\u0105 nauk\u0119 specjalizacji. Specjalizacje lekarskie dziel\u0105 si\u0119 na podstawowe i szczeg\u00f3\u0142owe. Na przyk\u0142ad, aby zosta\u0107 alergologiem, najpierw nale\u017cy otrzyma\u0107 tytu\u0142 z zakresu chor\u00f3b wewn\u0119trznych. To trwa 5 lat. Potem przez kolejne trzy trzeba uczy\u0107 si\u0119, by uzyska\u0107 tytu\u0142 alergologa.<\/p>\n<p>Bardzo atrakcyjne dla lekarzy wydaj\u0105 si\u0119 etaty rezydenckie. To forma odbywania specjalizacji finansowania z bud\u017cetu pa\u0144stwa. W trakcie trwania specjalizacji ucz\u0105 si\u0119 na r\u00f3\u017cnych oddzia\u0142ach, podobnie jak podczas sta\u017cu. W tym czasie bior\u0105 udzia\u0142 w kursach i szkoleniach specjalizacyjnych. I wreszcie kolejny egzamin. Ostateczny, kt\u00f3ry weryfikuje umiej\u0119tno\u015bci danego lekarza. Ten egzamin to egzamin specjalizacyjny (PES). Dopiero po jego zdaniu otrzymuje si\u0119 tytu\u0142 specjalisty.<\/p>\n<p>&nbsp;<\/p>\n","protected":false},"excerpt":{"rendered":"<p>Specjalizacja lekarska \u2013 jej uzyskanie mo\u017ce trwa\u0107 nawet kilkana\u015bcie lat To oczywiste, \u017ce aby zosta\u0107 lekarzem, trzeba zrobi\u0107 co\u015b wi\u0119cej, ni\u017c tylko uko\u0144czy\u0107 studia medyczne. Potrzebny jest r\u00f3wnie\u017c sta\u017c dyplomowy. Dopiero potem zdaje si\u0119 lekarski egzamin pa\u0144stwowy. Ka\u017cdego roku akademie medyczne ko\u0144czy nawet kilka tysi\u0119cy absolwent\u00f3w. Zanim b\u0119d\u0105 pracowa\u0107 jako specjali\u015bci w konkretnej dziedzinie minie&hellip; <br \/> <a class=\"read-more\" href=\"http:\/\/praca-medycyna.pl\/?page_id=5476\">Read more<\/a><\/p>\n","protected":false},"author":2,"featured_media":0,"parent":57,"menu_order":0,"comment_status":"closed","ping_status":"closed","template":"","meta":{"footnotes":""},"class_list":["post-5476","page","type-page","status-publish","hentry"],"_links":{"self":[{"href":"http:\/\/praca-medycyna.pl\/index.php?rest_route=\/wp\/v2\/pages\/5476","targetHints":{"allow":["GET"]}}],"collection":[{"href":"http:\/\/praca-medycyna.pl\/index.php?rest_route=\/wp\/v2\/pages"}],"about":[{"href":"http:\/\/praca-medycyna.pl\/index.php?rest_route=\/wp\/v2\/types\/page"}],"author":[{"embeddable":true,"href":"http:\/\/praca-medycyna.pl\/index.php?rest_route=\/wp\/v2\/users\/2"}],"replies":[{"embeddable":true,"href":"http:\/\/praca-medycyna.pl\/index.php?rest_route=%2Fwp%2Fv2%2Fcomments&post=5476"}],"version-history":[{"count":1,"href":"http:\/\/praca-medycyna.pl\/index.php?rest_route=\/wp\/v2\/pages\/5476\/revisions"}],"predecessor-version":[{"id":5477,"href":"http:\/\/praca-medycyna.pl\/index.php?rest_route=\/wp\/v2\/pages\/5476\/revisions\/5477"}],"up":[{"embeddable":true,"href":"http:\/\/praca-medycyna.pl\/index.php?rest_route=\/wp\/v2\/pages\/57"}],"wp:attachment":[{"href":"http:\/\/praca-medycyna.pl\/index.php?rest_route=%2Fwp%2Fv2%2Fmedia&parent=5476"}],"curies":[{"name":"wp","href":"https:\/\/api.w.org\/{rel}","templated":true}]}}