{"id":6052,"date":"2013-02-05T17:16:58","date_gmt":"2013-02-05T17:16:58","guid":{"rendered":"http:\/\/www.pracamedycyna.pl\/?page_id=6052"},"modified":"2016-02-13T14:41:34","modified_gmt":"2016-02-13T14:41:34","slug":"polscy-lekarze-za-granica","status":"publish","type":"page","link":"http:\/\/praca-medycyna.pl\/?page_id=6052","title":{"rendered":"Polscy lekarze za granic\u0105"},"content":{"rendered":"<p><strong><span style=\"font-size: 16px;\">Polscy lekarze za granic\u0105<\/span><\/strong><\/p>\n<p>Sporo znajdziemy w internecie ofert w stylu: \u201epraca lekarz w Niemczech\u201d, \u201epraca lekarz w Danii\u201d czy \u201epraa lekarz Wielka Brytania\u201d. Okazuje si\u0119 jednak, \u017ce nasi medycy s\u0105 coraz mniej tego rodzaju ofertami zainteresowani. Do niedawna jeszcze Niemcy praca lekarz wydawa\u0142a si\u0119 niezwykle atrakcyjna. Podobnie jak oferty pracy dla lekarzy w Danii, Szwajcarii, Szwecji, Wielkiej Brytanii czy Australii. Dzisiaj praca dla lekarzy w Warszawie czy praca dla lekarzy w Krakowie wydaje si\u0119 by\u0107 pod wieloma wzgl\u0119dami (niekoniecznie finansowymi, bo tak naprawd\u0119 nie odgrywaj\u0105 one wcale najwa\u017cniejszej roli) bardziej atrakcyjna. Oczywi\u015bcie, nadal sporo lekarzy z Polski jest zainteresowanych prac\u0105 w zagranicznych plac\u00f3wkach zdrowia. Niekt\u00f3rzy, je\u017celi ju\u017c wyje\u017cd\u017caj\u0105, to tylko na chwil\u0119 i zaraz wracaj\u0105. W 2011 roku za granic\u0119 wyjecha\u0142o tylko nieca\u0142e 400 lekarzy. Jak si\u0119 okazuje \u2013 to pi\u0119\u0107 razy mniej ni\u017c w 2005 roku! Osiem lat temu ch\u0119tnych do tego, by zarabia\u0107 w innych krajach ni\u017c Polska by\u0142o ponad 1700 lekarzy. Polscy lekarze za granic\u0105 radz\u0105 sobie dobrze jednak dzisiaj lekarze wol\u0105 pracowa\u0107 w kraju, cz\u0119\u015b\u0107 dorabia poza granicami Polski albo na przyk\u0142ad w weekendy albo na zasadzie rotacyjnej, wcale nie porzucaj\u0105c posady w kraju. Wielu ma mo\u017cliwo\u015b\u0107 wyjazdu na kilka dni do jednego z kraj\u00f3w unijnych.<\/p>\n<p>Lekarze to jednak z najbardziej usatysfakcjonowanych grup spo\u0142ecznych w Polsce. Nasi medycy s\u0105 zadowoleni z warunk\u00f3w pracy, z godzin pracy, z zarobk\u00f3w. Oczywi\u015bcie, b\u0142\u0119dem by\u0142oby uog\u00f3lnianie tej kwestii. Wielu lekarzy nadal narzeka na warunki pracy i p\u0142ace. Szczeg\u00f3lnie ci kt\u00f3rzy dopiero rozpoczynaj\u0105 swoj\u0105 karier\u0119. Przy \u201edobrych wiatrach\u201d pocz\u0105tkuj\u0105cy lekarze zarabiaj\u0105 oko\u0142o trzech tysi\u0119cy z\u0142otych. Bior\u0105c pod uwag\u0119 to, \u017ce nadal musz\u0105 si\u0119 szkoli\u0107 i wk\u0142ada\u0107 wiele wysi\u0142ku do pracy i dalszej nauki \u2013 zarobki nie wydaj\u0105 si\u0119 by\u0107 satysfakcjonuj\u0105ce. Dlatego oferty pracy dla lekarzy za granic\u0105 najcz\u0119\u015bciej wykorzystywane s\u0105 przez m\u0142odych medyk\u00f3w tu\u017c po studiach. Wysokie zarobki poza granicami kraju i mo\u017cliwo\u015b\u0107 szybkiego rozwoju \u2013 to g\u0142\u00f3wne czynniki motywuj\u0105ce.<\/p>\n<p>Warto przedstawi\u0107 r\u00f3wnie\u017c sytuacj\u0119 polskich piel\u0119gniarek. One tak\u017ce coraz rzadziej decyduj\u0105 si\u0119 na skorzystanie z opcji pracy poza granicami Polski. Czy r\u00f3wnie\u017c chodzi przede wszystkim o satysfakcjonuj\u0105c\u0105 prac\u0119 w Polsce? Niekoniecznie. Polskie siostry narzekaj\u0105 na warunki p\u0142acy i pracy. I w wielu przypadkach rzeczywi\u015bcie maj\u0105 ku temu powody. O ile ich praca jest najcz\u0119\u015bciej szanowana, tak nie ma to w og\u00f3le prze\u0142o\u017cenia na standard wykonywania obowi\u0105zk\u00f3w. Dlatego opcje typu praca dla piel\u0119gniarek w Niemczech, w Wielkiej Brytanii, Szwecji czy w Szwajcarii wydaj\u0105 si\u0119 by\u0107 bardzo satysfakcjonuj\u0105ce. Dla wielu piel\u0119gniarek jednak liczne bariery nie s\u0105 do przeskoczenia. Chodzi m.in. o kwestie j\u0119zyk\u00f3w obcych. Og\u00f3lna znajomo\u015b\u0107 j\u0119zyka (co tak\u017ce dla wielu stanowi ogromn\u0105 trudno\u015b\u0107) nie wystarcza. Potrzebna jest znajomo\u015b\u0107 j\u0119zyka specjalistycznego, a to trudne zadanie.\u00a0 Do tego dochodzi jeszcze kwestia podniesienia swoich kwalifikacji i oczywi\u015bcie opuszczenie bliskich albo wyjazd z najbli\u017csz\u0105 rodzin\u0105 z kraju. Nie jest to takie proste. Dlatego praca w kraju wydaje si\u0119 dla wielu rozs\u0105dniejszym rozwi\u0105zaniem&#8230;<\/p>\n<p>&nbsp;<\/p>\n","protected":false},"excerpt":{"rendered":"<p>Polscy lekarze za granic\u0105 Sporo znajdziemy w internecie ofert w stylu: \u201epraca lekarz w Niemczech\u201d, \u201epraca lekarz w Danii\u201d czy \u201epraa lekarz Wielka Brytania\u201d. Okazuje si\u0119 jednak, \u017ce nasi medycy s\u0105 coraz mniej tego rodzaju ofertami zainteresowani. Do niedawna jeszcze Niemcy praca lekarz wydawa\u0142a si\u0119 niezwykle atrakcyjna. Podobnie jak oferty pracy dla lekarzy w Danii,&hellip; <br \/> <a class=\"read-more\" href=\"http:\/\/praca-medycyna.pl\/?page_id=6052\">Read more<\/a><\/p>\n","protected":false},"author":2,"featured_media":0,"parent":57,"menu_order":0,"comment_status":"closed","ping_status":"closed","template":"","meta":{"footnotes":""},"class_list":["post-6052","page","type-page","status-publish","hentry"],"_links":{"self":[{"href":"http:\/\/praca-medycyna.pl\/index.php?rest_route=\/wp\/v2\/pages\/6052","targetHints":{"allow":["GET"]}}],"collection":[{"href":"http:\/\/praca-medycyna.pl\/index.php?rest_route=\/wp\/v2\/pages"}],"about":[{"href":"http:\/\/praca-medycyna.pl\/index.php?rest_route=\/wp\/v2\/types\/page"}],"author":[{"embeddable":true,"href":"http:\/\/praca-medycyna.pl\/index.php?rest_route=\/wp\/v2\/users\/2"}],"replies":[{"embeddable":true,"href":"http:\/\/praca-medycyna.pl\/index.php?rest_route=%2Fwp%2Fv2%2Fcomments&post=6052"}],"version-history":[{"count":3,"href":"http:\/\/praca-medycyna.pl\/index.php?rest_route=\/wp\/v2\/pages\/6052\/revisions"}],"predecessor-version":[{"id":8938,"href":"http:\/\/praca-medycyna.pl\/index.php?rest_route=\/wp\/v2\/pages\/6052\/revisions\/8938"}],"up":[{"embeddable":true,"href":"http:\/\/praca-medycyna.pl\/index.php?rest_route=\/wp\/v2\/pages\/57"}],"wp:attachment":[{"href":"http:\/\/praca-medycyna.pl\/index.php?rest_route=%2Fwp%2Fv2%2Fmedia&parent=6052"}],"curies":[{"name":"wp","href":"https:\/\/api.w.org\/{rel}","templated":true}]}}