{"id":6054,"date":"2013-02-05T17:18:32","date_gmt":"2013-02-05T17:18:32","guid":{"rendered":"http:\/\/www.pracamedycyna.pl\/?page_id=6054"},"modified":"2018-02-04T18:26:42","modified_gmt":"2018-02-04T18:26:42","slug":"oferty-pracy-dla-pielegniarek","status":"publish","type":"page","link":"http:\/\/praca-medycyna.pl\/?page_id=6054","title":{"rendered":"Oferty pracy dla piel\u0119gniarek"},"content":{"rendered":"<h4>Oferty pracy dla piel\u0119gniarek<\/h4>\n<p>Oferty pracy dla piel\u0119gniarek.<\/p>\n<p>Pytaj\u0105c o szacunek do pracy piel\u0119gniarek, wi\u0119kszo\u015b\u0107 os\u00f3b potwierdzi, \u017ce jest to praca trudna, ale jest doceniana. O ile mo\u017cemy m\u00f3wi\u0107 o szacunku do pracy naszych si\u00f3str, to jednak nie mo\u017cemy za wiele dobrego powiedzie\u0107 o warunkach pracy oraz o wysoko\u015bci zarobk\u00f3w. Z tego te\u017c powodu wiele naszych piel\u0119gniarek wyjecha\u0142o za granic\u0119. Sporo tych, kt\u00f3re zosta\u0142y ma zamiar wyjecha\u0107. Czy rzeczywi\u015bcie oferty pracy takie jak \u201epraca piel\u0119gniarka w Niemczech\u201d, \u201eoferty pracy dla piel\u0119gniarek Szwecja\u201d, \u201epraca piel\u0119gniarki Dania\u201d wydaj\u0105 si\u0119 tak atrakcyjne dla tle og\u0142osze\u0144 pt.: \u201epraca dla piel\u0119gniarki w Krakowie\u201d czy \u201epiel\u0119gniarka pozna\u0144 praca\u201d? Niestety nadal tak. A to oznacza, \u017ce tracimy sporo \u015bwietnych, polskich piel\u0119gniarek. Czy jeste\u015bmy w og\u00f3le w stanie to zahamowa\u0144? Trudno na to pytanie odpowiedzie\u0107&#8230; Wci\u0105\u017c jednak nie jest tak \u017ale. Mimo silnych motywator\u00f3w sk\u0142aniaj\u0105cych do wyjazdu za granic\u0119 liczne piel\u0119gniarki zostaj\u0105 w kraju. Nie zmienia to faktu, \u017ce nadal narzekaj\u0105 na p\u0142ace i warunki pracy w Polsce. I to si\u0119 pewnie d\u0142ugo nie zmieni.<\/p>\n<p>Okazuje si\u0119, \u017ce oferty w stylu \u201epraca piel\u0119gniarka Australia\u201d czy te\u017c \u201epraca dla piel\u0119gniarek Wielka Brytania\u201d wydaj\u0105 si\u0119 atrakcyjne nie tylko ze wzgl\u0119d\u00f3w finansowych. Siostry motywowane s\u0105 r\u00f3wnie\u017c innymi czynnikami, takimi jak mo\u017cliwo\u015b\u0107 zdobycia nowych umiej\u0119tno\u015bci, bogatego do\u015bwiadczenia czy opcja pracy na nowoczesnym sprz\u0119cie. Wydawa\u0107 by si\u0119 mog\u0142o, \u017ce to wszystko plus oczywi\u015bcie dobre pieni\u0105dze, sk\u0142oni\u0105 wi\u0119kszo\u015b\u0107 do wyjazdu. I wi\u0119kszo\u015bci m\u00f3wi\u0107 nie mo\u017cemy i pewnie nigdy m\u00f3wi\u0107 nie b\u0119dziemy. Okazuje si\u0119, \u017ce wyjazd wcale nie jest taki prosty, nawet je\u017celi nasze piel\u0119gniarki s\u0105 naprawd\u0119 mile widziane w krajach takich jak m.in. Niemcy, Australia, Wielka Brytania, Szwecja, Szwajcaria itd.<\/p>\n<h4>Co stanowi barier\u0119 wyjazdu?<\/h4>\n<p>Oczywi\u015bcie, sporo m\u00f3wi si\u0119 o poczuciu misji. Ale na pewno sporo naszych si\u00f3str powstrzymuje konieczno\u015b\u0107 nostryfikacji uprawnie\u0144 zawodowych. Problemem jest r\u00f3wnie\u017c bariera j\u0119zykowa. Nie wystarczy og\u00f3lnie opanowa\u0107 j\u0119zyk w stopniu zaawansowanym. Praca nad wymagaj\u0105cym s\u0142ownictwem zajmuje sporo czasu i oczywi\u015bcie wysi\u0142ku.<\/p>\n<p>Kto g\u0142\u00f3wnie decyduje si\u0119 na wyjazd? Emigrantki to przede wszystkim kandydatki z dw\u00f3ch grup wiekowych. To te do 29 roku \u017cycia oraz te od 50 roku \u017cycia. Najbardziej odwa\u017cne s\u0105 oczywi\u015bcie te kandydatki z pierwszej grupy. Mimo tego, \u017ce nie maj\u0105 bogatego do\u015bwiadczenia, najcz\u0119\u015bciej wiedz\u0105 czego chc\u0105. Zdaj\u0105 sobie spraw\u0119, \u017ce mog\u0105 si\u0119 jeszcze wszystkiego nauczy\u0107. Cz\u0119sto w Polsce nie trzyma ich rodzina i inne zobowi\u0105zania. To w\u0142a\u015bnie dzieci, m\u0105\u017c i inni najbli\u017csi s\u0105 g\u0142\u00f3wnym powodem dla licznych piel\u0119gniarek dlaczego wci\u0105\u017c pracuj\u0105 w kraju. Wi\u0119kszo\u015b\u0107 tych, kt\u00f3re wyje\u017cd\u017ca ma w planach kiedy\u015b wr\u00f3ci\u0107. Zapewne sporo z nich ju\u017c nigdy tego nie zrobi. Warto wspomnie\u0107 te\u017c o piel\u0119gniarkach, kt\u00f3re maj\u0105 dzieci, m\u0119\u017ca i mimo to wyje\u017cd\u017caj\u0105, bez najbli\u017cszych. Pracuj\u0105 nawet po kilka lat z dala od najbli\u017cszych. A wszystko to z powod\u00f3w ekonomicznych. Trudno im potem przesta\u0107 wyje\u017cd\u017ca\u0107. Nag\u0142e od\u0142\u0105czenie od tak wysokich zarobk\u00f3w wi\u0105\u017ce si\u0119 ze zmniejszeniem komfortu \u017cycia, ale oznacza bycie z najbli\u017cszymi. Mimo to wiele piel\u0119gniarek ma takie dylematy. Jak wida\u0107 w\u0105tpliwo\u015bci to nieod\u0142\u0105czny element pracy naszych si\u00f3str.<\/p>\n<p><a href=\"http:\/\/www.pielegniarkiniemcy.pl\">#pielegniarki niemcy<\/a>\u00a0oferty pracy dla piel\u0119gniarek<\/p>\n","protected":false},"excerpt":{"rendered":"<p>Oferty pracy dla piel\u0119gniarek Oferty pracy dla piel\u0119gniarek. Pytaj\u0105c o szacunek do pracy piel\u0119gniarek, wi\u0119kszo\u015b\u0107 os\u00f3b potwierdzi, \u017ce jest to praca trudna, ale jest doceniana. O ile mo\u017cemy m\u00f3wi\u0107 o szacunku do pracy naszych si\u00f3str, to jednak nie mo\u017cemy za wiele dobrego powiedzie\u0107 o warunkach pracy oraz o wysoko\u015bci zarobk\u00f3w. Z tego te\u017c powodu wiele&hellip; <br \/> <a class=\"read-more\" href=\"http:\/\/praca-medycyna.pl\/?page_id=6054\">Read more<\/a><\/p>\n","protected":false},"author":2,"featured_media":0,"parent":57,"menu_order":0,"comment_status":"closed","ping_status":"closed","template":"","meta":{"footnotes":""},"class_list":["post-6054","page","type-page","status-publish","hentry"],"_links":{"self":[{"href":"http:\/\/praca-medycyna.pl\/index.php?rest_route=\/wp\/v2\/pages\/6054","targetHints":{"allow":["GET"]}}],"collection":[{"href":"http:\/\/praca-medycyna.pl\/index.php?rest_route=\/wp\/v2\/pages"}],"about":[{"href":"http:\/\/praca-medycyna.pl\/index.php?rest_route=\/wp\/v2\/types\/page"}],"author":[{"embeddable":true,"href":"http:\/\/praca-medycyna.pl\/index.php?rest_route=\/wp\/v2\/users\/2"}],"replies":[{"embeddable":true,"href":"http:\/\/praca-medycyna.pl\/index.php?rest_route=%2Fwp%2Fv2%2Fcomments&post=6054"}],"version-history":[{"count":3,"href":"http:\/\/praca-medycyna.pl\/index.php?rest_route=\/wp\/v2\/pages\/6054\/revisions"}],"predecessor-version":[{"id":9537,"href":"http:\/\/praca-medycyna.pl\/index.php?rest_route=\/wp\/v2\/pages\/6054\/revisions\/9537"}],"up":[{"embeddable":true,"href":"http:\/\/praca-medycyna.pl\/index.php?rest_route=\/wp\/v2\/pages\/57"}],"wp:attachment":[{"href":"http:\/\/praca-medycyna.pl\/index.php?rest_route=%2Fwp%2Fv2%2Fmedia&parent=6054"}],"curies":[{"name":"wp","href":"https:\/\/api.w.org\/{rel}","templated":true}]}}