{"id":6056,"date":"2013-02-05T17:19:59","date_gmt":"2013-02-05T17:19:59","guid":{"rendered":"http:\/\/www.pracamedycyna.pl\/?page_id=6056"},"modified":"2016-02-13T14:39:01","modified_gmt":"2016-02-13T14:39:01","slug":"pensje-lekarzy","status":"publish","type":"page","link":"http:\/\/praca-medycyna.pl\/?page_id=6056","title":{"rendered":"Pensje lekarzy"},"content":{"rendered":"<p>Pensje lekarzy<\/p>\n<p>Zdobycie zawodu nie przychodzi im oczywi\u015bcie \u0142atwo. Wszyscy doskonale zdajemy sobie spraw\u0119 z tego, \u017ce aby zosta\u0107 lekarzem trzeba si\u0119 bardzo natrudzi\u0107. Nie oznacza to jednak tego, \u017ce potem pieni\u0105dze b\u0119d\u0105 sp\u0142ywa\u0107 z nieba. O oferty pracy dla lekarzy wcale nie jest tak prosto. O ile oferty w stylu: \u201epraca lekarz w Niemczech\u201dczy \u201eDania lekarz praca\u201d wydaj\u0105 si\u0119 bardzo atrakcyjne to jednak o og\u0142oszenia w stylu: \u201epraca dla psychiatry w Warszawie\u201d czy \u201elekarz pozna\u0144 praca\u201d s\u0105 ju\u017c o wiele rzadsze. Nie ma si\u0119 co \u0142udzi\u0107, \u017ce lekarze maj\u0105 si\u0119 \u015bwietnie. Tak\u017ce ci, kt\u00f3rzy ju\u017c t\u0119 prac\u0119 posiadaj\u0105. Zarobki pozostawiaj\u0105 wiele do \u017cyczenia. Ale oczywi\u015bcie wci\u0105\u017c jest to temat bardzo dyskusyjny. Zdaniem wielu os\u00f3b pensje lekarzy s\u0105 za wysokie. Wiele os\u00f3b, w szczeg\u00f3lno\u015bci samych zainteresowanych, uwa\u017ca odwrotnie. No to jak to jest naprawd\u0119? Oczywi\u015bcie, jest to bardzo trudne do rozstrzygni\u0119cia. Przede wszystkim dlatego, \u017ce ka\u017cdy na sw\u00f3j spos\u00f3b rozumie poj\u0119cie: \u201ewysokie zarobki\u201d. Poza tym pensja lekarzy jest uzale\u017cniona od bardzo wielu czynnik\u00f3w, m.in. od specjalizacji, wysoko\u015bci kontraktu, pe\u0142nionej funkcji, jak r\u00f3wnie\u017c i od do\u015bwiadczenia. Czasem jednak lekarz na podobnym stanowisku i o podobnym do\u015bwiadczeniu zarobi 40 z\u0142 za godzin\u0119, a inny 110. Pensje lekarzy r\u00f3\u017cni\u0105 si\u0119 w zale\u017cno\u015bci od miejsca pracy.<\/p>\n<p>Wielu lekarzy, tych sprawdzonych, z wieloletnim sta\u017cem pracy, na wysokich stanowiskach, mo\u017ce zarobi\u0107 kilkadziesi\u0105t tysi\u0119cy z\u0142otych. W wi\u0119kszo\u015bci szpitali jednak kwoty te nie przekraczaj\u0105 30 tysi\u0119cy z\u0142otych (m\u00f3wimy o najwy\u017cszych zarobkach). W licznych plac\u00f3wkach dowiemy si\u0119 jednak, \u017ce o takich pensjach w og\u00f3le nie ma mowy. Podkre\u015bla si\u0119 te\u017c kwesti\u0119 tego, na ilu etatach pracuj\u0105 lekarze. Specjali\u015bci ze stowarzysze\u0144 pacjent\u00f3w twierdz\u0105, \u017ce lekarz sprawdzony, wysokiej rangi mo\u017ce zarabia\u0107 dobre pieni\u0105dze, ale tylko wtedy, kiedy pracuje na jednym etacie. Znamy przecie\u017c przypadki lekarzy, kt\u00f3rzy biegaj\u0105 od plac\u00f3wki do plac\u00f3wki, pracuj\u0105c na kilku etatach. O ile sami s\u0105 wytrzymali i lubi\u0105 tak ci\u0119\u017cko pracowa\u0107, to w porz\u0105dku. Gorzej, gdy w tej bieganinie nie maj\u0105 czasu naprawd\u0119 leczy\u0107 pacjent\u00f3w i gorzej, gdy pacjent biega za nimi. Tak by\u0107 nie mo\u017ce, a niestety nadal si\u0119 to cz\u0119sto zdarza.<\/p>\n<p>Lekarz, kt\u00f3ry jest \u015bwie\u017co po studiach, otrzymuje na r\u0119k\u0119 oko\u0142o trzech tysi\u0119cy z\u0142otych. Wielu m\u0142odych lekarzy podkre\u015bla jednak, \u017ce mog\u0105 o takiej pensji pomarzy\u0107. Mimo, \u017ce w plac\u00f3wkach s\u0142u\u017cby zdrowia brakuje specjalist\u00f3w, to jednak nie ma na razie plan\u00f3w do powi\u0119kszenia wysoko\u015bci pensji. A kolejne oferty w stylu: \u201elekarz dermatolog Warszawa, oferty pracy anestezjolog\u201d czy \u201estomatolog Pozna\u0144\u201d przybywaj\u0105 jak grzyby po deszczu. Pozostaje wi\u0119c m\u0142odym lekarzom by\u0107 cierpliwym i stara\u0107 si\u0119 o uzyskanie specjalizacji. To jednak trwa sporo czasu i wymaga mn\u00f3stwo wysi\u0142ku. Szkoda, \u017ce czas pracy, przygotowa\u0144, robienia bada\u0144 itd. nie umili troch\u0119 niez\u0142a pensja. Dzisiaj jednak lekarze, szczeg\u00f3lnie ci dopiero rozpoczynaj\u0105cy swoj\u0105 karier\u0119, mog\u0105 zdecydowanie pomarzy\u0107. Czy to si\u0119 zmieni? Trudno powiedzie\u0107. P\u00f3ki co ci\u0119\u017cko m\u00f3wi\u0107, czy w og\u00f3le s\u0105 takie plany.<\/p>\n<p>&nbsp;<\/p>\n","protected":false},"excerpt":{"rendered":"<p>Pensje lekarzy Zdobycie zawodu nie przychodzi im oczywi\u015bcie \u0142atwo. Wszyscy doskonale zdajemy sobie spraw\u0119 z tego, \u017ce aby zosta\u0107 lekarzem trzeba si\u0119 bardzo natrudzi\u0107. Nie oznacza to jednak tego, \u017ce potem pieni\u0105dze b\u0119d\u0105 sp\u0142ywa\u0107 z nieba. O oferty pracy dla lekarzy wcale nie jest tak prosto. O ile oferty w stylu: \u201epraca lekarz w Niemczech\u201dczy&hellip; <br \/> <a class=\"read-more\" href=\"http:\/\/praca-medycyna.pl\/?page_id=6056\">Read more<\/a><\/p>\n","protected":false},"author":2,"featured_media":0,"parent":57,"menu_order":0,"comment_status":"closed","ping_status":"closed","template":"","meta":{"footnotes":""},"class_list":["post-6056","page","type-page","status-publish","hentry"],"_links":{"self":[{"href":"http:\/\/praca-medycyna.pl\/index.php?rest_route=\/wp\/v2\/pages\/6056","targetHints":{"allow":["GET"]}}],"collection":[{"href":"http:\/\/praca-medycyna.pl\/index.php?rest_route=\/wp\/v2\/pages"}],"about":[{"href":"http:\/\/praca-medycyna.pl\/index.php?rest_route=\/wp\/v2\/types\/page"}],"author":[{"embeddable":true,"href":"http:\/\/praca-medycyna.pl\/index.php?rest_route=\/wp\/v2\/users\/2"}],"replies":[{"embeddable":true,"href":"http:\/\/praca-medycyna.pl\/index.php?rest_route=%2Fwp%2Fv2%2Fcomments&post=6056"}],"version-history":[{"count":3,"href":"http:\/\/praca-medycyna.pl\/index.php?rest_route=\/wp\/v2\/pages\/6056\/revisions"}],"predecessor-version":[{"id":8936,"href":"http:\/\/praca-medycyna.pl\/index.php?rest_route=\/wp\/v2\/pages\/6056\/revisions\/8936"}],"up":[{"embeddable":true,"href":"http:\/\/praca-medycyna.pl\/index.php?rest_route=\/wp\/v2\/pages\/57"}],"wp:attachment":[{"href":"http:\/\/praca-medycyna.pl\/index.php?rest_route=%2Fwp%2Fv2%2Fmedia&parent=6056"}],"curies":[{"name":"wp","href":"https:\/\/api.w.org\/{rel}","templated":true}]}}