{"id":6547,"date":"2013-04-10T22:02:18","date_gmt":"2013-04-10T22:02:18","guid":{"rendered":"http:\/\/www.pracamedycyna.pl\/?page_id=6547"},"modified":"2013-04-10T22:08:56","modified_gmt":"2013-04-10T22:08:56","slug":"polityka-cookies","status":"publish","type":"page","link":"http:\/\/praca-medycyna.pl\/?page_id=6547","title":{"rendered":"Polityka Cookies"},"content":{"rendered":"<p><strong>Polityka Cookies<\/strong><\/p>\n<p>Serwis PRACAMEDYCYNA korzysta z plik\u00f3w \u201ecookies\u201d (tzw. \u201eciasteczek\u201d). Poni\u017cej mo\u017cesz si\u0119 dowiedzie\u0107 co to s\u0105 \u201ecookies\u201d, jakie informacje s\u0105 w ramach nich gromadzone, jak s\u0105 wykorzystywane oraz w jaki spos\u00f3b mo\u017cesz je zmieni\u0107\/usun\u0105\u0107. Pami\u0119taj \u2013 to od Ciebie zale\u017cy, jaki poziom prywatno\u015bci \u201ecookies\u201d jest dla Ciebie odpowiedni. W razie w\u0105tpliwo\u015bci prosimy o kontakt.<\/p>\n<p><strong>Czym s\u0105 Pliki \u201eCookies\u201d?<\/strong> Poprzez pliki \u201ecookies\u201d nale\u017cy rozumie\u0107 pliki tekstowe przechowywane w urz\u0105dzeniach ko\u0144cowych u\u017cytkownik\u00f3w, przeznaczone do wygodnego korzystania ze stron internetowych. Wspomnianymi urz\u0105dzeniami mog\u0105 by\u0107 m.in. komputery stacjonarne, laptopy lub urz\u0105dzenia mobilne zwykle wyposa\u017cone w przegl\u0105dark\u0119 internetow\u0105. Pliki \u201ecookies\u201d pozwalaj\u0105 rozpozna\u0107 urz\u0105dzenie u\u017cytkownika i odpowiednio wy\u015bwietli\u0107 stron\u0119 internetow\u0105 dostosowan\u0105 do jego indywidualnych preferencji. \u201eCookies\u201d zazwyczaj zawieraj\u0105 nazw\u0119 strony internetowej z kt\u00f3rej pochodz\u0105, czas przechowywania ich na urz\u0105dzeniu ko\u0144cowym oraz unikalny numer.<\/p>\n<p><strong>Do Czego Pliki Cookies s\u0105 Wykorzystywane?<\/strong> Pliki \u201ecookies\u201d u\u017cywane s\u0105 m.in. w celu dostosowania zawarto\u015bci stron internetowych do preferencji u\u017cytkownika oraz optymalizacji korzystania ze stron internetowych. U\u017cywane s\u0105 r\u00f3wnie\u017c w celu tworzenia anonimowych, zagregowanych statystyk, kt\u00f3re pomagaj\u0105 zrozumie\u0107 w jaki spos\u00f3b u\u017cytkownik korzysta ze stron internetowych co umo\u017cliwia ulepszanie ich struktury i zawarto\u015bci, z wy\u0142\u0105czeniem personalnej identyfikacji u\u017cytkownika.<\/p>\n<p><strong>Pliki Cookies na Portalu pracamedycyna.pl<\/strong><br \/>\n&#8211; Serwis pracamedycyna.pl\u00a0 nie zbiera w spos\u00f3b automatyczny \u017cadnych informacji, z wyj\u0105tkiem informacji zawartych w plikach cookies.<\/p>\n<p>&#8211; Podmiotem zamieszczaj\u0105cym na urz\u0105dzeniu ko\u0144cowym U\u017cytkownika Serwisu pliki cookies oraz uzyskuj\u0105cym do nich dost\u0119p jest operator Serwisu pracamedycyna.pl\u00a0.<\/p>\n<p>&#8211; Pliki cookies wykorzystywane s\u0105 w celu: <strong>a)<\/strong> dostosowania zawarto\u015bci stron internetowych Serwisu do preferencji U\u017cytkownika oraz optymalizacji korzystania ze stron internetowych; w szczeg\u00f3lno\u015bci pliki te pozwalaj\u0105 rozpozna\u0107 urz\u0105dzenie U\u017cytkownika Serwisu i odpowiednio wy\u015bwietli\u0107 stron\u0119 internetow\u0105, dostosowan\u0105 do jego indywidualnych potrzeb; <strong>b)<\/strong> tworzenia statystyk, kt\u00f3re pomagaj\u0105 zrozumie\u0107, w jaki spos\u00f3b U\u017cytkownicy Serwisu korzystaj\u0105 ze stron internetowych, co umo\u017cliwia ulepszanie ich struktury i zawarto\u015bci; <strong>c)<\/strong> utrzymanie sesji U\u017cytkownika Serwisu (po zalogowaniu), dzi\u0119ki kt\u00f3rej U\u017cytkownik nie musi na ka\u017cdej podstronie Serwisu ponownie wpisywa\u0107 loginu i has\u0142a;<\/p>\n<p>&#8211; W ramach Serwisu stosowane s\u0105 dwa zasadnicze rodzaje plik\u00f3w cookies: \u201esesyjne\u201d (session cookies) oraz \u201esta\u0142e\u201d (persistent cookies). Cookies \u201esesyjne\u201d s\u0105 plikami tymczasowymi, kt\u00f3re przechowywane s\u0105 w urz\u0105dzeniu ko\u0144cowym U\u017cytkownika do czasu wylogowania, opuszczenia strony internetowej lub wy\u0142\u0105czenia oprogramowania (przegl\u0105darki internetowej). \u201eSta\u0142e\u201d pliki cookies przechowywane s\u0105 w urz\u0105dzeniu ko\u0144cowym U\u017cytkownika przez czas okre\u015blony w parametrach plik\u00f3w cookies lub do czasu ich usuni\u0119cia przez U\u017cytkownika.<\/p>\n<p>&#8211; W ramach Serwisu stosowane s\u0105 nast\u0119puj\u0105ce rodzaje plik\u00f3w cookies <strong>a)<\/strong> \u201eniezb\u0119dne\u201d pliki cookies, umo\u017cliwiaj\u0105ce korzystanie z us\u0142ug dost\u0119pnych w ramach Serwisu, np. uwierzytelniaj\u0105ce pliki cookies wykorzystywane do us\u0142ug wymagaj\u0105cych uwierzytelniania w ramach Serwisu; <strong>b)<\/strong> pliki cookies s\u0142u\u017c\u0105ce do zapewnienia bezpiecze\u0144stwa, np. wykorzystywane do wykrywania nadu\u017cy\u0107 w zakresie uwierzytelniania w ramach Serwisu; \u201ewydajno\u015bciowe\u201d pliki cookies, umo\u017cliwiaj\u0105ce anonimowe zbieranie informacji o sposobie korzystania ze stron internetowych Serwisu; <strong>c)<\/strong> \u201efunkcjonalne\u201d pliki cookies, umo\u017cliwiaj\u0105ce \u201ezapami\u0119tanie\u201d wybranych przez U\u017cytkownika ustawie\u0144 i personalizacj\u0119 interfejsu U\u017cytkownika, np. w zakresie wybranego j\u0119zyka lub regionu, z kt\u00f3rego pochodzi U\u017cytkownik, rozmiaru czcionki, wygl\u0105du strony internetowej itp.; <strong>d)<\/strong> \u201ereklamowe\u201d pliki cookies, umo\u017cliwiaj\u0105ce dostarczanie U\u017cytkownikom tre\u015bci reklamowych bardziej dostosowanych do ich zainteresowa\u0144.<\/p>\n<p>&#8211; W wielu przypadkach oprogramowanie s\u0142u\u017c\u0105ce do przegl\u0105dania stron internetowych (przegl\u0105darka internetowa) domy\u015blnie dopuszcza przechowywanie plik\u00f3w cookies w urz\u0105dzeniu ko\u0144cowym U\u017cytkownika.<\/p>\n<p>U\u017cytkownicy Serwisu mog\u0105 dokona\u0107 w ka\u017cdym czasie zmiany ustawie\u0144 dotycz\u0105cych plik\u00f3w cookies. Ustawienia te mog\u0105 zosta\u0107 zmienione w szczeg\u00f3lno\u015bci w taki spos\u00f3b, aby blokowa\u0107 automatyczn\u0105 obs\u0142ug\u0119 plik\u00f3w cookies w ustawieniach przegl\u0105darki internetowej b\u0105d\u017a informowa\u0107 o ich ka\u017cdorazowym zamieszczeniu w urz\u0105dzeniu U\u017cytkownika Serwisu. Szczeg\u00f3\u0142owe informacje o mo\u017cliwo\u015bci i sposobach obs\u0142ugi plik\u00f3w cookies dost\u0119pne s\u0105 w ustawieniach oprogramowania (przegl\u0105darki internetowej).<\/p>\n<p>&#8211; Operator Serwisu informuje, \u017ce ograniczenie stosowania plik\u00f3w cookies mo\u017ce wp\u0142yn\u0105\u0107 na niekt\u00f3re funkcjonalno\u015bci dost\u0119pne na stronach internetowych Serwisu oraz mo\u017ce pogorszy\u0107 og\u00f3lny wygl\u0105d a tym samym i jako\u015b\u0107 do\u015bwiadczenia korzystania z Serwisu; Pliki cookies s\u0105 zamieszczane w urz\u0105dzeniu ko\u0144cowym U\u017cytkownika Serwisu i mog\u0105 by\u0107 r\u00f3wnie\u017c wykorzystywane przez wsp\u00f3\u0142pracuj\u0105cych z operatorem Serwisu reklamodawc\u00f3w oraz partner\u00f3w.<\/p>\n<p>Wi\u0119cej informacji na temat plik\u00f3w cookies dost\u0119pnych jest pod adresem\u00a0http:\/\/pl.wikipedia.org\/wiki\/Ciasteczko.<\/p>\n","protected":false},"excerpt":{"rendered":"<p>Polityka Cookies Serwis PRACAMEDYCYNA korzysta z plik\u00f3w \u201ecookies\u201d (tzw. \u201eciasteczek\u201d). Poni\u017cej mo\u017cesz si\u0119 dowiedzie\u0107 co to s\u0105 \u201ecookies\u201d, jakie informacje s\u0105 w ramach nich gromadzone, jak s\u0105 wykorzystywane oraz w jaki spos\u00f3b mo\u017cesz je zmieni\u0107\/usun\u0105\u0107. Pami\u0119taj \u2013 to od Ciebie zale\u017cy, jaki poziom prywatno\u015bci \u201ecookies\u201d jest dla Ciebie odpowiedni. W razie w\u0105tpliwo\u015bci prosimy o kontakt.&hellip; <br \/> <a class=\"read-more\" href=\"http:\/\/praca-medycyna.pl\/?page_id=6547\">Read more<\/a><\/p>\n","protected":false},"author":2,"featured_media":0,"parent":0,"menu_order":0,"comment_status":"closed","ping_status":"closed","template":"","meta":{"footnotes":""},"class_list":["post-6547","page","type-page","status-publish","hentry"],"_links":{"self":[{"href":"http:\/\/praca-medycyna.pl\/index.php?rest_route=\/wp\/v2\/pages\/6547","targetHints":{"allow":["GET"]}}],"collection":[{"href":"http:\/\/praca-medycyna.pl\/index.php?rest_route=\/wp\/v2\/pages"}],"about":[{"href":"http:\/\/praca-medycyna.pl\/index.php?rest_route=\/wp\/v2\/types\/page"}],"author":[{"embeddable":true,"href":"http:\/\/praca-medycyna.pl\/index.php?rest_route=\/wp\/v2\/users\/2"}],"replies":[{"embeddable":true,"href":"http:\/\/praca-medycyna.pl\/index.php?rest_route=%2Fwp%2Fv2%2Fcomments&post=6547"}],"version-history":[{"count":4,"href":"http:\/\/praca-medycyna.pl\/index.php?rest_route=\/wp\/v2\/pages\/6547\/revisions"}],"predecessor-version":[{"id":6549,"href":"http:\/\/praca-medycyna.pl\/index.php?rest_route=\/wp\/v2\/pages\/6547\/revisions\/6549"}],"wp:attachment":[{"href":"http:\/\/praca-medycyna.pl\/index.php?rest_route=%2Fwp%2Fv2%2Fmedia&parent=6547"}],"curies":[{"name":"wp","href":"https:\/\/api.w.org\/{rel}","templated":true}]}}