{"id":6555,"date":"2013-04-15T22:11:27","date_gmt":"2013-04-15T22:11:27","guid":{"rendered":"http:\/\/www.pracamedycyna.pl\/?page_id=6555"},"modified":"2016-02-13T14:30:42","modified_gmt":"2016-02-13T14:30:42","slug":"praca-pielegniarka-czy-w-polsce-zabraknie-pielegniarek-do-pracy","status":"publish","type":"page","link":"http:\/\/praca-medycyna.pl\/?page_id=6555","title":{"rendered":"Praca piel\u0119gniarka &#8211; Czy w Polsce zabraknie piel\u0119gniarek ?"},"content":{"rendered":"<p style=\"text-align: justify;\"><strong>Praca piel\u0119gniarka &#8211; Czy w Polsce zabraknie piel\u0119gniarek?.<\/strong><\/p>\n<p style=\"text-align: justify;\">\u015arodowisko medyczne w Polsce bije na alarm. Statystyki s\u0105 nieub\u0142agane. Okazuje si\u0119, \u017ce w 2020 roku w Polsce mo\u017ce\u2026 zabrakn\u0105\u0107 piel\u0119gniarek. Z czego to wynika? To przede wszystkim efekt tego, \u017ce na emerytur\u0119 przechodz\u0105 piel\u0119gniarki pokolenia powojennego wy\u017cu. Oczywi\u015bcie, nie mo\u017cemy zapomina\u0107 te\u017c o jeszcze jednym wa\u017cnym powodzie \u2013 mn\u00f3stwo piel\u0119gniarek m\u0142odego pokolenia wyjecha\u0142o z Polski \u201eza chlebem\u201d \u2013 za prac\u0105 na lepszych warunkach. I nie chodzi tutaj tylko o pieni\u0105dze.<\/p>\n<p style=\"text-align: justify;\">Braki piel\u0119gniarek odczuwane s\u0105 nawet dzisiaj. Szczeg\u00f3lnie w szpitalach. Oczywi\u015bcie, sporo m\u0142odych kobiet studiuje w chwili obecnej piel\u0119gniarstwo, ale zdaniem przedstawicieli \u015brodowiska medycznego w Polsce, wi\u0119kszo\u015b\u0107 absolwentek studi\u00f3w piel\u0119gniarskich po uzyskaniu dyplomu b\u0119dzie raczej przegl\u0105da\u0107 oferty w stylu: \u201epraca piel\u0119gniarka Norwegia\u201d, \u201epraca piel\u0119gniarka Dania\u201d, \u201epraca piel\u0119gniarka Niemcy\u201d, a ni\u017celi \u201epraca piel\u0119gniarka Warszawa\u201d. A to oznacza, \u017ce polskie spo\u0142ecze\u0144stwo powinno si\u0119 obawia\u0107 sporych brak\u00f3w.<\/p>\n<p style=\"text-align: justify;\">Trudno si\u0119 dziwi\u0107, \u017ce nasze piel\u0119gniarki tkwi\u0105 w og\u0142oszeniach o prac\u0119. Oferty pracy dla piel\u0119gniarek polskich za granic\u0105 s\u0105 bardzo bogate. Nasze siostry s\u0105 szanowane za pracowito\u015b\u0107, wysokie kwalifikacje, ch\u0119\u0107 do pracy, dobre umiej\u0119tno\u015bci pracy w zespole i w\u0142a\u015bciwe podej\u015bcie do klienta. Polskie piel\u0119gniarki, kt\u00f3re zdecydowa\u0142y si\u0119 na zagraniczne oferty cz\u0119sto podkre\u015blaj\u0105, \u017ce praca w zagranicznych szpitalach to nie tylko lepsze pieni\u0105dze, ale te\u017c lepsze traktowanie i wi\u0119kszy szacunek do tego zawodu. Z drugiej strony nie mo\u017cna powiedzie\u0107, \u017ce w Polsce nadal zaw\u00f3d piel\u0119gniarki to zaw\u00f3d \u201egorszy od lekarza\u201d. Cieszy si\u0119 poszanowaniem. Nie ma jednak co uog\u00f3lnia\u0107. Wszystko zale\u017cy. Od szpitala, od lekarzy, od pacjent\u00f3w i od samej piel\u0119gniarki.<\/p>\n<p style=\"text-align: justify;\">Wyjazdy za granic\u0119 naszych si\u00f3str to szansa na zdobycie nowych umiej\u0119tno\u015bci, na rozw\u00f3j zawodowy i oczywi\u015bcie lepsze pieni\u0105dze. Z drugiej strony wci\u0105\u017c wiele z nich tkwi w polskich szpitalach, nawet mimo bardzo niskich jak na ich kwalifikacje wynagrodze\u0144. Wiele si\u00f3str powstrzymuje konieczno\u015b\u0107 nostryfikacji uprawnie\u0144 zawodowych, zobowi\u0105zania w kraju i oczywi\u015bcie bariera j\u0119zykowa. Nauka specjalistycznego s\u0142ownictwa potrzebnego do codziennej pracy kosztuje mn\u00f3stwo wysi\u0142ku i samozaparcia.<\/p>\n<p style=\"text-align: justify;\">Gdzie nasze piel\u0119gniarki wyje\u017cd\u017caj\u0105 najcz\u0119\u015bciej? S\u0105 to przede wszystkim Wielka Brytania, Niemcy, kraje skandynawskie. Tam praca polskich piel\u0119gniarek jest bardzo doceniana. Nic dziwnego, \u017ce siostry polecaj\u0105 sobie prac\u0119 tam nawzajem.<\/p>\n<p style=\"text-align: justify;\">Jaka grupa piel\u0119gniarek korzysta z oferty w stylu \u201epraca Niemcy piel\u0119gniarki\u201d czy np. \u201epraca piel\u0119gniarka ambulatoryjna Norwegia\u201d? Polskie emigrantki to przede wszystkim te do 29 roku \u017cycia oraz te po 50 roku \u017cycia. Kandydatki z pierwszej grupy nie maj\u0105 jeszcze szerokiego do\u015bwiadczenia. Zdaj\u0105 sobie jednak spraw\u0119 z tego, jak wiele mog\u0105 zyska\u0107. Przede wszystkim dla nich ogromn\u0105 motywacj\u0105 jest mo\u017cliwo\u015b\u0107 lepszego \u017cycia, wi\u0119kszych pieni\u0119dzy, ciekawszej przysz\u0142o\u015bci ni\u017c w Polsce. Cz\u0119sto nic ich w kraju nie trzyma. Nie za\u0142o\u017cy\u0142y jeszcze rodziny, poniewa\u017c stawiaj\u0105 przede wszystkim na uzyskanie stabilizacji ekonomicznej. Wiele z nich chce wr\u00f3ci\u0107 do kraju po latach. Wiele jednak nie wie, \u017ce tak dobrze b\u0119dzie im si\u0119 \u017cy\u0142o poza granicami Polski, \u017ce po prostu do ojczyzny ju\u017c nie b\u0119d\u0105 chcia\u0142y wr\u00f3ci\u0107. Kandydatki z drugiej grupy to oczywi\u015bcie piel\u0119gniarki bardzo do\u015bwiadczone, bardzo obyte i bardzo pewne w pracy. Cz\u0119sto maj\u0105 problem z j\u0119zykiem. Najcz\u0119\u015bciej wyje\u017cd\u017caj\u0105 po to, by zarobi\u0107. To ich podstawowa motywacja.<\/p>\n<p style=\"text-align: justify;\">Trzeba jednak pami\u0119ta\u0107, \u017ce kondycja polskich szpitali poprawia si\u0119. Powoli, ale jednak zmierza do przodu. Wyposa\u017cenie jest coraz lepsze, a to oznacza wi\u0119kszy komfort pracy. Zaw\u00f3d piel\u0119gniarki jest w Polsce szanowanym zawodem. Pensja wci\u0105\u017c pozostawia wiele do \u017cyczenia. Niestety, w tym temacie trudno b\u0119dzie o szybkie zmiany. Nie zmienia to jednak faktu, \u017ce zmiany te mog\u0105 nast\u0105pi\u0107. P\u00f3ki co polskie piel\u0119gniarki powinny bardziej cieszy\u0107 si\u0119 z satysfakcji z pracy ani\u017celi z pieni\u0119dzy. A na pewno taki zaw\u00f3d tej ogromnej satysfakcji sporo dostarcza.<\/p>\n<p style=\"text-align: justify;\">Serwis z og\u0142oszeniami pracy dla piel\u0119gniarek w Niemczech: <a href=\"http:\/\/www.pielegniarkiniemcy.pl\">www.pielegniarkiniemcy.pl<\/a><\/p>\n","protected":false},"excerpt":{"rendered":"<p>Praca piel\u0119gniarka &#8211; Czy w Polsce zabraknie piel\u0119gniarek?. \u015arodowisko medyczne w Polsce bije na alarm. Statystyki s\u0105 nieub\u0142agane. Okazuje si\u0119, \u017ce w 2020 roku w Polsce mo\u017ce\u2026 zabrakn\u0105\u0107 piel\u0119gniarek. Z czego to wynika? To przede wszystkim efekt tego, \u017ce na emerytur\u0119 przechodz\u0105 piel\u0119gniarki pokolenia powojennego wy\u017cu. Oczywi\u015bcie, nie mo\u017cemy zapomina\u0107 te\u017c o jeszcze jednym wa\u017cnym&hellip; <br \/> <a class=\"read-more\" href=\"http:\/\/praca-medycyna.pl\/?page_id=6555\">Read more<\/a><\/p>\n","protected":false},"author":2,"featured_media":0,"parent":57,"menu_order":0,"comment_status":"closed","ping_status":"closed","template":"","meta":{"footnotes":""},"class_list":["post-6555","page","type-page","status-publish","hentry"],"_links":{"self":[{"href":"http:\/\/praca-medycyna.pl\/index.php?rest_route=\/wp\/v2\/pages\/6555","targetHints":{"allow":["GET"]}}],"collection":[{"href":"http:\/\/praca-medycyna.pl\/index.php?rest_route=\/wp\/v2\/pages"}],"about":[{"href":"http:\/\/praca-medycyna.pl\/index.php?rest_route=\/wp\/v2\/types\/page"}],"author":[{"embeddable":true,"href":"http:\/\/praca-medycyna.pl\/index.php?rest_route=\/wp\/v2\/users\/2"}],"replies":[{"embeddable":true,"href":"http:\/\/praca-medycyna.pl\/index.php?rest_route=%2Fwp%2Fv2%2Fcomments&post=6555"}],"version-history":[{"count":5,"href":"http:\/\/praca-medycyna.pl\/index.php?rest_route=\/wp\/v2\/pages\/6555\/revisions"}],"predecessor-version":[{"id":8930,"href":"http:\/\/praca-medycyna.pl\/index.php?rest_route=\/wp\/v2\/pages\/6555\/revisions\/8930"}],"up":[{"embeddable":true,"href":"http:\/\/praca-medycyna.pl\/index.php?rest_route=\/wp\/v2\/pages\/57"}],"wp:attachment":[{"href":"http:\/\/praca-medycyna.pl\/index.php?rest_route=%2Fwp%2Fv2%2Fmedia&parent=6555"}],"curies":[{"name":"wp","href":"https:\/\/api.w.org\/{rel}","templated":true}]}}