{"id":6807,"date":"2013-07-01T16:25:13","date_gmt":"2013-07-01T16:25:13","guid":{"rendered":"http:\/\/www.pracamedycyna.pl\/?page_id=6807"},"modified":"2013-07-01T16:25:13","modified_gmt":"2013-07-01T16:25:13","slug":"prawa-w-pracy-dla-lekarzy","status":"publish","type":"page","link":"http:\/\/praca-medycyna.pl\/?page_id=6807","title":{"rendered":"PRAWA  W PRACY DLA LEKARZY"},"content":{"rendered":"<p style=\"text-align: justify;\" align=\"center\">PRAWA LEKARZA<\/p>\n<p style=\"text-align: justify;\">Lekarz, jako zaw\u00f3d zaufania publicznego przez lata cieszy\u0142 si\u0119 szacunkiem i zaufaniem spo\u0142ecze\u0144stwa. Ewentualne konflikty wynikaj\u0105ce z podj\u0119tych przez niego decyzji nie wymaga\u0142y odwo\u0142ywania si\u0119 do akt\u00f3w prawnych. Obecnie jednak co raz cz\u0119\u015bciej korzystanie z po\u015brednictwa s\u0105d\u00f3w okazuje si\u0119 to standardem. Liczba paragraf\u00f3w reguluj\u0105cych aspekty prawne pracy w medycynie stale ro\u015bnie. Wielu z samych zainteresowanych \u2013 lekarzy, w dalszym ci\u0105gu nie zdaje sobie sprawy z przys\u0142uguj\u0105cych im przywilej\u00f3w. Ci jednak, kt\u00f3rzy stwierdzili, \u017ce chc\u0105 zna\u0107 swoje prawa, wiedzie\u0107 jak zachowa\u0107 si\u0119 w r\u00f3\u017cnych sytuacjach, b\u0105d\u017a jak si\u0119 broni\u0107, postanowili stworzy\u0107 Kart\u0119 Praw Lekarza.<\/p>\n<p style=\"text-align: justify;\">\u00a0\u00a0\u00a0\u00a0\u00a0\u00a0\u00a0\u00a0\u00a0\u00a0\u00a0 Karta ta zosta\u0142a proklamowana 16 grudnia 2008 roku w Krakowie w ramach konferencji prasowej zorganizowanej przez Polskie Towarzystwo Prawa Medycznego.<br \/>\nW czternastu aktach prawnych zawarto podstawowe regulacje dotycz\u0105ce pracy lekarzy. Nie s\u0105 to nowe rozwi\u0105zania. Dokument ten to zbi\u00f3r wcze\u015bniej istniej\u0105cych praw przys\u0142uguj\u0105cym osobom pracuj\u0105cym na stanowisku lekarza. Powstanie Karty daje nadzieje na utworzenie jednego, w\u0142a\u015bciwego, ujednoliconego aktu okre\u015blaj\u0105cego w jasny spos\u00f3b zar\u00f3wno prawa jaki i obowi\u0105zki lekarzy z uwzgl\u0119dnieniem uprawnie\u0144 pacjent\u00f3w. Jej tw\u00f3rcy bazowali na zapisach zawartych w Konstytucji, Ustawie<br \/>\no Izbach Lekarskich oraz Kodeksie Etyki Lekarskiej. Za\u0142o\u017cyli te\u017c, \u017ce zapisy Karty mog\u0105 zmienia\u0107 si\u0119 wraz ze zmianami wprowadzanymi w tych publikacjach. Za\u0142o\u017cenia zawarte w karcie zosta\u0142y przedstawione Ministrowi Zdrowia oraz \u015brodowiskom lekarskim.<\/p>\n<p style=\"text-align: justify;\">\u00a0\u00a0\u00a0\u00a0\u00a0\u00a0\u00a0\u00a0\u00a0\u00a0\u00a0 Potrzeba stworzenia tego typu dokumentu powsta\u0142a z faktu, i\u017c pacjenci coraz cz\u0119\u015bciej zapominaj\u0105 o przepisach prawnych nale\u017cnym pracuj\u0105cym lekarzom. Spo\u0142ecze\u0144stwo d\u0105\u017cy do rozliczania pracownik\u00f3w medycznych z ich obowi\u0105zk\u00f3w zapominaj\u0105c, \u017ce oni te\u017c s\u0105 po prostu lud\u017ami kt\u00f3rym przys\u0142uguj\u0105 pewne przywileje. Opinia publiczna stara si\u0119 narzuci\u0107 medykom standardy post\u0119powania a lekarze chcieliby mie\u0107 ochron\u0119, kt\u00f3ra zagwarantuje im mo\u017cliwo\u015b\u0107 wyboru w zgodzie z ich w\u0142asnym sumieniem i wiedz\u0105 medyczn\u0105. Czuj\u0105 si\u0119 oni pokrzywdzeni przedstawianiem ich w mediach, jako osoby niedouczone i chciwe, kt\u00f3re w powa\u017caniu maj\u0105 zdrowie pacjenta.<\/p>\n<p style=\"text-align: justify;\">\u00a0\u00a0\u00a0\u00a0\u00a0\u00a0\u00a0\u00a0\u00a0\u00a0\u00a0 Coraz cz\u0119stsze s\u0105 agresywne reakcje chorych oraz ich rodzin wobec lekarzy pracuj\u0105cych w szpitalnych oddzia\u0142ach ratunkowych czy w pogotowiu medycznym. Wed\u0142ug statystyk ka\u017cdy z pracuj\u0105cych medyk\u00f3w, co najmniej raz w \u017cyciu, stan\u0105\u0142 w obliczu takiej sytuacji. Tw\u00f3rcy dokumentu chc\u0105 zwr\u00f3ci\u0107 uwag\u0119 na prawa przys\u0142uguj\u0105ce lekarzom i jednocze\u015bnie zobligowa\u0107 spo\u0142ecze\u0144stwo do ich przestrzegania. Lekarze odpowiadaj\u0105 za swoje decyzje podj\u0119te w pracy jak funkcjonariusze publiczni &#8211; ponosz\u0105 odpowiedzialno\u015b\u0107 karn\u0105, cywiln\u0105, zawodow\u0105 i dyscyplinarn\u0105. Mimo wymaganej od nich rzetelno\u015bci nikt nie poci\u0105ga do odpowiedzialno\u015bci pacjenta, kt\u00f3ry obrazi lekarza w pracy. Gdy taka sama sytuacja spotyka policjanta konsekwencje zostaj\u0105 wyci\u0105gni\u0119te niemal\u017ce natychmiast. Statystycznie na cztery tysi\u0105ce skarg z\u0142o\u017conych na uchybienia lekarskie do Okr\u0119gowego Rzecznika Odpowiedzialno\u015bci Zawodowej znaczna wi\u0119kszo\u015b\u0107 z nich zostaje uchylona ze wzgl\u0119du na nisk\u0105 szkodliwo\u015b\u0107 czynu.<\/p>\n<p style=\"text-align: justify;\">\u00a0\u00a0\u00a0\u00a0\u00a0\u00a0\u00a0\u00a0\u00a0\u00a0\u00a0 Ostatni poruszany aspekt to odpowiednie traktowanie lekarzy przez prokuratur\u0119 i policj\u0119, oraz media. Zdarzaj\u0105 si\u0119 sytuacje, w kt\u00f3rych organy te traktuj\u0105 lekarza medycyna jak najgorszego przest\u0119pc\u0119 i prowadz\u0105 do widowiskowych zatrzyma\u0144. W takiej sytuacji lekarz szczeg\u00f3lnie musi wiedzie\u0107 jakie prawa mu przys\u0142uguj\u0105 i jak mo\u017ce si\u0119 broni\u0107 aby w przypadku uniewinnienia m\u00f3c powr\u00f3ci\u0107 do wykonywania zawodu.<\/p>\n<p style=\"text-align: justify;\">\n","protected":false},"excerpt":{"rendered":"<p>PRAWA LEKARZA Lekarz, jako zaw\u00f3d zaufania publicznego przez lata cieszy\u0142 si\u0119 szacunkiem i zaufaniem spo\u0142ecze\u0144stwa. Ewentualne konflikty wynikaj\u0105ce z podj\u0119tych przez niego decyzji nie wymaga\u0142y odwo\u0142ywania si\u0119 do akt\u00f3w prawnych. Obecnie jednak co raz cz\u0119\u015bciej korzystanie z po\u015brednictwa s\u0105d\u00f3w okazuje si\u0119 to standardem. Liczba paragraf\u00f3w reguluj\u0105cych aspekty prawne pracy w medycynie stale ro\u015bnie. Wielu z&hellip; <br \/> <a class=\"read-more\" href=\"http:\/\/praca-medycyna.pl\/?page_id=6807\">Read more<\/a><\/p>\n","protected":false},"author":2,"featured_media":0,"parent":57,"menu_order":0,"comment_status":"closed","ping_status":"closed","template":"","meta":{"footnotes":""},"class_list":["post-6807","page","type-page","status-publish","hentry"],"_links":{"self":[{"href":"http:\/\/praca-medycyna.pl\/index.php?rest_route=\/wp\/v2\/pages\/6807","targetHints":{"allow":["GET"]}}],"collection":[{"href":"http:\/\/praca-medycyna.pl\/index.php?rest_route=\/wp\/v2\/pages"}],"about":[{"href":"http:\/\/praca-medycyna.pl\/index.php?rest_route=\/wp\/v2\/types\/page"}],"author":[{"embeddable":true,"href":"http:\/\/praca-medycyna.pl\/index.php?rest_route=\/wp\/v2\/users\/2"}],"replies":[{"embeddable":true,"href":"http:\/\/praca-medycyna.pl\/index.php?rest_route=%2Fwp%2Fv2%2Fcomments&post=6807"}],"version-history":[{"count":1,"href":"http:\/\/praca-medycyna.pl\/index.php?rest_route=\/wp\/v2\/pages\/6807\/revisions"}],"predecessor-version":[{"id":6808,"href":"http:\/\/praca-medycyna.pl\/index.php?rest_route=\/wp\/v2\/pages\/6807\/revisions\/6808"}],"up":[{"embeddable":true,"href":"http:\/\/praca-medycyna.pl\/index.php?rest_route=\/wp\/v2\/pages\/57"}],"wp:attachment":[{"href":"http:\/\/praca-medycyna.pl\/index.php?rest_route=%2Fwp%2Fv2%2Fmedia&parent=6807"}],"curies":[{"name":"wp","href":"https:\/\/api.w.org\/{rel}","templated":true}]}}