{"id":7032,"date":"2013-09-05T20:19:55","date_gmt":"2013-09-05T20:19:55","guid":{"rendered":"http:\/\/www.pracamedycyna.pl\/?page_id=7032"},"modified":"2016-02-13T14:43:24","modified_gmt":"2016-02-13T14:43:24","slug":"praca-ginekolog","status":"publish","type":"page","link":"http:\/\/praca-medycyna.pl\/?page_id=7032","title":{"rendered":"PRACA GINEKOLOG"},"content":{"rendered":"<p style=\"text-align: justify;\" align=\"center\"><strong>PRACA GINEKOLOG<\/strong><\/p>\n<p style=\"text-align: justify;\">Ginekologia jest jedn\u0105 z dziedzin medycyny. W obowi\u0105zkach lekarza specjalizuj\u0105cego si\u0119 w tym obszarze le\u017c\u0105, profilaktyka oraz leczenie schorze\u0144 \u017ce\u0144skiego uk\u0142adu p\u0142ciowego.<\/p>\n<p style=\"text-align: justify;\">Powstanie tej dziedziny si\u0119ga jeszcze staro\u017cytno\u015bci \u2013 pierwsze kobiece choroby leczono ju\u017c w XIV wieku przed nasz\u0105 er\u0105. Ginekologi\u0105 zajmowa\u0142 si\u0119 sam Hipokrates\u00a0a najwybitniejszym po\u0142o\u017cnikiem tego okresu by\u0142 Soranus z Efezu. Rozw\u00f3j ginekologii\u00a0w obecnej postaci przypada na prze\u0142om wiek\u00f3w XIX i XX. W okresie tym wprowadzono wiele nowoczesnych metod diagnozy i leczenia np. wziernikowanie, usuwanie torbieli jajnik\u00f3w, aseptyk\u0119, znieczulenie eterem oraz operacje raka szyjki macicy. W naszym kraju rozw\u00f3j wsp\u00f3\u0142czesnej ginekologii datuje si\u0119 na ten sam okres.<\/p>\n<p style=\"text-align: justify;\">Trwaj\u0105c\u0105 6,5 roku specjalizacj\u0119 po\u0142o\u017cniczo &#8211; ginekologiczn\u0105 realizowa\u0107 mog\u0105 absolwenci Wydzia\u0142u Lekarskiego, kt\u00f3rzy odbyli sta\u017c i zdali Lekarski Egzamin Pa\u0144stwowy. Miejscem pracy lekarza, w zale\u017cno\u015bci od podj\u0119tej przez niego specjalno\u015bci mo\u017ce by\u0107 prywatny gabinet, przychodnia publiczna b\u0105d\u017a szpital. Od specjalno\u015bci zale\u017cne s\u0105 te\u017c zarobki lekarza &#8211; \u00a0przekraczaj\u0105 one zazwyczaj \u015bredni\u0105 krajow\u0105. Zarobki ginekologa zatrudnionego\u00a0w kilku plac\u00f3wkach mog\u0105 przekracza\u0107 nawet 10 000 z\u0142otych miesi\u0119cznie.<\/p>\n<p style=\"text-align: justify;\">Podstawowym zadaniem osoby pracuj\u0105cej, jako lekarz ginekolog jest opieka lekarska nad kobiet\u0105 w ka\u017cdym okresie jej \u017cycia. Chodzi przede wszystkim o profilaktyk\u0119 &#8211; wykonywanie bada\u0144 przesiewowych takich jak cytologia, mammografia, USG piersi. Kiedy ju\u017c jednak pojawia si\u0119 choroba najcz\u0119stszymi dolegliwo\u015bciami, kt\u00f3rym w swojej pracy musz\u0105 stawia\u0107 czo\u0142o lekarze ginekolodzy s\u0105 <a title=\"Zaburzenia miesi\u0105czkowania\" href=\"http:\/\/pl.wikipedia.org\/wiki\/Zaburzenia_miesi%C4%85czkowania\">zaburzenia miesi\u0105czkowania<\/a>, stany zapalne\u00a0pochwy,\u00a0niep\u0142odno\u015b\u0107 czy nowotwory narz\u0105d\u00f3w rodnych. W\u015br\u00f3d pacjentek przewa\u017caj\u0105 kobiety w wieku prokreacyjnym, kt\u00f3re poszukuj\u0105 u lekarza ginekologa informacji na temat antykoncepcji i w kwestiach dotycz\u0105cych ci\u0105\u017cy &#8211; jej przebiegu, mo\u017cliwych zagro\u017ce\u0144, porodu. Ginekolog po\u0142o\u017cnik sprawuje opiek\u0119 lekarsk\u0105 nad kobietami w ci\u0105\u017cy &#8211; wykonuje niezb\u0119dne badania, ocenia stan zdrowia matki i dziecka, zleca dodatkowe badania je\u015bli zachodzi taka potrzeba. W przypadku nieprawid\u0142owego przebiegu porodu prowadzi dzia\u0142ania maj\u0105ce zapewni\u0107 ochron\u0119 matce i dziecku. Zajmuje si\u0119 tak\u017ce leczeniem chor\u00f3b, kt\u00f3re towarzysz\u0105 ci\u0105\u017cy. W okre\u015blonych przypadkach ginekolog mo\u017ce prowadzi\u0107 rehabilitacj\u0119 pacjent\u00f3w, wciela\u0107 si\u0119 w rol\u0119 eksperta w obszarze swojej specjalizacji, a tak\u017ce oficjalnie orzeka\u0107 na potrzeby instytucji i organ\u00f3w pa\u0144stwowych.<\/p>\n<p style=\"text-align: justify;\">Osoba zainteresowana prac\u0105 w charakterze ginekologa po\u0142o\u017cnika musi odznacza\u0107 si\u0119 szeregiem predyspozycji i cech personalnych, takimi jak odpowiedzialno\u015b\u0107 i cierpliwo\u015b\u0107. Delikatna materia tej medycznej dziedziny wymaga od lekarza umiej\u0119tnego podej\u015bcia do pacjenta, wymaga od niego niezwyk\u0142ej wra\u017cliwo\u015bci i wyczulenia w trakcie badania\u00a0i diagnozowania pacjentek. W zawodzie ginekologa wbrew pozorom przewa\u017caj\u0105 m\u0119\u017cczy\u017ani. Przy wyborze ginekologa, zw\u0142aszcza takiego, kt\u00f3ry ma prowadzi\u0107 ci\u0105\u017c\u0119 kobiety najcz\u0119\u015bciej kieruj\u0105 si\u0119 protekcj\u0105 kole\u017canek oraz cz\u0119sto p\u0142ci\u0105 lekarza. Ze wzgl\u0119du na intymny charakter bada\u0144 s\u0105 to wa\u017cniejsze czynniki ni\u017c renoma gabinetu, jego wystr\u00f3j, cennik czy lokalizacja.<\/p>\n","protected":false},"excerpt":{"rendered":"<p>PRACA GINEKOLOG Ginekologia jest jedn\u0105 z dziedzin medycyny. W obowi\u0105zkach lekarza specjalizuj\u0105cego si\u0119 w tym obszarze le\u017c\u0105, profilaktyka oraz leczenie schorze\u0144 \u017ce\u0144skiego uk\u0142adu p\u0142ciowego. Powstanie tej dziedziny si\u0119ga jeszcze staro\u017cytno\u015bci \u2013 pierwsze kobiece choroby leczono ju\u017c w XIV wieku przed nasz\u0105 er\u0105. Ginekologi\u0105 zajmowa\u0142 si\u0119 sam Hipokrates\u00a0a najwybitniejszym po\u0142o\u017cnikiem tego okresu by\u0142 Soranus z Efezu.&hellip; <br \/> <a class=\"read-more\" href=\"http:\/\/praca-medycyna.pl\/?page_id=7032\">Read more<\/a><\/p>\n","protected":false},"author":2,"featured_media":0,"parent":57,"menu_order":0,"comment_status":"closed","ping_status":"closed","template":"","meta":{"footnotes":""},"class_list":["post-7032","page","type-page","status-publish","hentry"],"_links":{"self":[{"href":"http:\/\/praca-medycyna.pl\/index.php?rest_route=\/wp\/v2\/pages\/7032","targetHints":{"allow":["GET"]}}],"collection":[{"href":"http:\/\/praca-medycyna.pl\/index.php?rest_route=\/wp\/v2\/pages"}],"about":[{"href":"http:\/\/praca-medycyna.pl\/index.php?rest_route=\/wp\/v2\/types\/page"}],"author":[{"embeddable":true,"href":"http:\/\/praca-medycyna.pl\/index.php?rest_route=\/wp\/v2\/users\/2"}],"replies":[{"embeddable":true,"href":"http:\/\/praca-medycyna.pl\/index.php?rest_route=%2Fwp%2Fv2%2Fcomments&post=7032"}],"version-history":[{"count":3,"href":"http:\/\/praca-medycyna.pl\/index.php?rest_route=\/wp\/v2\/pages\/7032\/revisions"}],"predecessor-version":[{"id":8940,"href":"http:\/\/praca-medycyna.pl\/index.php?rest_route=\/wp\/v2\/pages\/7032\/revisions\/8940"}],"up":[{"embeddable":true,"href":"http:\/\/praca-medycyna.pl\/index.php?rest_route=\/wp\/v2\/pages\/57"}],"wp:attachment":[{"href":"http:\/\/praca-medycyna.pl\/index.php?rest_route=%2Fwp%2Fv2%2Fmedia&parent=7032"}],"curies":[{"name":"wp","href":"https:\/\/api.w.org\/{rel}","templated":true}]}}