{"id":7035,"date":"2013-09-05T20:24:09","date_gmt":"2013-09-05T20:24:09","guid":{"rendered":"http:\/\/www.pracamedycyna.pl\/?page_id=7035"},"modified":"2016-02-16T16:50:25","modified_gmt":"2016-02-16T16:50:25","slug":"praca-w-specjalizacji-stomatologa","status":"publish","type":"page","link":"http:\/\/praca-medycyna.pl\/?page_id=7035","title":{"rendered":"Praca stomatolog"},"content":{"rendered":"<p style=\"text-align: justify;\" align=\"center\"><strong>PRACA STOMATOLOG<\/strong><\/p>\n<p style=\"text-align: justify;\">Nazwa <em>stomatologia<\/em> wywodzi si\u0119 z po\u0142\u0105czenia dw\u00f3ch greckich s\u0142\u00f3w \u2013 <em>stoma<\/em> \u2013 usta\u00a0oraz <em>logia<\/em> &#8211; wiedza, i oznacza nauk\u0119 o jamie ustnej. W Polsce powszechnie wyraz ten jest u\u017cywany zamiennie ze s\u0142owem dentysta. Przed przyst\u0105pieniem Polski do Unii Europejskiej lekarzy tej specjalno\u015bci tytu\u0142owano <em>lekarz stomatolog<\/em>. UE narzuci\u0142a nazewnictwo <em>lekarz dentysta<\/em>. Naczelna Izba Lekarska dopuszcza u\u017cywania obu form.<\/p>\n<p style=\"text-align: justify;\">Jako lekarz dentysta, zgodnie z art. 5 Ustawy z dnia 5 grudnia 1996 roku <em>O zawodach lekarza i lekarza dentysty<\/em>, pracowa\u0107 mo\u017ce osoba, kt\u00f3ra: jest obywatelem polskim lub obywatelem pa\u0144stwa b\u0119d\u0105cego cz\u0142onkiem Unii Europejskiej, posiada pe\u0142n\u0105 zdolno\u015b\u0107 do czynno\u015bci prawnych oraz stan zdrowia pozwalaj\u0105cy na wykonywanie zawodu lekarza dentysty a tak\u017ce wykazuje nienagann\u0105 postaw\u0119 etyczn\u0105. Aby wykonywa\u0107 zaw\u00f3d stomatologa legitymowa\u0107 si\u0119 trzeba dyplomem lekarza dentysty wydanym przez polsk\u0105 szko\u0142\u0119 wy\u017csz\u0105, lub dokumentem potwierdzaj\u0105cym kwalifikacje lekarza dentysty okre\u015blone w przepisach prawa Unii Europejskiej, lub dyplom lekarza dentysty wydany przez inne pa\u0144stwo ni\u017c pa\u0144stwo cz\u0142onkowskie Unii Europejskiej, o ile zosta\u0142 on uznany w Rzeczypospolitej Polskiej za wa\u017cny. Osoba taka musi r\u00f3wnie\u017c odby\u0107 sta\u017c podyplomowy i zda\u0107 Lekarsko-Dentystyczny Egzamin Pa\u0144stwowy.<\/p>\n<p style=\"text-align: justify;\">W celu odbycia sta\u017cu podyplomowego i z\u0142o\u017cenia Lekarsko &#8211; Dentystycznego Egzaminu Pa\u0144stwowego Okr\u0119gowa Rada przyznaje ograniczone prawo wykonywania zawodu lekarza dentysty, na okres nie d\u0142u\u017cszy ni\u017c 5 lat. W okresie tym lekarz sta\u017cysta pracuje pod nadzorem lekarza posiadaj\u0105cego specjalizacj\u0119. Sta\u017c podyplomowy trwa 12 miesi\u0119cy. Lekarz dentysta mo\u017ce r\u00f3wnie\u017c zrobi\u0107 specjalizacj\u0119 w okre\u015blonej dziedzinie (m. in. <a title=\"Chirurgia stomatologiczna\" href=\"http:\/\/pl.wikipedia.org\/wiki\/Chirurgia_stomatologiczna\">chirurgia stomatologiczna<\/a>, <a title=\"Chirurgia szcz\u0119kowo-twarzowa\" href=\"http:\/\/pl.wikipedia.org\/wiki\/Chirurgia_szcz%C4%99kowo-twarzowa\">chirurgia szcz\u0119kowo-twarzowa<\/a>, <a title=\"Ortodoncja\" href=\"http:\/\/pl.wikipedia.org\/wiki\/Ortodoncja\">ortodoncja<\/a>, <a title=\"Periodontologia\" href=\"http:\/\/pl.wikipedia.org\/wiki\/Periodontologia\">periodontologia<\/a>, <a title=\"Protetyka stomatologiczna\" href=\"http:\/\/pl.wikipedia.org\/wiki\/Protetyka_stomatologiczna\">protetyka stomatologiczna<\/a>, <a title=\"Stomatologia dzieci\u0119ca\" href=\"http:\/\/pl.wikipedia.org\/wiki\/Stomatologia_dzieci%C4%99ca\">stomatologia dzieci\u0119ca<\/a>, <a title=\"Stomatologia zachowawcza z endodoncj\u0105\" href=\"http:\/\/pl.wikipedia.org\/wiki\/Stomatologia_zachowawcza_z_endodoncj%C4%85\">stomatologia zachowawcza z endodoncj\u0105<\/a>).<\/p>\n<p style=\"text-align: justify;\">Stomatologia to dzia\u0142 medycyny, kt\u00f3ry zajmuje si\u0119 funkcjonowaniem, patologiami\u00a0i leczeniem\u00a0<a title=\"Z\u0119by cz\u0142owieka\" href=\"http:\/\/pl.wikipedia.org\/wiki\/Z%C4%99by_cz%C5%82owieka\">z\u0119b\u00f3w<\/a>,\u00a0<a title=\"Przyz\u0119bie\" href=\"http:\/\/pl.wikipedia.org\/wiki\/Przyz%C4%99bie\">przyz\u0119bia<\/a>,\u00a0<a title=\"J\u0119zyk (anatomia)\" href=\"http:\/\/pl.wikipedia.org\/wiki\/J%C4%99zyk_(anatomia)\">j\u0119zyka<\/a>,\u00a0<a title=\"B\u0142ona \u015bluzowa\" href=\"http:\/\/pl.wikipedia.org\/wiki\/B%C5%82ona_%C5%9Bluzowa\">b\u0142ony \u015bluzowej<\/a>\u00a0i wszystkich pozosta\u0142ych\u00a0<a title=\"Tkanka\" href=\"http:\/\/pl.wikipedia.org\/wiki\/Tkanka\">tkanek<\/a>\u00a0<a title=\"Jama ustna\" href=\"http:\/\/pl.wikipedia.org\/wiki\/Jama_ustna\">jamy ustnej<\/a>\u00a0a tak\u017ce\u00a0<a title=\"Staw skroniowo-\u017cuchwowy\" href=\"http:\/\/pl.wikipedia.org\/wiki\/Staw_skroniowo-%C5%BCuchwowy\">stawu skroniowo-\u017cuchwowego<\/a>\u00a0cz\u0142owieka. W zale\u017cno\u015bci od wybranej specjalizacji \u00a0do obowi\u0105zk\u00f3w osoby pracuj\u0105cej w tym zawodzie nale\u017ce\u0107 mog\u0105: badanie stomatologiczne pacjenta, rozmowa z nim w celu uzyskania informacji na temat stanu jego zdrowia, kierowanie na dodatkowe badania i ocena ich wynik\u00f3w, znieczulanie. Opr\u00f3cz wsp\u00f3\u0142pracy z pacjentem do obowi\u0105zk\u00f3w dentysty nale\u017cy dbanie o sprz\u0119t, kt\u00f3rego u\u017cywa, zaopatrywanie gabinetu w materia\u0142y stomatologiczne i leki oraz prowadzenie dokumentacji.<\/p>\n<p style=\"text-align: justify;\">Dodatkowymi obowi\u0105zkami jest aktywne uczestnictwo w dzia\u0142alno\u015bci promuj\u0105cej profilaktyk\u0119 leczenia z\u0119b\u00f3w i jamy ustnej. Lekarz dentysta musi si\u0119 te\u017c regularnie dokszta\u0142ca\u0107 i zdobywa\u0107 nowe umiej\u0119tno\u015bci. Przedstawiciele tej specjalno\u015bci prowadzi\u0107 mog\u0105 badania naukowe i publikowa\u0107 ich wyniki oraz szkoli\u0107 innych pracownik\u00f3w medycznych.<\/p>\n<p style=\"text-align: justify;\">Stomatolog mo\u017ce pracowa\u0107 6 &#8211; 8 godzin dziennie. Poza tym mo\u017ce pe\u0142ni\u0107 ca\u0142odobowe dy\u017cury, prowadzi\u0107 badania epidemiologiczne poza miejscem zamieszkania czy te\u017c kierowa\u0107 w\u0142asnym gabinetem. G\u0142\u00f3wnymi miejscami pracy lekarza dentysty s\u0105: Pa\u0144stwowe Zespo\u0142y Opieki Zdrowotnej, prywatne gabinety, poradnie, oraz prywatne kliniki stomatologiczne. Specjalistyczny gabinet wyposa\u017cony jest w narz\u0119dzia do obr\u00f3bki z\u0119ba, ssaki, \u015blinoci\u0105gi, asystor, w kt\u00f3rym dentysta trzyma wszystkie potrzebne w trakcie zabiegu materia\u0142y. Ponadto gabinet musi spe\u0142nia\u0107 szereg wymaga\u0144 zwi\u0105zanych z higien\u0105.<\/p>\n<p style=\"text-align: justify;\">Osoba pracuj\u0105ca w tym zawodzie powinna posiada\u0107 rozleg\u0142\u0105 wiedz\u0119 z zakresu kierunk\u00f3w medycznych, zainteresowania i zdolno\u015bci techniczne oraz plastyczne. Umiej\u0119tno\u015b\u0107 koncentracji uwagi przy jednoczesnym zachowaniu jej podzielno\u015bci. Predyspozycje psychiczne takie jak: umiej\u0119tno\u015b\u0107 pracy w szybkim tempie, odporno\u015b\u0107 emocjonalna, \u0142atwo\u015b\u0107 w nawi\u0105zywaniu kontakt\u00f3w z lud\u017ami, empatia, umiej\u0119tno\u015b\u0107 podejmowania trafnych\u00a0i szybkich decyzji, samodzielno\u015b\u0107, precyzja i dok\u0142adno\u015b\u0107, spostrzegawczo\u015b\u0107.<\/p>\n<p style=\"text-align: justify;\">Ze wzgl\u0119du na to, \u017ce dentysta przez d\u0142ugie godziny pracuje w niewygodnej pozycji na najwi\u0119ksze zm\u0119czenie wystawione s\u0105 jego r\u0119ce, wzrok i kr\u0119gos\u0142up. Dlatego bardzo istotna jest jego wydolno\u015b\u0107 fizyczna a tak\u017ce sprawne \u2013 wzrok i zmys\u0142u dotyku, du\u017ca sprawno\u015b\u0107 uk\u0142adu kostno-stawowego i mi\u0119\u015bniowego ze wzgl\u0119du na wykonywanie swojej pracy na stoj\u0105co. Wi\u0119kszo\u015b\u0107 czynno\u015bci stomatolog wykonuje w jamie ustnej pacjenta, st\u0105d szczeg\u00f3ln\u0105 uwag\u0119 musi przywi\u0105zywa\u0107 do higieny. Ta specyficzna blisko\u015b\u0107 mo\u017ce czasem wi\u0105za\u0107 si\u0119 z dyskomfortem dla lekarza.<\/p>\n","protected":false},"excerpt":{"rendered":"<p>PRACA STOMATOLOG Nazwa stomatologia wywodzi si\u0119 z po\u0142\u0105czenia dw\u00f3ch greckich s\u0142\u00f3w \u2013 stoma \u2013 usta\u00a0oraz logia &#8211; wiedza, i oznacza nauk\u0119 o jamie ustnej. W Polsce powszechnie wyraz ten jest u\u017cywany zamiennie ze s\u0142owem dentysta. Przed przyst\u0105pieniem Polski do Unii Europejskiej lekarzy tej specjalno\u015bci tytu\u0142owano lekarz stomatolog. UE narzuci\u0142a nazewnictwo lekarz dentysta. Naczelna Izba Lekarska&hellip; <br \/> <a class=\"read-more\" href=\"http:\/\/praca-medycyna.pl\/?page_id=7035\">Read more<\/a><\/p>\n","protected":false},"author":2,"featured_media":0,"parent":57,"menu_order":0,"comment_status":"closed","ping_status":"closed","template":"","meta":{"footnotes":""},"class_list":["post-7035","page","type-page","status-publish","hentry"],"_links":{"self":[{"href":"http:\/\/praca-medycyna.pl\/index.php?rest_route=\/wp\/v2\/pages\/7035","targetHints":{"allow":["GET"]}}],"collection":[{"href":"http:\/\/praca-medycyna.pl\/index.php?rest_route=\/wp\/v2\/pages"}],"about":[{"href":"http:\/\/praca-medycyna.pl\/index.php?rest_route=\/wp\/v2\/types\/page"}],"author":[{"embeddable":true,"href":"http:\/\/praca-medycyna.pl\/index.php?rest_route=\/wp\/v2\/users\/2"}],"replies":[{"embeddable":true,"href":"http:\/\/praca-medycyna.pl\/index.php?rest_route=%2Fwp%2Fv2%2Fcomments&post=7035"}],"version-history":[{"count":3,"href":"http:\/\/praca-medycyna.pl\/index.php?rest_route=\/wp\/v2\/pages\/7035\/revisions"}],"predecessor-version":[{"id":8968,"href":"http:\/\/praca-medycyna.pl\/index.php?rest_route=\/wp\/v2\/pages\/7035\/revisions\/8968"}],"up":[{"embeddable":true,"href":"http:\/\/praca-medycyna.pl\/index.php?rest_route=\/wp\/v2\/pages\/57"}],"wp:attachment":[{"href":"http:\/\/praca-medycyna.pl\/index.php?rest_route=%2Fwp%2Fv2%2Fmedia&parent=7035"}],"curies":[{"name":"wp","href":"https:\/\/api.w.org\/{rel}","templated":true}]}}