{"id":9731,"date":"2019-02-04T23:41:18","date_gmt":"2019-02-04T23:41:18","guid":{"rendered":"https:\/\/www.pracamedycyna.pl\/?page_id=9731"},"modified":"2019-02-04T23:49:47","modified_gmt":"2019-02-04T23:49:47","slug":"platnosci-online","status":"publish","type":"page","link":"http:\/\/praca-medycyna.pl\/?page_id=9731","title":{"rendered":"P\u0141ATNO\u015aCI ON-LINE"},"content":{"rendered":"\n<p>P\u0142atno\u015b\u0107 ON-LINE &#8211; wybierz ilo\u015b\u0107 og\u0142osze\u0144<\/p>\n\n\n\n<figure class=\"wp-block-embed is-type-rich is-provider-oferty-pracy-w-medycynie\"><div class=\"wp-block-embed__wrapper\">\nhttps:\/\/www.pracamedycyna.pl\/produkt\/ogloszenie-standard-na-90-dni\/\n<\/div><\/figure>\n\n\n\n<figure class=\"wp-block-embed is-type-rich is-provider-oferty-pracy-w-medycynie\"><div class=\"wp-block-embed__wrapper\">\nhttps:\/\/www.pracamedycyna.pl\/produkt\/pakiet-2-ogloszen-standard\/\n<\/div><\/figure>\n","protected":false},"excerpt":{"rendered":"<p>P\u0142atno\u015b\u0107 ON-LINE &#8211; wybierz ilo\u015b\u0107 og\u0142osze\u0144<\/p>\n","protected":false},"author":1,"featured_media":0,"parent":0,"menu_order":0,"comment_status":"closed","ping_status":"closed","template":"","meta":{"footnotes":""},"class_list":["post-9731","page","type-page","status-publish","hentry"],"_links":{"self":[{"href":"http:\/\/praca-medycyna.pl\/index.php?rest_route=\/wp\/v2\/pages\/9731","targetHints":{"allow":["GET"]}}],"collection":[{"href":"http:\/\/praca-medycyna.pl\/index.php?rest_route=\/wp\/v2\/pages"}],"about":[{"href":"http:\/\/praca-medycyna.pl\/index.php?rest_route=\/wp\/v2\/types\/page"}],"author":[{"embeddable":true,"href":"http:\/\/praca-medycyna.pl\/index.php?rest_route=\/wp\/v2\/users\/1"}],"replies":[{"embeddable":true,"href":"http:\/\/praca-medycyna.pl\/index.php?rest_route=%2Fwp%2Fv2%2Fcomments&post=9731"}],"version-history":[{"count":4,"href":"http:\/\/praca-medycyna.pl\/index.php?rest_route=\/wp\/v2\/pages\/9731\/revisions"}],"predecessor-version":[{"id":9747,"href":"http:\/\/praca-medycyna.pl\/index.php?rest_route=\/wp\/v2\/pages\/9731\/revisions\/9747"}],"wp:attachment":[{"href":"http:\/\/praca-medycyna.pl\/index.php?rest_route=%2Fwp%2Fv2%2Fmedia&parent=9731"}],"curies":[{"name":"wp","href":"https:\/\/api.w.org\/{rel}","templated":true}]}}